{"id":35992,"date":"2021-06-11T09:33:20","date_gmt":"2021-06-11T07:33:20","guid":{"rendered":"https:\/\/fevdi-nuclear.com\/?page_id=35992"},"modified":"2024-06-05T15:46:09","modified_gmt":"2024-06-05T13:46:09","slug":"partenaires","status":"publish","type":"page","link":"https:\/\/fevdi-nuclear.com\/zh\/partenaires\/","title":{"rendered":"\u6211\u4eec\u7684\u5408\u4f5c\u4f19\u4f34"},"content":{"rendered":"<p>[et_pb_section fb_built=\"1\" _builder_version=\"4.16\" background_enable_color=\"off\" use_background_color_gradient=\"on\" background_color_gradient_direction=\"90deg\" background_color_gradient_stops=\"rgba(0,75,112,0.6) 65%|rgba(0,0,0,0) 65%\" background_color_gradient_overlays_image=\"on\" background_color_gradient_start=\"rgba(0,75,112,0.6)\" background_color_gradient_start_position=\"65%\" background_color_gradient_end=\"rgba(0,0,0,0)\" background_color_gradient_end_position=\"65%\" background_image=\"https:\/\/fevdi-nuclear.com\/wp-content\/uploads\/2021\/06\/coude.jpg\" background_position=\"bottom_center\" global_colors_info=\"{}\"][et_pb_row column_structure=\"1_2,1_2\" _builder_version=\"4.16\" background_enable_image=\"off\" background_size=\"contain\" background_position=\"center_right\" height=\"250px\" global_colors_info=\"{}\"][et_pb_column type=\"1_2\" _builder_version=\"4.16\" global_colors_info=\"{}\"][et_pb_text admin_label=\"Nous contacter\" _builder_version=\"4.16\" header_font=\"|700||on|||||\" header_text_align=\"left\" header_text_color=\"#ffffff\" header_font_size=\"45px\" custom_margin=\"10%||||false|false\" header_font_size_tablet=\"\" header_font_size_phone=\"30px\" header_font_size_last_edited=\"on|phone\" global_colors_info=\"{}\"]<\/p>\n<h1>NOS PARTENAIRES<\/h1>\n<p>[\/et_pb_text][et_pb_divider color=\"#ffffff\" divider_weight=\"9px\" _builder_version=\"4.16\" width=\"15%\" module_alignment=\"left\" global_colors_info=\"{}\"][\/et_pb_divider][\/et_pb_column][et_pb_column type=\"1_2\" _builder_version=\"4.16\" global_colors_info=\"{}\"][et_pb_image src=\"https:\/\/fevdi-nuclear.com\/wp-content\/uploads\/2019\/12\/anneaux-gris.png\" title_text=\"anneaux-gris\" _builder_version=\"4.16\" width=\"40%\" module_alignment=\"left\" global_colors_info=\"{}\"][\/et_pb_image][\/et_pb_column][\/et_pb_row][\/et_pb_section][et_pb_section fb_built=\"1\" _builder_version=\"4.16\" global_colors_info=\"{}\"][et_pb_row column_structure=\"1_2,1_2\" admin_label=\"Ligne\" _builder_version=\"4.16\" global_colors_info=\"{}\"][et_pb_column type=\"1_2\" _builder_version=\"4.16\" global_colors_info=\"{}\"][et_pb_text admin_label=\"Vous souhaitez en savoir plus ...\" _builder_version=\"4.16\" header_5_font=\"|600|||||||\" header_5_text_color=\"#1F2744\" header_5_font_size=\"30px\" width=\"99.9%\" global_colors_info=\"{}\"]<\/p>\n<h5 style=\"text-align: justify\"><span style=\"font-size: x-large\">Nos partenaires institutionnelles<\/span><\/h5>\n<p>[\/et_pb_text][et_pb_text admin_label=\"Vous souhaitez en savoir plus ...\" _builder_version=\"4.16\" text_text_color=\"#1F2744\" text_font_size=\"20px\" header_5_font=\"|600|||||||\" header_5_text_color=\"#004b70\" header_5_font_size=\"30px\" global_colors_info=\"{}\"]<\/p>\n<p style=\"text-align: justify\">FEVDI b\u00e9n\u00e9ficie d'un soutien de la r\u00e9gion <a href=\"https:\/\/www.auvergnerhonealpes.fr\/\"><span style=\"color: #003770\"><strong>Auvergne-Rh\u00f4ne-Alpes<\/strong><\/span><\/a> dans son d\u00e9veloppement.<\/p>\n<p style=\"text-align: justify\">\n<p>&nbsp;<\/p>\n<p style=\"text-align: justify\">FEVDI a \u00e9t\u00e9 laur\u00e9ate du plan <span style=\"color: #000080\"><strong><a style=\"color: #000080\" href=\"https:\/\/www.entreprises.gouv.fr\/fr\/actualites\/france-relance\/13-nouveaux-laureats-pour-volet-nuclaire-de-l-aap-france-relance\">France Relance<\/a><\/strong><\/span>, un fond de soutien pour l\u2019innovation dans le secteur nucl\u00e9aire en France.<\/p>\n<p>[\/et_pb_text][\/et_pb_column][et_pb_column type=\"1_2\" _builder_version=\"4.16\" _module_preset=\"default\" global_colors_info=\"{}\"][et_pb_image src=\"https:\/\/fevdi-nuclear.com\/wp-content\/uploads\/2021\/06\/1394_749_Visuel-Logo-Region-2020.png\" alt=\"logo AURA\" title_text=\"1394_749_Visuel-Logo-Region-2020\" url=\"https:\/\/www.auvergnerhonealpes.fr\/\" align=\"center\" _builder_version=\"4.16\" _module_preset=\"default\" global_colors_info=\"{}\"][\/et_pb_image][et_pb_image src=\"https:\/\/fevdi-nuclear.com\/wp-content\/uploads\/2021\/08\/France-Relance.jpg\" title_text=\"France-Relance\" align=\"center\" _builder_version=\"4.16\" _module_preset=\"default\" global_colors_info=\"{}\"][\/et_pb_image][\/et_pb_column][\/et_pb_row][\/et_pb_section][et_pb_section fb_built=\"1\" admin_label=\"footer\" _builder_version=\"4.3.2\" background_color=\"#004b70\" background_image=\"https:\/\/fevdi-nuclear.com\/wp-content\/uploads\/2019\/09\/anneaux-blancs.png\" background_size=\"contain\" background_position=\"center_right\" custom_margin=\"||0px||false|false\" custom_padding=\"38px||20px||false|false\" global_module=\"28050\" saved_tabs=\"all\" collapsed=\"off\" global_colors_info=\"{}\"][et_pb_row column_structure=\"1_3,1_3,1_3\" use_custom_gutter=\"on\" gutter_width=\"2\" make_equal=\"on\" _builder_version=\"4.22.1\" background_color=\"RGBA(0,0,0,0)\" width=\"100%\" custom_margin=\"0px||0px||false|false\" custom_margin_tablet=\"1rem|2rem|2rem|1rem|false|false\" custom_margin_phone=\"\" custom_margin_last_edited=\"on|desktop\" custom_padding=\"0px||0px||false|false\" global_colors_info=\"{}\"][et_pb_column type=\"1_3\" disabled_on=\"off|off|off\" _builder_version=\"4.22.1\" global_colors_info=\"{}\"][et_pb_image src=\"https:\/\/fevdi-nuclear.com\/wp-content\/uploads\/2019\/10\/Fichier-1.png\" _builder_version=\"4.22.1\" width=\"55%\" width_tablet=\"20%\" width_phone=\"30%\" width_last_edited=\"on|phone\" global_colors_info=\"{}\"][\/et_pb_image][et_pb_social_media_follow _builder_version=\"4.22.1\" _module_preset=\"default\" text_orientation=\"left\" global_colors_info=\"{}\"][et_pb_social_media_follow_network social_network=\"linkedin\" url=\"https:\/\/www.linkedin.com\/company\/fevdi\/\" _builder_version=\"4.22.1\" _module_preset=\"default\" background_color=\"#007bb6\" global_colors_info=\"{}\" follow_button=\"off\" url_new_window=\"on\"]linkedin[\/et_pb_social_media_follow_network][et_pb_social_media_follow_network social_network=\"youtube\" url=\"https:\/\/www.youtube.com\/channel\/UCBCRjrJOqpsQksdZiP5Z1fg\" _builder_version=\"4.22.1\" _module_preset=\"default\" background_color=\"#a82400\" global_colors_info=\"{}\" follow_button=\"off\" url_new_window=\"on\"]youtube[\/et_pb_social_media_follow_network][\/et_pb_social_media_follow][\/et_pb_column][et_pb_column type=\"1_3\" _builder_version=\"4.16\" global_colors_info=\"{}\"][et_pb_text _builder_version=\"4.22.1\" text_text_color=\"#ffffff\" custom_margin=\"||||false|false\" custom_padding=\"||0px|||\" global_colors_info=\"{}\"]<\/p>\n<p><span style=\"color: #ffffff\">24 rue Louis Pradel<\/span><br \/><span style=\"color: #ffffff\">BP 365<\/span><br \/><span style=\"color: #ffffff\">69969 CORBAS CEDEX<\/span><br \/><span style=\"color: #ffffff\">France<\/span><\/p>\n<p><span style=\"color: #ffffff\">+33(0)4 78 20 53 35<\/span><br \/><a href=\"mailto:contact@fevdi-nuclear.com\"><span style=\"color: #ffffff\">contact@fevdi-nuclear.com<\/span><\/a><\/p>\n<p>[\/et_pb_text][et_pb_button button_url=\"\/contact\" button_text=\"nous contacter\" _builder_version=\"4.16\" custom_button=\"on\" button_text_size=\"14px\" button_text_color=\"#ffffff\" button_bg_color=\"#189b73\" button_border_width=\"0px\" button_border_color=\"#ffffff\" button_font=\"|||on|||||\" custom_padding=\"1%|7%|1%|7%|false|false\" global_colors_info=\"{}\"][\/et_pb_button][\/et_pb_column][et_pb_column type=\"1_3\" _builder_version=\"4.16\" global_colors_info=\"{}\"][dsm_menu submenu_collapse=\"on\" list_style_type=\"none\" submenu_arrow_color=\"#FFFFFF\" disabled_on=\"on|on|off\" _builder_version=\"4.22.1\" sub_menu_text_color=\"#FFFFFF\" background_color=\"RGBA(0,0,0,0)\" global_colors_info=\"{}\"][\/dsm_menu][\/et_pb_column][\/et_pb_row][\/et_pb_section]<\/p>","protected":false},"excerpt":{"rendered":"<p>NOS PARTENAIRES Nos partenaires institutionnelles FEVDI b\u00e9n\u00e9ficie d&rsquo;un soutien de la r\u00e9gion Auvergne-Rh\u00f4ne-Alpes dans son d\u00e9veloppement. &nbsp; FEVDI a \u00e9t\u00e9 laur\u00e9ate du plan France Relance, un fond de soutien pour l\u2019innovation dans le secteur nucl\u00e9aire en France.24 rue Louis PradelBP 36569969 CORBAS CEDEXFrance +33(0)4 78 20 53 35contact@fevdi-nuclear.com<div class=\"et_pb_module dsm_menu dsm_menu_0  et_pb_text_align_left et_pb_bg_layout_light\">\n\t\t\t\t\n\t\t\t\t\n\t\t\t\t\n\t\t\t\t\n\t\t\t\t\n\t\t\t\t\n\t\t\t\t<div class=\"et_pb_module_inner\">\n\t\t\t\t\t<nav class=\"dsm-menu-container\" role=\"navigation\" itemscope itemtype=\"http:\/\/schema.org\/SiteNavigationElement\"><ul id=\"menu-menu-principal\" class=\"dsm-menu dsm-menu-style-type-\u00bbnone dsm-menu-layout-vertical\"><li id=\"menu-item-28093\" class=\"et_pb_menu_page_id-home menu-item menu-item-type-post_type menu-item-object-page menu-item-home menu-item-28093\"><a href=\"https:\/\/fevdi-nuclear.com\/zh\/\" itemprop=\"url\"><span itemprop=\"name\">\u9996\u9875<\/span><\/a><\/li>\n<li id=\"menu-item-28091\" class=\"et_pb_menu_page_id-28059 menu-item menu-item-type-post_type menu-item-object-page menu-item-28091\"><a href=\"https:\/\/fevdi-nuclear.com\/zh\/qui-sommes-nous\/\" itemprop=\"url\"><span itemprop=\"name\">\u5173\u4e8e\u6211\u4eec<\/span><\/a><\/li>\n<li id=\"menu-item-35857\" class=\"et_pb_menu_page_id-35842 menu-item menu-item-type-post_type menu-item-object-page menu-item-35857\"><a href=\"https:\/\/fevdi-nuclear.com\/zh\/applications-nucleaires-et-nrbce\/\" itemprop=\"url\"><span itemprop=\"name\">\u5e94\u7528<\/span><\/a><\/li>\n<li id=\"menu-item-35507\" class=\"et_pb_menu_page_id-28053 menu-item menu-item-type-post_type menu-item-object-page menu-item-has-children menu-item-35507\"><a href=\"https:\/\/fevdi-nuclear.com\/zh\/nos-solutions-de-decontamination-nucleaires\/\" itemprop=\"url\"><span itemprop=\"name\">\u4ea7\u54c1<\/span><\/a>\n<ul class=\"sub-menu\">\n\t<li id=\"menu-item-30423\" class=\"et_pb_menu_page_id-30418 menu-item menu-item-type-post_type menu-item-object-page menu-item-30423\"><a href=\"https:\/\/fevdi-nuclear.com\/zh\/produits-de-decontamination-en-zone-controlee\/\" itemprop=\"url\"><span itemprop=\"name\">\u63a7\u5236\u533a\u7684\u53bb\u6c61\u4ea7\u54c1<\/span><\/a><\/li>\n\t<li id=\"menu-item-30388\" class=\"et_pb_menu_page_id-30378 menu-item menu-item-type-post_type menu-item-object-page menu-item-30388\"><a href=\"https:\/\/fevdi-nuclear.com\/zh\/produits-dentretien\/\" itemprop=\"url\"><span itemprop=\"name\">\u63a7\u5236\u533a\u5916\u7684\u6e05\u6d01\u4ea7\u54c1<\/span><\/a><\/li>\n\t<li id=\"menu-item-28813\" class=\"et_pb_menu_page_id-28810 menu-item menu-item-type-post_type menu-item-object-page menu-item-28813\"><a href=\"https:\/\/fevdi-nuclear.com\/zh\/materiels-dapplication\/\" itemprop=\"url\"><span itemprop=\"name\">\u55b7\u6d82\u8bbe\u5907<\/span><\/a><\/li>\n<\/ul>\n<\/li>\n<li id=\"menu-item-35020\" class=\"et_pb_menu_page_id-35020 menu-item menu-item-type-custom menu-item-object-custom menu-item-has-children menu-item-35020\"><a itemprop=\"url\"><span itemprop=\"name\">\u4e0b\u8f7d\u8bf4\u660e<\/span><\/a>\n<ul class=\"sub-menu\">\n\t<li id=\"menu-item-33444\" class=\"et_pb_menu_page_id-33440 menu-item menu-item-type-post_type menu-item-object-page menu-item-33444\"><a href=\"https:\/\/fevdi-nuclear.com\/zh\/catalogue\/\" itemprop=\"url\"><span itemprop=\"name\">\u4ea7\u54c1\u76ee\u5f55<\/span><\/a><\/li>\n\t<li id=\"menu-item-35040\" class=\"et_pb_menu_page_id-35001 menu-item menu-item-type-post_type menu-item-object-page menu-item-35040\"><a href=\"https:\/\/fevdi-nuclear.com\/zh\/membership-page\/\" itemprop=\"url\"><span itemprop=\"name\">\u8d26\u6237\u8bbf\u95ee<\/span><\/a><\/li>\n<\/ul>\n<\/li>\n<li id=\"menu-item-28088\" class=\"et_pb_menu_page_id-28071 menu-item menu-item-type-post_type menu-item-object-page menu-item-28088\"><a href=\"https:\/\/fevdi-nuclear.com\/zh\/fevdi\/news-et-actualites-de-fevdi-nuclear\/\" itemprop=\"url\"><span itemprop=\"name\">\u65b0\u95fb\u516c\u544a<\/span><\/a><\/li>\n<li id=\"menu-item-35997\" class=\"et_pb_menu_page_id-35992 menu-item menu-item-type-post_type menu-item-object-page menu-item-35997\"><a href=\"https:\/\/fevdi-nuclear.com\/zh\/partenaires\/\" itemprop=\"url\"><span itemprop=\"name\">\u6211\u4eec\u7684\u5408\u4f5c\u4f19\u4f34<\/span><\/a><\/li>\n<li id=\"menu-item-28087\" class=\"et_pb_menu_page_id-28073 menu-item menu-item-type-post_type menu-item-object-page menu-item-28087\"><a href=\"https:\/\/fevdi-nuclear.com\/zh\/contact\/\" itemprop=\"url\"><span itemprop=\"name\">\u8054\u7cfb\u6211\u4eec<\/span><\/a><\/li>\n<li id=\"menu-item-36747\" class=\"et_pb_menu_page_id-36747 menu-item menu-item-type-custom menu-item-object-custom menu-item-36747\"><a href=\"\/request-quote\" itemprop=\"url\"><span itemprop=\"name\">\u6211\u7684\u5f15\u7528<\/span><\/a><\/li>\n<\/ul><\/nav>\n\t\t\t\t<\/div>\n\t\t\t<\/div><\/p>","protected":false},"author":8,"featured_media":0,"parent":0,"menu_order":0,"comment_status":"closed","ping_status":"closed","template":"","meta":{"_et_pb_use_builder":"on","_et_pb_old_content":"","_et_gb_content_width":"","footnotes":""},"class_list":["post-35992","page","type-page","status-publish","hentry"],"yoast_head":"<!-- This site is optimized with the Yoast SEO plugin v27.4 - https:\/\/yoast.com\/product\/yoast-seo-wordpress\/ -->\n<title>Nos partenaires - Fevdi Nuclear Expert<\/title>\n<meta name=\"description\" content=\"D\u00e9couvrez nos partenaires de confiance qui soutiennent notre mission. Nous offrons des solutions pour r\u00e9pondre \u00e0 vos besoins.\" \/>\n<meta name=\"robots\" content=\"index, follow, max-snippet:-1, max-image-preview:large, max-video-preview:-1\" \/>\n<link rel=\"canonical\" href=\"https:\/\/fevdi-nuclear.com\/zh\/partenaires\/\" \/>\n<meta property=\"og:locale\" content=\"zh_CN\" \/>\n<meta property=\"og:type\" content=\"article\" \/>\n<meta property=\"og:title\" content=\"D\u00e9couvrez Nos Partenaires de Confiance\" \/>\n<meta property=\"og:description\" content=\"Nos partenariats strat\u00e9giques renforcent notre engagement envers la qualit\u00e9 de nos produits et services. Ensemble, nous innovons et servons au mieux nos clients. D\u00e9couvrez comment nos collaborations b\u00e9n\u00e9ficient \u00e0 votre exp\u00e9rience\" \/>\n<meta property=\"og:url\" content=\"https:\/\/fevdi-nuclear.com\/zh\/partenaires\/\" \/>\n<meta property=\"og:site_name\" content=\"Fevdi Nuclear Expert\" \/>\n<meta property=\"article:modified_time\" content=\"2024-06-05T13:46:09+00:00\" \/>\n<meta property=\"og:image\" content=\"https:\/\/fevdi-nuclear.com\/wp-content\/uploads\/2023\/09\/partner-1.png\" \/>\n\t<meta property=\"og:image:width\" content=\"1200\" \/>\n\t<meta property=\"og:image:height\" content=\"640\" \/>\n\t<meta property=\"og:image:type\" content=\"image\/png\" \/>\n<meta name=\"twitter:card\" content=\"summary_large_image\" \/>\n<meta name=\"twitter:title\" content=\"D\u00e9couvrez Nos Partenaires de Confiance\" \/>\n<meta name=\"twitter:description\" content=\"Nos partenariats strat\u00e9giques renforcent notre engagement envers la qualit\u00e9 de nos produits et services. Ensemble, nous innovons et servons au mieux nos clients. D\u00e9couvrez comment nos collaborations b\u00e9n\u00e9ficient \u00e0 votre exp\u00e9rience\" \/>\n<meta name=\"twitter:image\" content=\"https:\/\/fevdi-nuclear.com\/wp-content\/uploads\/2023\/09\/partner-1.png\" \/>\n<meta name=\"twitter:label1\" content=\"\u9884\u8ba1\u9605\u8bfb\u65f6\u95f4\" \/>\n\t<meta name=\"twitter:data1\" content=\"2 \u5206\" \/>\n<script type=\"application\/ld+json\" class=\"yoast-schema-graph\">{\"@context\":\"https:\\\/\\\/schema.org\",\"@graph\":[{\"@type\":\"WebPage\",\"@id\":\"https:\\\/\\\/fevdi-nuclear.com\\\/partenaires\\\/\",\"url\":\"https:\\\/\\\/fevdi-nuclear.com\\\/partenaires\\\/\",\"name\":\"Nos partenaires - Fevdi Nuclear Expert\",\"isPartOf\":{\"@id\":\"https:\\\/\\\/fevdi-nuclear.com\\\/zh\\\/#website\"},\"datePublished\":\"2021-06-11T07:33:20+00:00\",\"dateModified\":\"2024-06-05T13:46:09+00:00\",\"description\":\"D\u00e9couvrez nos partenaires de confiance qui soutiennent notre mission. Nous offrons des solutions pour r\u00e9pondre \u00e0 vos besoins.\",\"breadcrumb\":{\"@id\":\"https:\\\/\\\/fevdi-nuclear.com\\\/partenaires\\\/#breadcrumb\"},\"inLanguage\":\"zh-Hans\",\"potentialAction\":[{\"@type\":\"ReadAction\",\"target\":[\"https:\\\/\\\/fevdi-nuclear.com\\\/partenaires\\\/\"]}]},{\"@type\":\"BreadcrumbList\",\"@id\":\"https:\\\/\\\/fevdi-nuclear.com\\\/partenaires\\\/#breadcrumb\",\"itemListElement\":[{\"@type\":\"ListItem\",\"position\":1,\"name\":\"Accueil\",\"item\":\"https:\\\/\\\/fevdi-nuclear.com\\\/\"},{\"@type\":\"ListItem\",\"position\":2,\"name\":\"Nos partenaires\"}]},{\"@type\":\"WebSite\",\"@id\":\"https:\\\/\\\/fevdi-nuclear.com\\\/zh\\\/#website\",\"url\":\"https:\\\/\\\/fevdi-nuclear.com\\\/zh\\\/\",\"name\":\"Fevdi Nuclear Expert\",\"description\":\"Expert en d\u00e9contamination nucl\u00e9aire\",\"publisher\":{\"@id\":\"https:\\\/\\\/fevdi-nuclear.com\\\/zh\\\/#organization\"},\"potentialAction\":[{\"@type\":\"SearchAction\",\"target\":{\"@type\":\"EntryPoint\",\"urlTemplate\":\"https:\\\/\\\/fevdi-nuclear.com\\\/zh\\\/?s={search_term_string}\"},\"query-input\":{\"@type\":\"PropertyValueSpecification\",\"valueRequired\":true,\"valueName\":\"search_term_string\"}}],\"inLanguage\":\"zh-Hans\"},{\"@type\":\"Organization\",\"@id\":\"https:\\\/\\\/fevdi-nuclear.com\\\/zh\\\/#organization\",\"name\":\"Fevdi\",\"url\":\"https:\\\/\\\/fevdi-nuclear.com\\\/zh\\\/\",\"logo\":{\"@type\":\"ImageObject\",\"inLanguage\":\"zh-Hans\",\"@id\":\"https:\\\/\\\/fevdi-nuclear.com\\\/zh\\\/#\\\/schema\\\/logo\\\/image\\\/\",\"url\":\"https:\\\/\\\/fevdi-nuclear.com\\\/wp-content\\\/uploads\\\/2020\\\/01\\\/FEVDI-logo@512.png\",\"contentUrl\":\"https:\\\/\\\/fevdi-nuclear.com\\\/wp-content\\\/uploads\\\/2020\\\/01\\\/FEVDI-logo@512.png\",\"width\":512,\"height\":512,\"caption\":\"Fevdi\"},\"image\":{\"@id\":\"https:\\\/\\\/fevdi-nuclear.com\\\/zh\\\/#\\\/schema\\\/logo\\\/image\\\/\"}}]}<\/script>\n<!-- \/ Yoast SEO plugin. -->","yoast_head_json":{"title":"Nos partenaires - Fevdi Nuclear Expert","description":"D\u00e9couvrez nos partenaires de confiance qui soutiennent notre mission. Nous offrons des solutions pour r\u00e9pondre \u00e0 vos besoins.","robots":{"index":"index","follow":"follow","max-snippet":"max-snippet:-1","max-image-preview":"max-image-preview:large","max-video-preview":"max-video-preview:-1"},"canonical":"https:\/\/fevdi-nuclear.com\/zh\/partenaires\/","og_locale":"zh_CN","og_type":"article","og_title":"D\u00e9couvrez Nos Partenaires de Confiance","og_description":"Nos partenariats strat\u00e9giques renforcent notre engagement envers la qualit\u00e9 de nos produits et services. Ensemble, nous innovons et servons au mieux nos clients. D\u00e9couvrez comment nos collaborations b\u00e9n\u00e9ficient \u00e0 votre exp\u00e9rience","og_url":"https:\/\/fevdi-nuclear.com\/zh\/partenaires\/","og_site_name":"Fevdi Nuclear Expert","article_modified_time":"2024-06-05T13:46:09+00:00","og_image":[{"width":1200,"height":640,"url":"https:\/\/fevdi-nuclear.com\/wp-content\/uploads\/2023\/09\/partner-1.png","type":"image\/png"}],"twitter_card":"summary_large_image","twitter_title":"D\u00e9couvrez Nos Partenaires de Confiance","twitter_description":"Nos partenariats strat\u00e9giques renforcent notre engagement envers la qualit\u00e9 de nos produits et services. Ensemble, nous innovons et servons au mieux nos clients. D\u00e9couvrez comment nos collaborations b\u00e9n\u00e9ficient \u00e0 votre exp\u00e9rience","twitter_image":"https:\/\/fevdi-nuclear.com\/wp-content\/uploads\/2023\/09\/partner-1.png","twitter_misc":{"\u9884\u8ba1\u9605\u8bfb\u65f6\u95f4":"2 \u5206"},"schema":{"@context":"https:\/\/schema.org","@graph":[{"@type":"WebPage","@id":"https:\/\/fevdi-nuclear.com\/partenaires\/","url":"https:\/\/fevdi-nuclear.com\/partenaires\/","name":"Nos partenaires - Fevdi Nuclear Expert","isPartOf":{"@id":"https:\/\/fevdi-nuclear.com\/zh\/#website"},"datePublished":"2021-06-11T07:33:20+00:00","dateModified":"2024-06-05T13:46:09+00:00","description":"D\u00e9couvrez nos partenaires de confiance qui soutiennent notre mission. Nous offrons des solutions pour r\u00e9pondre \u00e0 vos besoins.","breadcrumb":{"@id":"https:\/\/fevdi-nuclear.com\/partenaires\/#breadcrumb"},"inLanguage":"zh-Hans","potentialAction":[{"@type":"ReadAction","target":["https:\/\/fevdi-nuclear.com\/partenaires\/"]}]},{"@type":"BreadcrumbList","@id":"https:\/\/fevdi-nuclear.com\/partenaires\/#breadcrumb","itemListElement":[{"@type":"ListItem","position":1,"name":"Accueil","item":"https:\/\/fevdi-nuclear.com\/"},{"@type":"ListItem","position":2,"name":"Nos partenaires"}]},{"@type":"WebSite","@id":"https:\/\/fevdi-nuclear.com\/zh\/#website","url":"https:\/\/fevdi-nuclear.com\/zh\/","name":"Fevdi Nuclear Expert","description":"Expert en d\u00e9contamination nucl\u00e9aire","publisher":{"@id":"https:\/\/fevdi-nuclear.com\/zh\/#organization"},"potentialAction":[{"@type":"SearchAction","target":{"@type":"EntryPoint","urlTemplate":"https:\/\/fevdi-nuclear.com\/zh\/?s={search_term_string}"},"query-input":{"@type":"PropertyValueSpecification","valueRequired":true,"valueName":"search_term_string"}}],"inLanguage":"zh-Hans"},{"@type":"Organization","@id":"https:\/\/fevdi-nuclear.com\/zh\/#organization","name":"Fevdi","url":"https:\/\/fevdi-nuclear.com\/zh\/","logo":{"@type":"ImageObject","inLanguage":"zh-Hans","@id":"https:\/\/fevdi-nuclear.com\/zh\/#\/schema\/logo\/image\/","url":"https:\/\/fevdi-nuclear.com\/wp-content\/uploads\/2020\/01\/FEVDI-logo@512.png","contentUrl":"https:\/\/fevdi-nuclear.com\/wp-content\/uploads\/2020\/01\/FEVDI-logo@512.png","width":512,"height":512,"caption":"Fevdi"},"image":{"@id":"https:\/\/fevdi-nuclear.com\/zh\/#\/schema\/logo\/image\/"}}]}},"_links":{"self":[{"href":"https:\/\/fevdi-nuclear.com\/zh\/wp-json\/wp\/v2\/pages\/35992","targetHints":{"allow":["GET"]}}],"collection":[{"href":"https:\/\/fevdi-nuclear.com\/zh\/wp-json\/wp\/v2\/pages"}],"about":[{"href":"https:\/\/fevdi-nuclear.com\/zh\/wp-json\/wp\/v2\/types\/page"}],"author":[{"embeddable":true,"href":"https:\/\/fevdi-nuclear.com\/zh\/wp-json\/wp\/v2\/users\/8"}],"replies":[{"embeddable":true,"href":"https:\/\/fevdi-nuclear.com\/zh\/wp-json\/wp\/v2\/comments?post=35992"}],"version-history":[{"count":3,"href":"https:\/\/fevdi-nuclear.com\/zh\/wp-json\/wp\/v2\/pages\/35992\/revisions"}],"predecessor-version":[{"id":36692,"href":"https:\/\/fevdi-nuclear.com\/zh\/wp-json\/wp\/v2\/pages\/35992\/revisions\/36692"}],"wp:attachment":[{"href":"https:\/\/fevdi-nuclear.com\/zh\/wp-json\/wp\/v2\/media?parent=35992"}],"curies":[{"name":"wp","href":"https:\/\/api.w.org\/{rel}","templated":true}]}}