{"id":30418,"date":"2019-12-16T10:10:23","date_gmt":"2019-12-16T10:10:23","guid":{"rendered":"https:\/\/fevdi-nuclear.com\/?page_id=30418"},"modified":"2024-09-27T14:29:17","modified_gmt":"2024-09-27T12:29:17","slug":"produits-de-decontamination-en-zone-controlee","status":"publish","type":"page","link":"https:\/\/fevdi-nuclear.com\/zh\/produits-de-decontamination-en-zone-controlee\/","title":{"rendered":"\u63a7\u5236\u533a\u7684\u53bb\u6c61\u4ea7\u54c1"},"content":{"rendered":"<p>[et_pb_section fb_built=\"1\" _builder_version=\"4.16\" background_color=\"#d3163b\" background_image=\"https:\/\/fevdi-nuclear.com\/wp-content\/uploads\/2019\/12\/anneaux-gris.png\" background_size=\"contain\" background_position=\"top_right\" background_last_edited=\"on|phone\" background_enable_image_phone=\"off\" background_size_phone=\"contain\" background_position_phone=\"center\" background_blend_phone=\"luminosity\" global_colors_info=\"{}\"][et_pb_row column_structure=\"1_2,1_2\" _builder_version=\"4.16\" height=\"300px\" global_colors_info=\"{}\"][et_pb_column type=\"1_2\" _builder_version=\"4.16\" global_colors_info=\"{}\"][et_pb_text admin_label=\"Produits de d\u00e9contamination en zone contr\u00f4l\u00e9e\" _builder_version=\"4.16\" header_font=\"|700||on|||||\" header_text_color=\"#ffffff\" header_font_size=\"50px\" header_line_height=\"1.1em\" header_font_size_tablet=\"\" header_font_size_phone=\"30px\" header_font_size_last_edited=\"on|tablet\" global_colors_info=\"{}\"]<\/p>\n<h1>Produits de d\u00e9contamination en zone contr\u00f4l\u00e9e<\/h1>\n<p>[\/et_pb_text][et_pb_divider color=\"#ffffff\" divider_weight=\"9px\" divider_weight_tablet=\"\" divider_weight_phone=\"\" divider_weight_last_edited=\"on|phone\" admin_label=\"S\u00e9parateur\" _builder_version=\"4.16\" width=\"15%\" width_tablet=\"\" width_phone=\"15%\" width_last_edited=\"on|phone\" module_alignment=\"left\" custom_margin=\"||0px||false|false\" global_colors_info=\"{}\"][\/et_pb_divider][\/et_pb_column][et_pb_column type=\"1_2\" _builder_version=\"4.16\" global_colors_info=\"{}\"][\/et_pb_column][\/et_pb_row][\/et_pb_section][et_pb_section fb_built=\"1\" _builder_version=\"4.16\" global_colors_info=\"{}\"][et_pb_row _builder_version=\"4.16\" background_enable_image=\"off\" background_size=\"initial\" border_radii=\"on|25px|25px|25px|25px\" global_colors_info=\"{}\"][et_pb_column type=\"4_4\" _builder_version=\"4.16\" global_colors_info=\"{}\"][et_pb_text admin_label=\"paragraphe explicatif\" _builder_version=\"4.16\" link_text_color=\"#004b70\" text_orientation=\"justified\" custom_padding=\"|5%||5%|false|false\" global_colors_info=\"{}\"]<\/p>\n<p>Forte de pr\u00e8s de 50 ann\u00e9es d\u2019exp\u00e9rience, de son laboratoire de formulation et d\u2019essais, et d\u2019une collaboration \u00e9troite avec des \u00e9tablissements publics de recherche, FEVDI r\u00e9pond \u00e0 tous vos besoins en produits chimiques sp\u00e9cifiques et \u00e0 vos probl\u00e8mes techniques.<\/p>\n<p>FEVDI con\u00e7oit et commercialise des mat\u00e9riels de pulv\u00e9risation pour l'application de produits, de pH 0 \u00e0 14, sous forme de liquide, de gel ou de mousse. Pour plus de d\u00e9tails, reportez vous \u00e0 notre page<strong> <a href=\"\/materiels-dapplication\">mat\u00e9riels<\/a><a href=\"\/materiels-dapplication\"> d'applications.<\/a><\/strong><\/p>\n<p>[\/et_pb_text][dpdfg_filtergrid custom_query=\"advanced\" multiple_cpt=\"product\" use_taxonomy_terms=\"on\" post_number=\"24\" order=\"ASC\" orderby=\"title\" no_results=\"D\u00e9sol\u00e9, aucun article ne correspond \u00e0 votre recherche.\" show_author=\"off\" show_content=\"on\" read_more=\"on\" read_more_text=\"En savoir +\" read_more_window=\"on\" multilevel=\"on\" multilevel_relation=\"OR\" multilevel_tax_data=\"%91{%22name%22:%22pa_attribut-besoins%22,%22label%22:%22%22,%22all%22:%22Tous les produits Besoins\/Fonctions %22},{%22name%22:%22pa_attribut-pmuc%22,%22label%22:%22%22,%22all%22:%22Tous les produits PMUC%22},{%22name%22:%22pa_contamination%22,%22label%22:%22%22,%22all%22:%22Tous les produits Contamination%22},{%22name%22:%22pa_materiaux-cibles%22,%22label%22:%22%22,%22all%22:%22Tous les produits Mat\u00e9riaux cibl\u00e9s%22},{%22name%22:%22pa_surfaces-ciblees%22,%22label%22:%22%22,%22all%22:%22Tous les produits Surface cibl\u00e9es%22},{%22name%22:%22product_cat%22,%22label%22:%22Effluent%22,%22all%22:%22Tous les produits Effluent%22}%93\" filter_terms=\"228,229,190,189,188,192,191,187,185,182,183,53,52,54,57,60,59,61,63,56,55,58,62,66,68,67,65,64\" default_filter=\"153\" filters_sort=\"name\" multifilter=\"on\" container_layout=\"dp-dfg-skin-left-vertical-filters\" items_width=\"30%\" overlay_icon_color=\"#d3163b\" show_search=\"on\" search_placeholder=\"Rechercher\" orderby_search=\"off\" _builder_version=\"4.22.2\" dpdfg_entry_title_level=\"h3\" dpdfg_entry_title_font=\"|700|||||||\" dpdfg_entry_title_text_align=\"center\" dpdfg_entry_title_text_color=\"#d3163b\" dpdfg_entry_summary_font=\"||||||||\" dpdfg_filters_text_color=\"#d3163b\" dpdfg_filters_active_text_color=\"#004b70\" dpdfg_levels_labels_text_color=\"#ffffff\" dpdfg_pagination_text_color=\"#d3163b\" dpdfg_pagination_active_text_color=\"#004b70\" background_enable_color=\"off\" background_image=\"https:\/\/fevdi-nuclear.com\/wp-content\/uploads\/2020\/04\/logo-fevdi-new-small.png\" background_size=\"initial\" custom_read_more_button=\"on\" read_more_button_text_size=\"12px\" read_more_button_text_color=\"#d3163b\" read_more_button_border_radius=\"10px\" custom_load_more_button=\"on\" load_more_button_text_color=\"#d3163b\" load_more_button_bg_color=\"#004b70\" width=\"100%\" max_width=\"100%\" module_alignment=\"center\" custom_margin=\"|||||true\" custom_padding=\"5%|5%|5%|5%|true|true\" border_radii=\"on|10px|10px|10px|10px\" border_width_bottom=\"2px\" border_color_bottom=\"#d3163b\" box_shadow_style=\"preset3\" global_colors_info=\"{}\"][\/dpdfg_filtergrid][\/et_pb_column][\/et_pb_row][\/et_pb_section][et_pb_section fb_built=\"1\" admin_label=\"footer\" _builder_version=\"4.3.2\" background_color=\"#004b70\" background_image=\"https:\/\/fevdi-nuclear.com\/wp-content\/uploads\/2019\/09\/anneaux-blancs.png\" background_size=\"contain\" background_position=\"center_right\" custom_margin=\"||0px||false|false\" custom_padding=\"38px||20px||false|false\" global_module=\"28050\" saved_tabs=\"all\" collapsed=\"off\" global_colors_info=\"{}\"][et_pb_row column_structure=\"1_3,1_3,1_3\" use_custom_gutter=\"on\" gutter_width=\"2\" make_equal=\"on\" _builder_version=\"4.22.1\" background_color=\"RGBA(0,0,0,0)\" width=\"100%\" custom_margin=\"0px||0px||false|false\" custom_margin_tablet=\"1rem|2rem|2rem|1rem|false|false\" custom_margin_phone=\"\" custom_margin_last_edited=\"on|desktop\" custom_padding=\"0px||0px||false|false\" global_colors_info=\"{}\"][et_pb_column type=\"1_3\" disabled_on=\"off|off|off\" _builder_version=\"4.22.1\" global_colors_info=\"{}\"][et_pb_image src=\"https:\/\/fevdi-nuclear.com\/wp-content\/uploads\/2019\/10\/Fichier-1.png\" _builder_version=\"4.22.1\" width=\"55%\" width_tablet=\"20%\" width_phone=\"30%\" width_last_edited=\"on|phone\" global_colors_info=\"{}\"][\/et_pb_image][et_pb_social_media_follow _builder_version=\"4.22.1\" _module_preset=\"default\" text_orientation=\"left\" global_colors_info=\"{}\"][et_pb_social_media_follow_network social_network=\"linkedin\" url=\"https:\/\/www.linkedin.com\/company\/fevdi\/\" _builder_version=\"4.22.1\" _module_preset=\"default\" background_color=\"#007bb6\" global_colors_info=\"{}\" follow_button=\"off\" url_new_window=\"on\"]linkedin[\/et_pb_social_media_follow_network][et_pb_social_media_follow_network social_network=\"youtube\" url=\"https:\/\/www.youtube.com\/channel\/UCBCRjrJOqpsQksdZiP5Z1fg\" _builder_version=\"4.22.1\" _module_preset=\"default\" background_color=\"#a82400\" global_colors_info=\"{}\" follow_button=\"off\" url_new_window=\"on\"]youtube[\/et_pb_social_media_follow_network][\/et_pb_social_media_follow][\/et_pb_column][et_pb_column type=\"1_3\" _builder_version=\"4.16\" global_colors_info=\"{}\"][et_pb_text _builder_version=\"4.22.1\" text_text_color=\"#ffffff\" custom_margin=\"||||false|false\" custom_padding=\"||0px|||\" global_colors_info=\"{}\"]<\/p>\n<p><span style=\"color: #ffffff\">24 rue Louis Pradel<\/span><br \/><span style=\"color: #ffffff\">BP 365<\/span><br \/><span style=\"color: #ffffff\">69969 CORBAS CEDEX<\/span><br \/><span style=\"color: #ffffff\">France<\/span><\/p>\n<p><span style=\"color: #ffffff\">+33(0)4 78 20 53 35<\/span><br \/><a href=\"mailto:contact@fevdi-nuclear.com\"><span style=\"color: #ffffff\">contact@fevdi-nuclear.com<\/span><\/a><\/p>\n<p>[\/et_pb_text][et_pb_button button_url=\"\/contact\" button_text=\"nous contacter\" _builder_version=\"4.16\" custom_button=\"on\" button_text_size=\"14px\" button_text_color=\"#ffffff\" button_bg_color=\"#189b73\" button_border_width=\"0px\" button_border_color=\"#ffffff\" button_font=\"|||on|||||\" custom_padding=\"1%|7%|1%|7%|false|false\" global_colors_info=\"{}\"][\/et_pb_button][\/et_pb_column][et_pb_column type=\"1_3\" _builder_version=\"4.16\" global_colors_info=\"{}\"][dsm_menu submenu_collapse=\"on\" list_style_type=\"none\" submenu_arrow_color=\"#FFFFFF\" disabled_on=\"on|on|off\" _builder_version=\"4.22.1\" sub_menu_text_color=\"#FFFFFF\" background_color=\"RGBA(0,0,0,0)\" global_colors_info=\"{}\"][\/dsm_menu][\/et_pb_column][\/et_pb_row][\/et_pb_section]<\/p>","protected":false},"excerpt":{"rendered":"<p>Produits de d\u00e9contamination en zone contr\u00f4l\u00e9eForte de pr\u00e8s de 50 ann\u00e9es d\u2019exp\u00e9rience, de son laboratoire de formulation et d\u2019essais, et d\u2019une collaboration \u00e9troite avec des \u00e9tablissements publics de recherche, FEVDI r\u00e9pond \u00e0 tous vos besoins en produits chimiques sp\u00e9cifiques et \u00e0 vos probl\u00e8mes techniques. FEVDI con\u00e7oit et commercialise des mat\u00e9riels de pulv\u00e9risation pour l&rsquo;application de [&hellip;]<\/p>","protected":false},"author":1,"featured_media":0,"parent":0,"menu_order":0,"comment_status":"closed","ping_status":"closed","template":"","meta":{"_et_pb_use_builder":"on","_et_pb_old_content":"","_et_gb_content_width":"","footnotes":""},"class_list":["post-30418","page","type-page","status-publish","hentry"],"yoast_head":"<!-- This site is optimized with the Yoast SEO plugin v27.3 - https:\/\/yoast.com\/product\/yoast-seo-wordpress\/ -->\n<title>Produits de d\u00e9contamination en zone contr\u00f4l\u00e9e - Fevdi Nuclear Expert<\/title>\n<meta name=\"description\" content=\"FEVDI con\u00e7oit et commercialise des produits de d\u00e9contamination en zone contr\u00f4l\u00e9e pour le nucl\u00e9aire,sous forme de liquide, de gel ou de mousse, de ph 0 \u00e0 14.\" \/>\n<meta name=\"robots\" content=\"index, follow, max-snippet:-1, max-image-preview:large, max-video-preview:-1\" \/>\n<link rel=\"canonical\" href=\"https:\/\/fevdi-nuclear.com\/zh\/produits-de-decontamination-en-zone-controlee\/\" \/>\n<meta property=\"og:locale\" content=\"zh_CN\" \/>\n<meta property=\"og:type\" content=\"article\" \/>\n<meta property=\"og:title\" content=\"Produits de d\u00e9contamination en zone contr\u00f4l\u00e9e - Fevdi Nuclear Expert\" \/>\n<meta property=\"og:description\" content=\"FEVDI con\u00e7oit et commercialise des produits de d\u00e9contamination en zone contr\u00f4l\u00e9e pour le nucl\u00e9aire,sous forme de liquide, de gel ou de mousse, de ph 0 \u00e0 14.\" \/>\n<meta property=\"og:url\" content=\"https:\/\/fevdi-nuclear.com\/zh\/produits-de-decontamination-en-zone-controlee\/\" \/>\n<meta property=\"og:site_name\" content=\"Fevdi Nuclear Expert\" \/>\n<meta property=\"article:modified_time\" content=\"2024-09-27T12:29:17+00:00\" \/>\n<meta name=\"twitter:card\" content=\"summary_large_image\" \/>\n<meta name=\"twitter:label1\" content=\"\u9884\u8ba1\u9605\u8bfb\u65f6\u95f4\" \/>\n\t<meta name=\"twitter:data1\" content=\"9 \u5206\" \/>\n<script type=\"application\/ld+json\" class=\"yoast-schema-graph\">{\"@context\":\"https:\\\/\\\/schema.org\",\"@graph\":[{\"@type\":\"WebPage\",\"@id\":\"https:\\\/\\\/fevdi-nuclear.com\\\/en\\\/produits-de-decontamination-en-zone-controlee\\\/\",\"url\":\"https:\\\/\\\/fevdi-nuclear.com\\\/en\\\/produits-de-decontamination-en-zone-controlee\\\/\",\"name\":\"Produits de d\u00e9contamination en zone contr\u00f4l\u00e9e - Fevdi Nuclear Expert\",\"isPartOf\":{\"@id\":\"https:\\\/\\\/fevdi-nuclear.com\\\/zh\\\/#website\"},\"datePublished\":\"2019-12-16T10:10:23+00:00\",\"dateModified\":\"2024-09-27T12:29:17+00:00\",\"description\":\"FEVDI con\u00e7oit et commercialise des produits de d\u00e9contamination en zone contr\u00f4l\u00e9e pour le nucl\u00e9aire,sous forme de liquide, de gel ou de mousse, de ph 0 \u00e0 14.\",\"breadcrumb\":{\"@id\":\"https:\\\/\\\/fevdi-nuclear.com\\\/en\\\/produits-de-decontamination-en-zone-controlee\\\/#breadcrumb\"},\"inLanguage\":\"zh-Hans\",\"potentialAction\":[{\"@type\":\"ReadAction\",\"target\":[\"https:\\\/\\\/fevdi-nuclear.com\\\/en\\\/produits-de-decontamination-en-zone-controlee\\\/\"]}]},{\"@type\":\"BreadcrumbList\",\"@id\":\"https:\\\/\\\/fevdi-nuclear.com\\\/en\\\/produits-de-decontamination-en-zone-controlee\\\/#breadcrumb\",\"itemListElement\":[{\"@type\":\"ListItem\",\"position\":1,\"name\":\"Accueil\",\"item\":\"https:\\\/\\\/fevdi-nuclear.com\\\/\"},{\"@type\":\"ListItem\",\"position\":2,\"name\":\"Produits de d\u00e9contamination en zone contr\u00f4l\u00e9e\"}]},{\"@type\":\"WebSite\",\"@id\":\"https:\\\/\\\/fevdi-nuclear.com\\\/zh\\\/#website\",\"url\":\"https:\\\/\\\/fevdi-nuclear.com\\\/zh\\\/\",\"name\":\"Fevdi Nuclear Expert\",\"description\":\"Expert en d\u00e9contamination nucl\u00e9aire\",\"publisher\":{\"@id\":\"https:\\\/\\\/fevdi-nuclear.com\\\/zh\\\/#organization\"},\"potentialAction\":[{\"@type\":\"SearchAction\",\"target\":{\"@type\":\"EntryPoint\",\"urlTemplate\":\"https:\\\/\\\/fevdi-nuclear.com\\\/zh\\\/?s={search_term_string}\"},\"query-input\":{\"@type\":\"PropertyValueSpecification\",\"valueRequired\":true,\"valueName\":\"search_term_string\"}}],\"inLanguage\":\"zh-Hans\"},{\"@type\":\"Organization\",\"@id\":\"https:\\\/\\\/fevdi-nuclear.com\\\/zh\\\/#organization\",\"name\":\"Fevdi\",\"url\":\"https:\\\/\\\/fevdi-nuclear.com\\\/zh\\\/\",\"logo\":{\"@type\":\"ImageObject\",\"inLanguage\":\"zh-Hans\",\"@id\":\"https:\\\/\\\/fevdi-nuclear.com\\\/zh\\\/#\\\/schema\\\/logo\\\/image\\\/\",\"url\":\"https:\\\/\\\/fevdi-nuclear.com\\\/wp-content\\\/uploads\\\/2020\\\/01\\\/FEVDI-logo@512.png\",\"contentUrl\":\"https:\\\/\\\/fevdi-nuclear.com\\\/wp-content\\\/uploads\\\/2020\\\/01\\\/FEVDI-logo@512.png\",\"width\":512,\"height\":512,\"caption\":\"Fevdi\"},\"image\":{\"@id\":\"https:\\\/\\\/fevdi-nuclear.com\\\/zh\\\/#\\\/schema\\\/logo\\\/image\\\/\"}}]}<\/script>\n<!-- \/ Yoast SEO plugin. -->","yoast_head_json":{"title":"Produits de d\u00e9contamination en zone contr\u00f4l\u00e9e - Fevdi Nuclear Expert","description":"FEVDI con\u00e7oit et commercialise des produits de d\u00e9contamination en zone contr\u00f4l\u00e9e pour le nucl\u00e9aire,sous forme de liquide, de gel ou de mousse, de ph 0 \u00e0 14.","robots":{"index":"index","follow":"follow","max-snippet":"max-snippet:-1","max-image-preview":"max-image-preview:large","max-video-preview":"max-video-preview:-1"},"canonical":"https:\/\/fevdi-nuclear.com\/zh\/produits-de-decontamination-en-zone-controlee\/","og_locale":"zh_CN","og_type":"article","og_title":"Produits de d\u00e9contamination en zone contr\u00f4l\u00e9e - Fevdi Nuclear Expert","og_description":"FEVDI con\u00e7oit et commercialise des produits de d\u00e9contamination en zone contr\u00f4l\u00e9e pour le nucl\u00e9aire,sous forme de liquide, de gel ou de mousse, de ph 0 \u00e0 14.","og_url":"https:\/\/fevdi-nuclear.com\/zh\/produits-de-decontamination-en-zone-controlee\/","og_site_name":"Fevdi Nuclear Expert","article_modified_time":"2024-09-27T12:29:17+00:00","twitter_card":"summary_large_image","twitter_misc":{"\u9884\u8ba1\u9605\u8bfb\u65f6\u95f4":"9 \u5206"},"schema":{"@context":"https:\/\/schema.org","@graph":[{"@type":"WebPage","@id":"https:\/\/fevdi-nuclear.com\/en\/produits-de-decontamination-en-zone-controlee\/","url":"https:\/\/fevdi-nuclear.com\/en\/produits-de-decontamination-en-zone-controlee\/","name":"Produits de d\u00e9contamination en zone contr\u00f4l\u00e9e - Fevdi Nuclear Expert","isPartOf":{"@id":"https:\/\/fevdi-nuclear.com\/zh\/#website"},"datePublished":"2019-12-16T10:10:23+00:00","dateModified":"2024-09-27T12:29:17+00:00","description":"FEVDI con\u00e7oit et commercialise des produits de d\u00e9contamination en zone contr\u00f4l\u00e9e pour le nucl\u00e9aire,sous forme de liquide, de gel ou de mousse, de ph 0 \u00e0 14.","breadcrumb":{"@id":"https:\/\/fevdi-nuclear.com\/en\/produits-de-decontamination-en-zone-controlee\/#breadcrumb"},"inLanguage":"zh-Hans","potentialAction":[{"@type":"ReadAction","target":["https:\/\/fevdi-nuclear.com\/en\/produits-de-decontamination-en-zone-controlee\/"]}]},{"@type":"BreadcrumbList","@id":"https:\/\/fevdi-nuclear.com\/en\/produits-de-decontamination-en-zone-controlee\/#breadcrumb","itemListElement":[{"@type":"ListItem","position":1,"name":"Accueil","item":"https:\/\/fevdi-nuclear.com\/"},{"@type":"ListItem","position":2,"name":"Produits de d\u00e9contamination en zone contr\u00f4l\u00e9e"}]},{"@type":"WebSite","@id":"https:\/\/fevdi-nuclear.com\/zh\/#website","url":"https:\/\/fevdi-nuclear.com\/zh\/","name":"Fevdi Nuclear Expert","description":"Expert en d\u00e9contamination nucl\u00e9aire","publisher":{"@id":"https:\/\/fevdi-nuclear.com\/zh\/#organization"},"potentialAction":[{"@type":"SearchAction","target":{"@type":"EntryPoint","urlTemplate":"https:\/\/fevdi-nuclear.com\/zh\/?s={search_term_string}"},"query-input":{"@type":"PropertyValueSpecification","valueRequired":true,"valueName":"search_term_string"}}],"inLanguage":"zh-Hans"},{"@type":"Organization","@id":"https:\/\/fevdi-nuclear.com\/zh\/#organization","name":"Fevdi","url":"https:\/\/fevdi-nuclear.com\/zh\/","logo":{"@type":"ImageObject","inLanguage":"zh-Hans","@id":"https:\/\/fevdi-nuclear.com\/zh\/#\/schema\/logo\/image\/","url":"https:\/\/fevdi-nuclear.com\/wp-content\/uploads\/2020\/01\/FEVDI-logo@512.png","contentUrl":"https:\/\/fevdi-nuclear.com\/wp-content\/uploads\/2020\/01\/FEVDI-logo@512.png","width":512,"height":512,"caption":"Fevdi"},"image":{"@id":"https:\/\/fevdi-nuclear.com\/zh\/#\/schema\/logo\/image\/"}}]}},"_links":{"self":[{"href":"https:\/\/fevdi-nuclear.com\/zh\/wp-json\/wp\/v2\/pages\/30418","targetHints":{"allow":["GET"]}}],"collection":[{"href":"https:\/\/fevdi-nuclear.com\/zh\/wp-json\/wp\/v2\/pages"}],"about":[{"href":"https:\/\/fevdi-nuclear.com\/zh\/wp-json\/wp\/v2\/types\/page"}],"author":[{"embeddable":true,"href":"https:\/\/fevdi-nuclear.com\/zh\/wp-json\/wp\/v2\/users\/1"}],"replies":[{"embeddable":true,"href":"https:\/\/fevdi-nuclear.com\/zh\/wp-json\/wp\/v2\/comments?post=30418"}],"version-history":[{"count":4,"href":"https:\/\/fevdi-nuclear.com\/zh\/wp-json\/wp\/v2\/pages\/30418\/revisions"}],"predecessor-version":[{"id":36757,"href":"https:\/\/fevdi-nuclear.com\/zh\/wp-json\/wp\/v2\/pages\/30418\/revisions\/36757"}],"wp:attachment":[{"href":"https:\/\/fevdi-nuclear.com\/zh\/wp-json\/wp\/v2\/media?parent=30418"}],"curies":[{"name":"wp","href":"https:\/\/api.w.org\/{rel}","templated":true}]}}