{"id":30378,"date":"2019-12-16T08:55:27","date_gmt":"2019-12-16T08:55:27","guid":{"rendered":"https:\/\/fevdi-nuclear.com\/?page_id=30378"},"modified":"2023-09-19T15:58:03","modified_gmt":"2023-09-19T13:58:03","slug":"produits-dentretien","status":"publish","type":"page","link":"https:\/\/fevdi-nuclear.com\/zh\/produits-dentretien\/","title":{"rendered":"Produits d&rsquo;entretien Hors Zone control\u00e9e"},"content":{"rendered":"<p>[et_pb_section fb_built=\"1\" _builder_version=\"4.16\" background_color=\"#189b73\" background_image=\"https:\/\/fevdi-nuclear.com\/wp-content\/uploads\/2019\/12\/anneaux-gris.png\" background_size=\"contain\" background_position=\"top_right\" background_last_edited=\"on|phone\" background_enable_image_phone=\"off\" global_colors_info=\"{}\"][et_pb_row column_structure=\"1_2,1_2\" _builder_version=\"4.16\" height=\"250px\" global_colors_info=\"{}\"][et_pb_column type=\"1_2\" _builder_version=\"4.16\" global_colors_info=\"{}\"][et_pb_text admin_label=\"PRODUITS D\u2019ENTRETIEN HORS ZONE CONTR\u00d4L\u00c9E\" _builder_version=\"4.16\" header_font=\"|700|||||||\" header_text_color=\"#ffffff\" header_font_size=\"50px\" header_line_height=\"1.1em\" header_font_size_tablet=\"\" header_font_size_phone=\"30px\" header_font_size_last_edited=\"on|phone\" background_last_edited=\"on|phone\" global_colors_info=\"{}\"]<\/p>\n<h1>PRODUITS D\u2019ENTRETIEN HORS ZONE CONTR\u00d4L\u00c9E<\/h1>\n<p>[\/et_pb_text][et_pb_divider color=\"#ffffff\" divider_weight=\"9px\" divider_weight_tablet=\"\" divider_weight_phone=\"\" divider_weight_last_edited=\"on|phone\" admin_label=\"S\u00e9parateur\" _builder_version=\"4.16\" width=\"15%\" width_tablet=\"\" width_phone=\"15%\" width_last_edited=\"on|phone\" module_alignment=\"left\" custom_margin=\"||0px||false|false\" global_colors_info=\"{}\"][\/et_pb_divider][\/et_pb_column][et_pb_column type=\"1_2\" _builder_version=\"4.16\" global_colors_info=\"{}\"][\/et_pb_column][\/et_pb_row][\/et_pb_section][et_pb_section fb_built=\"1\" _builder_version=\"4.16\" collapsed=\"off\" global_colors_info=\"{}\"][et_pb_row _builder_version=\"4.22.1\" background_enable_color=\"off\" background_image=\"https:\/\/fevdi-nuclear.com\/wp-content\/uploads\/2019\/11\/anneaux.png\" background_size=\"initial\" width=\"100%\" max_width=\"1200px\" border_radii=\"on|25px|25px|25px|25px\" global_colors_info=\"{}\"][et_pb_column type=\"4_4\" _builder_version=\"4.16\" global_colors_info=\"{}\"][et_pb_text admin_label=\"paragraphe explicatif\" _builder_version=\"4.22.1\" text_orientation=\"justified\" custom_padding=\"|1rem||1rem|false|true\" global_colors_info=\"{}\"]<\/p>\n<p>Forte de plus de 50 ann\u00e9es d\u2019exp\u00e9riences, de son laboratoire de formulation et d\u2019essais, et d\u2019une collaboration \u00e9troite avec des \u00e9tablissements publics de recherche, FEVDI r\u00e9pond \u00e0 tous vos besoins en produits chimiques sp\u00e9cifiques et \u00e0 vos probl\u00e8mes techniques.<\/p>\n<p>Tous nos produits d'entretien Hors Zone Control\u00e9e sont <strong>SANS PMUC<\/strong> et les surfaces cibl\u00e9es des <strong>VOLUMES OUVERTS<\/strong>.<\/p>\n<p>[\/et_pb_text][dpdfg_filtergrid custom_query=\"advanced\" multiple_cpt=\"product\" order=\"ASC\" orderby=\"title\" no_results=\"D\u00e9sol\u00e9, aucun article ne correspond \u00e0 votre recherche.\" show_author=\"off\" show_content=\"on\" multifilter=\"on\" multilevel=\"on\" multilevel_tax_data=\"%91{%22name%22:%22project_category%22,%22label%22:%22%22},{%22name%22:%22pa_surfaces-ciblees%22,%22label%22:%22%22},{%22name%22:%22product_cat%22,%22label%22:%22%22}%93\" filter_terms=\"215,225,224,226,223,212,211,214,213,216\" default_filter=\"210\" filters_sort=\"custom\" filters_custom=\"Contamination Fix\u00e9e, Contamination Labile, Sans Contamination, Forme gel, Forme liquide, Forme solide, Mat\u00e9riaux cibl\u00e9s cuivre et alliage, Mat\u00e9riaux cibl\u00e9s nombreux, Produits avec effluents, Produits sans effluents\" items_layout=\"dp-dfg-layout-masonry\" items_skin=\"dp-dfg-skin-default dp-dfg-skin-left-vertical-filters\" items_width=\"25%\" column_gutter=\"3em\" row_gutter=\"5em\" overlay_icon_color=\"#d3163b\" show_search=\"on\" search_placeholder=\"Rechercher\" bg_filters=\"#FFFFFF\" bg_filter_active=\"rgba(116,178,157,0.56)\" items_width_tablet=\"35%\" items_width_phone=\"80%\" items_width_last_edited=\"on|tablet\" admin_label=\"filtergrid mat\u00e9riel\" _builder_version=\"4.22.1\" dpdfg_entry_title_level=\"h3\" dpdfg_entry_title_font=\"|700|||||||\" dpdfg_entry_title_text_align=\"center\" dpdfg_entry_title_text_color=\"#189b73\" dpdfg_entry_summary_font=\"||||||||\" dpdfg_filters_font=\"Poppins|||on|||||\" dpdfg_filters_text_color=\"#189b73\" dpdfg_filters_letter_spacing=\"1px\" dpdfg_filters_active_text_color=\"#189B73\" dpdfg_levels_labels_text_color=\"#ffffff\" dpdfg_pagination_text_color=\"#189b73\" dpdfg_pagination_active_text_color=\"#d3163b\" background_enable_color=\"off\" background_image=\"https:\/\/fevdi-nuclear.com\/wp-content\/uploads\/2020\/04\/logo-fevdi-new-small.png\" background_size=\"initial\" custom_read_more_button=\"on\" read_more_button_text_size=\"12px\" read_more_button_text_color=\"#d3163b\" read_more_button_border_radius=\"10px\" custom_load_more_button=\"on\" load_more_button_text_color=\"#d3163b\" load_more_button_bg_color=\"#004b70\" width=\"100%\" max_width=\"100%\" module_alignment=\"center\" custom_margin=\"|||||true\" custom_padding=\"3rem|1rem|3rem|1rem|true|true\" hover_enabled=\"0\" border_radii=\"on|10px|10px|10px|10px\" border_width_bottom=\"2px\" border_color_bottom=\"#189b73\" box_shadow_style=\"preset3\" global_colors_info=\"{}\" sticky_enabled=\"0\"][\/dpdfg_filtergrid][\/et_pb_column][\/et_pb_row][\/et_pb_section][et_pb_section fb_built=\"1\" admin_label=\"footer\" _builder_version=\"4.3.2\" background_color=\"#004b70\" background_image=\"https:\/\/fevdi-nuclear.com\/wp-content\/uploads\/2019\/09\/anneaux-blancs.png\" background_size=\"contain\" background_position=\"center_right\" custom_margin=\"||0px||false|false\" custom_padding=\"38px||20px||false|false\" global_module=\"28050\" saved_tabs=\"all\" collapsed=\"off\" global_colors_info=\"{}\"][et_pb_row column_structure=\"1_3,1_3,1_3\" use_custom_gutter=\"on\" gutter_width=\"2\" make_equal=\"on\" _builder_version=\"4.22.1\" background_color=\"RGBA(0,0,0,0)\" width=\"100%\" custom_margin=\"0px||0px||false|false\" custom_margin_tablet=\"1rem|2rem|2rem|1rem|false|false\" custom_margin_phone=\"\" custom_margin_last_edited=\"on|desktop\" custom_padding=\"0px||0px||false|false\" global_colors_info=\"{}\"][et_pb_column type=\"1_3\" disabled_on=\"off|off|off\" _builder_version=\"4.22.1\" global_colors_info=\"{}\"][et_pb_image src=\"https:\/\/fevdi-nuclear.com\/wp-content\/uploads\/2019\/10\/Fichier-1.png\" _builder_version=\"4.22.1\" width=\"55%\" width_tablet=\"20%\" width_phone=\"30%\" width_last_edited=\"on|phone\" global_colors_info=\"{}\"][\/et_pb_image][et_pb_social_media_follow _builder_version=\"4.22.1\" _module_preset=\"default\" text_orientation=\"left\" global_colors_info=\"{}\"][et_pb_social_media_follow_network social_network=\"linkedin\" url=\"https:\/\/www.linkedin.com\/company\/fevdi\/\" _builder_version=\"4.22.1\" _module_preset=\"default\" background_color=\"#007bb6\" global_colors_info=\"{}\" follow_button=\"off\" url_new_window=\"on\"]linkedin[\/et_pb_social_media_follow_network][et_pb_social_media_follow_network social_network=\"youtube\" url=\"https:\/\/www.youtube.com\/channel\/UCBCRjrJOqpsQksdZiP5Z1fg\" _builder_version=\"4.22.1\" _module_preset=\"default\" background_color=\"#a82400\" global_colors_info=\"{}\" follow_button=\"off\" url_new_window=\"on\"]youtube[\/et_pb_social_media_follow_network][\/et_pb_social_media_follow][\/et_pb_column][et_pb_column type=\"1_3\" _builder_version=\"4.16\" global_colors_info=\"{}\"][et_pb_text _builder_version=\"4.22.1\" text_text_color=\"#ffffff\" custom_margin=\"||||false|false\" custom_padding=\"||0px|||\" global_colors_info=\"{}\"]<\/p>\n<p><span style=\"color: #ffffff;\">24 rue Louis Pradel<\/span><br \/>\n<span style=\"color: #ffffff;\">BP 365<\/span><br \/>\n<span style=\"color: #ffffff;\">69969 CORBAS CEDEX<\/span><br \/>\n<span style=\"color: #ffffff;\">France<\/span><\/p>\n<p><span style=\"color: #ffffff;\">+33(0)4 78 20 53 35<\/span><br \/>\n<a href=\"mailto:contact@fevdi-nuclear.com\"><span style=\"color: #ffffff;\">contact@fevdi-nuclear.com<\/span><\/a><\/p>\n<p>[\/et_pb_text][et_pb_button button_url=\"\/contact\" button_text=\"nous contacter\" _builder_version=\"4.16\" custom_button=\"on\" button_text_size=\"14px\" button_text_color=\"#ffffff\" button_bg_color=\"#189b73\" button_border_width=\"0px\" button_border_color=\"#ffffff\" button_font=\"|||on|||||\" custom_padding=\"1%|7%|1%|7%|false|false\" global_colors_info=\"{}\"][\/et_pb_button][\/et_pb_column][et_pb_column type=\"1_3\" _builder_version=\"4.16\" global_colors_info=\"{}\"][dsm_menu submenu_collapse=\"on\" list_style_type=\"none\" submenu_arrow_color=\"#FFFFFF\" disabled_on=\"on|on|off\" _builder_version=\"4.22.1\" sub_menu_text_color=\"#FFFFFF\" background_color=\"RGBA(0,0,0,0)\" global_colors_info=\"{}\"][\/dsm_menu][\/et_pb_column][\/et_pb_row][\/et_pb_section]<\/p>","protected":false},"excerpt":{"rendered":"<p>PRODUITS D\u2019ENTRETIEN HORS ZONE CONTR\u00d4L\u00c9E Forte de plus de 50 ann\u00e9es d\u2019exp\u00e9riences, de son laboratoire de formulation et d\u2019essais, et d\u2019une collaboration \u00e9troite avec des \u00e9tablissements publics de recherche, FEVDI r\u00e9pond \u00e0 tous vos besoins en produits chimiques sp\u00e9cifiques et \u00e0 vos probl\u00e8mes techniques. Tous nos produits d&rsquo;entretien Hors Zone Control\u00e9e sont SANS PMUC et [&hellip;]<\/p>","protected":false},"author":1,"featured_media":0,"parent":0,"menu_order":0,"comment_status":"closed","ping_status":"closed","template":"","meta":{"_et_pb_use_builder":"on","_et_pb_old_content":"","_et_gb_content_width":"","footnotes":""},"class_list":["post-30378","page","type-page","status-publish","hentry"],"yoast_head":"<!-- This site is optimized with the Yoast SEO plugin v27.3 - https:\/\/yoast.com\/product\/yoast-seo-wordpress\/ -->\n<title>Produits d&#039;entretien Hors Zone control\u00e9e - Fevdi Nuclear Expert<\/title>\n<meta name=\"description\" content=\"Listes des produits utilis\u00e9s en zone hors control\u00e9e notamment les produits d&#039;entretien pour les sols, les \u00e9quipements.\" \/>\n<meta name=\"robots\" content=\"index, follow, max-snippet:-1, max-image-preview:large, max-video-preview:-1\" \/>\n<link rel=\"canonical\" href=\"https:\/\/fevdi-nuclear.com\/zh\/produits-dentretien\/\" \/>\n<meta property=\"og:locale\" content=\"zh_CN\" \/>\n<meta property=\"og:type\" content=\"article\" \/>\n<meta property=\"og:title\" content=\"Produits d&#039;Entretien pour Environnements Non Contr\u00f4l\u00e9s\" \/>\n<meta property=\"og:description\" content=\"D\u00e9couvrez notre gamme de produits d&#039;entretien sp\u00e9cialement con\u00e7us pour maintenir la propret\u00e9 et l&#039;hygi\u00e8ne dans les espaces non soumis \u00e0 des contr\u00f4les stricts. Des solutions fiables pour des environnements impeccables.\" \/>\n<meta property=\"og:url\" content=\"https:\/\/fevdi-nuclear.com\/zh\/produits-dentretien\/\" \/>\n<meta property=\"og:site_name\" content=\"Fevdi Nuclear Expert\" \/>\n<meta property=\"article:modified_time\" content=\"2023-09-19T13:58:03+00:00\" \/>\n<meta property=\"og:image\" content=\"https:\/\/fevdi-nuclear.com\/wp-content\/uploads\/2023\/09\/Produit-HZC-1.png\" \/>\n\t<meta property=\"og:image:width\" content=\"1200\" \/>\n\t<meta property=\"og:image:height\" content=\"640\" \/>\n\t<meta property=\"og:image:type\" content=\"image\/png\" \/>\n<meta name=\"twitter:card\" content=\"summary_large_image\" \/>\n<meta name=\"twitter:title\" content=\"Produits d&#039;Entretien pour Environnements Non Contr\u00f4l\u00e9s\" \/>\n<meta name=\"twitter:description\" content=\"D\u00e9couvrez notre gamme de produits d&#039;entretien sp\u00e9cialement con\u00e7us pour maintenir la propret\u00e9 et l&#039;hygi\u00e8ne dans les espaces non soumis \u00e0 des contr\u00f4les stricts. Des solutions fiables pour des environnements impeccables.\" \/>\n<meta name=\"twitter:image\" content=\"https:\/\/fevdi-nuclear.com\/wp-content\/uploads\/2023\/09\/Produit-HZC-1.png\" \/>\n<meta name=\"twitter:label1\" content=\"\u9884\u8ba1\u9605\u8bfb\u65f6\u95f4\" \/>\n\t<meta name=\"twitter:data1\" content=\"2 \u5206\" \/>\n<script type=\"application\/ld+json\" class=\"yoast-schema-graph\">{\"@context\":\"https:\\\/\\\/schema.org\",\"@graph\":[{\"@type\":\"WebPage\",\"@id\":\"https:\\\/\\\/fevdi-nuclear.com\\\/produits-dentretien\\\/\",\"url\":\"https:\\\/\\\/fevdi-nuclear.com\\\/produits-dentretien\\\/\",\"name\":\"Produits d'entretien Hors Zone control\u00e9e - Fevdi Nuclear Expert\",\"isPartOf\":{\"@id\":\"https:\\\/\\\/fevdi-nuclear.com\\\/zh\\\/#website\"},\"datePublished\":\"2019-12-16T08:55:27+00:00\",\"dateModified\":\"2023-09-19T13:58:03+00:00\",\"description\":\"Listes des produits utilis\u00e9s en zone hors control\u00e9e notamment les produits d'entretien pour les sols, les \u00e9quipements.\",\"breadcrumb\":{\"@id\":\"https:\\\/\\\/fevdi-nuclear.com\\\/produits-dentretien\\\/#breadcrumb\"},\"inLanguage\":\"zh-Hans\",\"potentialAction\":[{\"@type\":\"ReadAction\",\"target\":[\"https:\\\/\\\/fevdi-nuclear.com\\\/produits-dentretien\\\/\"]}]},{\"@type\":\"BreadcrumbList\",\"@id\":\"https:\\\/\\\/fevdi-nuclear.com\\\/produits-dentretien\\\/#breadcrumb\",\"itemListElement\":[{\"@type\":\"ListItem\",\"position\":1,\"name\":\"Accueil\",\"item\":\"https:\\\/\\\/fevdi-nuclear.com\\\/\"},{\"@type\":\"ListItem\",\"position\":2,\"name\":\"Produits d&rsquo;entretien Hors Zone control\u00e9e\"}]},{\"@type\":\"WebSite\",\"@id\":\"https:\\\/\\\/fevdi-nuclear.com\\\/zh\\\/#website\",\"url\":\"https:\\\/\\\/fevdi-nuclear.com\\\/zh\\\/\",\"name\":\"Fevdi Nuclear Expert\",\"description\":\"Expert en d\u00e9contamination nucl\u00e9aire\",\"publisher\":{\"@id\":\"https:\\\/\\\/fevdi-nuclear.com\\\/zh\\\/#organization\"},\"potentialAction\":[{\"@type\":\"SearchAction\",\"target\":{\"@type\":\"EntryPoint\",\"urlTemplate\":\"https:\\\/\\\/fevdi-nuclear.com\\\/zh\\\/?s={search_term_string}\"},\"query-input\":{\"@type\":\"PropertyValueSpecification\",\"valueRequired\":true,\"valueName\":\"search_term_string\"}}],\"inLanguage\":\"zh-Hans\"},{\"@type\":\"Organization\",\"@id\":\"https:\\\/\\\/fevdi-nuclear.com\\\/zh\\\/#organization\",\"name\":\"Fevdi\",\"url\":\"https:\\\/\\\/fevdi-nuclear.com\\\/zh\\\/\",\"logo\":{\"@type\":\"ImageObject\",\"inLanguage\":\"zh-Hans\",\"@id\":\"https:\\\/\\\/fevdi-nuclear.com\\\/zh\\\/#\\\/schema\\\/logo\\\/image\\\/\",\"url\":\"https:\\\/\\\/fevdi-nuclear.com\\\/wp-content\\\/uploads\\\/2020\\\/01\\\/FEVDI-logo@512.png\",\"contentUrl\":\"https:\\\/\\\/fevdi-nuclear.com\\\/wp-content\\\/uploads\\\/2020\\\/01\\\/FEVDI-logo@512.png\",\"width\":512,\"height\":512,\"caption\":\"Fevdi\"},\"image\":{\"@id\":\"https:\\\/\\\/fevdi-nuclear.com\\\/zh\\\/#\\\/schema\\\/logo\\\/image\\\/\"}}]}<\/script>\n<!-- \/ Yoast SEO plugin. -->","yoast_head_json":{"title":"Produits d'entretien Hors Zone control\u00e9e - Fevdi Nuclear Expert","description":"Listes des produits utilis\u00e9s en zone hors control\u00e9e notamment les produits d'entretien pour les sols, les \u00e9quipements.","robots":{"index":"index","follow":"follow","max-snippet":"max-snippet:-1","max-image-preview":"max-image-preview:large","max-video-preview":"max-video-preview:-1"},"canonical":"https:\/\/fevdi-nuclear.com\/zh\/produits-dentretien\/","og_locale":"zh_CN","og_type":"article","og_title":"Produits d'Entretien pour Environnements Non Contr\u00f4l\u00e9s","og_description":"D\u00e9couvrez notre gamme de produits d'entretien sp\u00e9cialement con\u00e7us pour maintenir la propret\u00e9 et l'hygi\u00e8ne dans les espaces non soumis \u00e0 des contr\u00f4les stricts. Des solutions fiables pour des environnements impeccables.","og_url":"https:\/\/fevdi-nuclear.com\/zh\/produits-dentretien\/","og_site_name":"Fevdi Nuclear Expert","article_modified_time":"2023-09-19T13:58:03+00:00","og_image":[{"width":1200,"height":640,"url":"https:\/\/fevdi-nuclear.com\/wp-content\/uploads\/2023\/09\/Produit-HZC-1.png","type":"image\/png"}],"twitter_card":"summary_large_image","twitter_title":"Produits d'Entretien pour Environnements Non Contr\u00f4l\u00e9s","twitter_description":"D\u00e9couvrez notre gamme de produits d'entretien sp\u00e9cialement con\u00e7us pour maintenir la propret\u00e9 et l'hygi\u00e8ne dans les espaces non soumis \u00e0 des contr\u00f4les stricts. Des solutions fiables pour des environnements impeccables.","twitter_image":"https:\/\/fevdi-nuclear.com\/wp-content\/uploads\/2023\/09\/Produit-HZC-1.png","twitter_misc":{"\u9884\u8ba1\u9605\u8bfb\u65f6\u95f4":"2 \u5206"},"schema":{"@context":"https:\/\/schema.org","@graph":[{"@type":"WebPage","@id":"https:\/\/fevdi-nuclear.com\/produits-dentretien\/","url":"https:\/\/fevdi-nuclear.com\/produits-dentretien\/","name":"Produits d'entretien Hors Zone control\u00e9e - Fevdi Nuclear Expert","isPartOf":{"@id":"https:\/\/fevdi-nuclear.com\/zh\/#website"},"datePublished":"2019-12-16T08:55:27+00:00","dateModified":"2023-09-19T13:58:03+00:00","description":"Listes des produits utilis\u00e9s en zone hors control\u00e9e notamment les produits d'entretien pour les sols, les \u00e9quipements.","breadcrumb":{"@id":"https:\/\/fevdi-nuclear.com\/produits-dentretien\/#breadcrumb"},"inLanguage":"zh-Hans","potentialAction":[{"@type":"ReadAction","target":["https:\/\/fevdi-nuclear.com\/produits-dentretien\/"]}]},{"@type":"BreadcrumbList","@id":"https:\/\/fevdi-nuclear.com\/produits-dentretien\/#breadcrumb","itemListElement":[{"@type":"ListItem","position":1,"name":"Accueil","item":"https:\/\/fevdi-nuclear.com\/"},{"@type":"ListItem","position":2,"name":"Produits d&rsquo;entretien Hors Zone control\u00e9e"}]},{"@type":"WebSite","@id":"https:\/\/fevdi-nuclear.com\/zh\/#website","url":"https:\/\/fevdi-nuclear.com\/zh\/","name":"Fevdi Nuclear Expert","description":"Expert en d\u00e9contamination nucl\u00e9aire","publisher":{"@id":"https:\/\/fevdi-nuclear.com\/zh\/#organization"},"potentialAction":[{"@type":"SearchAction","target":{"@type":"EntryPoint","urlTemplate":"https:\/\/fevdi-nuclear.com\/zh\/?s={search_term_string}"},"query-input":{"@type":"PropertyValueSpecification","valueRequired":true,"valueName":"search_term_string"}}],"inLanguage":"zh-Hans"},{"@type":"Organization","@id":"https:\/\/fevdi-nuclear.com\/zh\/#organization","name":"Fevdi","url":"https:\/\/fevdi-nuclear.com\/zh\/","logo":{"@type":"ImageObject","inLanguage":"zh-Hans","@id":"https:\/\/fevdi-nuclear.com\/zh\/#\/schema\/logo\/image\/","url":"https:\/\/fevdi-nuclear.com\/wp-content\/uploads\/2020\/01\/FEVDI-logo@512.png","contentUrl":"https:\/\/fevdi-nuclear.com\/wp-content\/uploads\/2020\/01\/FEVDI-logo@512.png","width":512,"height":512,"caption":"Fevdi"},"image":{"@id":"https:\/\/fevdi-nuclear.com\/zh\/#\/schema\/logo\/image\/"}}]}},"_links":{"self":[{"href":"https:\/\/fevdi-nuclear.com\/zh\/wp-json\/wp\/v2\/pages\/30378","targetHints":{"allow":["GET"]}}],"collection":[{"href":"https:\/\/fevdi-nuclear.com\/zh\/wp-json\/wp\/v2\/pages"}],"about":[{"href":"https:\/\/fevdi-nuclear.com\/zh\/wp-json\/wp\/v2\/types\/page"}],"author":[{"embeddable":true,"href":"https:\/\/fevdi-nuclear.com\/zh\/wp-json\/wp\/v2\/users\/1"}],"replies":[{"embeddable":true,"href":"https:\/\/fevdi-nuclear.com\/zh\/wp-json\/wp\/v2\/comments?post=30378"}],"version-history":[{"count":1,"href":"https:\/\/fevdi-nuclear.com\/zh\/wp-json\/wp\/v2\/pages\/30378\/revisions"}],"predecessor-version":[{"id":36616,"href":"https:\/\/fevdi-nuclear.com\/zh\/wp-json\/wp\/v2\/pages\/30378\/revisions\/36616"}],"wp:attachment":[{"href":"https:\/\/fevdi-nuclear.com\/zh\/wp-json\/wp\/v2\/media?parent=30378"}],"curies":[{"name":"wp","href":"https:\/\/api.w.org\/{rel}","templated":true}]}}