{"id":28053,"date":"2019-10-04T13:22:10","date_gmt":"2019-10-04T13:22:10","guid":{"rendered":"https:\/\/fevdi-nuclear.com\/boutique"},"modified":"2023-09-27T15:34:03","modified_gmt":"2023-09-27T13:34:03","slug":"nos-solutions-de-decontamination-nucleaires","status":"publish","type":"page","link":"https:\/\/fevdi-nuclear.com\/zh\/nos-solutions-de-decontamination-nucleaires\/","title":{"rendered":"Nos solutions de d\u00e9contamination nucl\u00e9aires"},"content":{"rendered":"<p>[et_pb_section fb_built=\"1\" _builder_version=\"4.16\" background_color=\"#78b6dd\" background_enable_image=\"off\" background_size=\"contain\" background_position=\"top_right\" background_blend=\"soft-light\" custom_padding=\"1px||1px|||\" global_colors_info=\"{}\"][et_pb_row column_structure=\"1_2,1_2\" _builder_version=\"4.16\" global_colors_info=\"{}\"][et_pb_column type=\"1_2\" _builder_version=\"4.16\" global_colors_info=\"{}\"][et_pb_text admin_label=\"PRODUITS D\u2019ENTRETIEN HORS ZONE CONTR\u00d4L\u00c9E\" _builder_version=\"4.16\" header_font=\"|700||on|||||\" header_text_color=\"#ffffff\" header_font_size=\"50px\" header_line_height=\"1.1em\" custom_margin=\"||||false|false\" header_font_size_tablet=\"\" header_font_size_phone=\"30px\" header_font_size_last_edited=\"on|phone\" global_colors_info=\"{}\"]<\/p>\n<h1>Retrouvez toutes nos solutions de d\u00e9contamination nucl\u00e9aire<\/h1>\n<p>[\/et_pb_text][et_pb_divider color=\"#ffffff\" divider_weight=\"9px\" divider_weight_tablet=\"\" divider_weight_phone=\"\" divider_weight_last_edited=\"on|phone\" admin_label=\"S\u00e9parateur\" _builder_version=\"4.16\" width=\"15%\" width_tablet=\"\" width_phone=\"15%\" width_last_edited=\"on|phone\" module_alignment=\"left\" custom_margin=\"||0px||false|false\" global_colors_info=\"{}\"][\/et_pb_divider][\/et_pb_column][et_pb_column type=\"1_2\" _builder_version=\"4.16\" global_colors_info=\"{}\"][et_pb_image src=\"https:\/\/fevdi-nuclear.com\/wp-content\/uploads\/2020\/01\/FEVDI-logo@512.png\" title_text=\"FEVDI-logo@512\" _builder_version=\"4.16\" width=\"40%\" module_alignment=\"center\" global_colors_info=\"{}\"][\/et_pb_image][\/et_pb_column][\/et_pb_row][\/et_pb_section][et_pb_section fb_built=\"1\" _builder_version=\"4.16\" background_image=\"https:\/\/fevdi-nuclear.com\/wp-content\/uploads\/2019\/12\/anneaux-gris.png\" background_size=\"contain\" global_colors_info=\"{}\"][et_pb_row _builder_version=\"4.16\" max_width=\"2560px\" global_colors_info=\"{}\"][et_pb_column type=\"4_4\" _builder_version=\"4.16\" global_colors_info=\"{}\"][et_pb_text admin_label=\"Pour une recherche simplifi\u00e9e, s\u00e9lectionnez une ou plusieurs...\" _builder_version=\"4.16\" global_colors_info=\"{}\"]Pour une recherche simplifi\u00e9e, s\u00e9lectionnez une ou plusieurs cat\u00e9gories pour retrouver la solution qui convient \u00e0 vos besoins (pensez \u00e0 d\u00e9s\u00e9lectionner la cat\u00e9gorie pr\u00e9s\u00e9lectionn\u00e9e avant de choisir une nouvelle cat\u00e9gorie) . Vous pouvez aussi rechercher directement le produit d\u00e9sir\u00e9 en tapant son nom dans le moteur de recherche.<br \/>\n[\/et_pb_text][dpdfg_filtergrid custom_query=\"advanced\" multiple_cpt=\"product\" post_number=\"18\" order=\"ASC\" orderby=\"title\" no_results=\"D\u00e9sol\u00e9, aucun article ne correspond \u00e0 votre recherche.\" title_link=\"on\" show_author=\"off\" show_content=\"on\" multifilter=\"on\" multifilter_relation=\"AND\" multilevel=\"on\" multilevel_tax_data=\"%91{%22name%22:%22pa_attribut-besoins%22,%22label%22:%22Produits de d\u00e9contamination en zone contr\u00f4l\u00e9e :%22},{%22name%22:%22pa_attribut-materiel-appli%22,%22label%22:%22Mat\u00e9riels :%22},{%22name%22:%22pa_attribut-pmuc%22,%22label%22:%22PMUC :%22},{%22name%22:%22pa_contamination%22,%22label%22:%22Contamination :%22},{%22name%22:%22pa_materiaux-cibles%22,%22label%22:%22Mat\u00e9riaux clibl\u00e9s :%22},{%22name%22:%22pa_surfaces-ciblees%22,%22label%22:%22Surfaces cibl\u00e9es :%22},{%22name%22:%22product_cat%22,%22label%22:%22Avec ou sans Effluent%22}%93\" filter_terms=\"177,178,190,189,188,192,191,187,185,201,203,202,182,183,53,52,54,57,60,59,61,63,56,55,58,62,66,68,67,65,64\" filters_sort=\"name\" items_layout=\"dp-dfg-layout-masonry\" items_skin=\"dp-dfg-skin-default dp-dfg-skin-left-vertical-filters\" items_width=\"24%\" column_gutter=\"3em\" row_gutter=\"5em\" overlay_icon_color=\"#d3163b\" show_search=\"on\" search_placeholder=\"Rechercher un produit\" cache_on_page=\"on\" bg_filters=\"#FFFFFF\" bg_filter_active=\"rgba(173,203,221,0.3)\" _builder_version=\"4.22.2\" dpdfg_entry_title_level=\"h3\" dpdfg_entry_title_font=\"|700|||||||\" dpdfg_entry_title_text_align=\"center\" dpdfg_entry_title_text_color=\"#004b70\" dpdfg_entry_summary_font=\"||||||||\" dpdfg_entry_summary_text_color=\"#004b70\" dpdfg_search_text_color=\"#004b70\" dpdfg_filters_font=\"Poppins|||on|||||\" dpdfg_filters_text_color=\"#004b70\" dpdfg_filters_letter_spacing=\"1px\" dpdfg_filters_active_text_color=\"#003770\" dpdfg_levels_labels_text_color=\"#78b6dd\" dpdfg_pagination_text_color=\"#004b70\" dpdfg_pagination_active_text_color=\"#d3163b\" background_enable_color=\"off\" background_enable_image=\"off\" custom_read_more_button=\"on\" read_more_button_text_size=\"12px\" read_more_button_text_color=\"#d3163b\" read_more_button_border_radius=\"10px\" custom_load_more_button=\"on\" load_more_button_text_color=\"#d3163b\" load_more_button_bg_color=\"#004b70\" width=\"100%\" max_width=\"100%\" module_alignment=\"center\" custom_margin=\"|||||true\" custom_padding=\"0%|5%|0%|5%|true|true\" hover_enabled=\"0\" border_radii=\"on|10px|10px|10px|10px\" border_width_bottom=\"2px\" border_color_bottom=\"#78b6dd\" box_shadow_style=\"preset3\" global_colors_info=\"{}\" strip_html=\"off\" read_more=\"on\" read_more_text=\"Voir plus\" sticky_enabled=\"0\"][\/dpdfg_filtergrid][\/et_pb_column][\/et_pb_row][\/et_pb_section][et_pb_section fb_built=\"1\" admin_label=\"footer\" _builder_version=\"4.3.2\" background_color=\"#004b70\" background_image=\"https:\/\/fevdi-nuclear.com\/wp-content\/uploads\/2019\/09\/anneaux-blancs.png\" background_size=\"contain\" background_position=\"center_right\" custom_margin=\"||0px||false|false\" custom_padding=\"38px||20px||false|false\" global_module=\"28050\" saved_tabs=\"all\" collapsed=\"off\" global_colors_info=\"{}\"][et_pb_row column_structure=\"1_3,1_3,1_3\" use_custom_gutter=\"on\" gutter_width=\"2\" make_equal=\"on\" _builder_version=\"4.22.1\" background_color=\"RGBA(0,0,0,0)\" width=\"100%\" custom_margin=\"0px||0px||false|false\" custom_margin_tablet=\"1rem|2rem|2rem|1rem|false|false\" custom_margin_phone=\"\" custom_margin_last_edited=\"on|desktop\" custom_padding=\"0px||0px||false|false\" global_colors_info=\"{}\"][et_pb_column type=\"1_3\" disabled_on=\"off|off|off\" _builder_version=\"4.22.1\" global_colors_info=\"{}\"][et_pb_image src=\"https:\/\/fevdi-nuclear.com\/wp-content\/uploads\/2019\/10\/Fichier-1.png\" _builder_version=\"4.22.1\" width=\"55%\" width_tablet=\"20%\" width_phone=\"30%\" width_last_edited=\"on|phone\" global_colors_info=\"{}\"][\/et_pb_image][et_pb_social_media_follow _builder_version=\"4.22.1\" _module_preset=\"default\" text_orientation=\"left\" global_colors_info=\"{}\"][et_pb_social_media_follow_network social_network=\"linkedin\" url=\"https:\/\/www.linkedin.com\/company\/fevdi\/\" _builder_version=\"4.22.1\" _module_preset=\"default\" background_color=\"#007bb6\" global_colors_info=\"{}\" follow_button=\"off\" url_new_window=\"on\"]linkedin[\/et_pb_social_media_follow_network][et_pb_social_media_follow_network social_network=\"youtube\" url=\"https:\/\/www.youtube.com\/channel\/UCBCRjrJOqpsQksdZiP5Z1fg\" _builder_version=\"4.22.1\" _module_preset=\"default\" background_color=\"#a82400\" global_colors_info=\"{}\" follow_button=\"off\" url_new_window=\"on\"]youtube[\/et_pb_social_media_follow_network][\/et_pb_social_media_follow][\/et_pb_column][et_pb_column type=\"1_3\" _builder_version=\"4.16\" global_colors_info=\"{}\"][et_pb_text _builder_version=\"4.22.1\" text_text_color=\"#ffffff\" custom_margin=\"||||false|false\" custom_padding=\"||0px|||\" global_colors_info=\"{}\"]<\/p>\n<p><span style=\"color: #ffffff;\">24 rue Louis Pradel<\/span><br \/><span style=\"color: #ffffff;\">BP 365<\/span><br \/><span style=\"color: #ffffff;\">69969 CORBAS CEDEX<\/span><br \/><span style=\"color: #ffffff;\">France<\/span><\/p>\n<p><span style=\"color: #ffffff;\">+33(0)4 78 20 53 35<\/span><br \/><a href=\"mailto:contact@fevdi-nuclear.com\"><span style=\"color: #ffffff;\">contact@fevdi-nuclear.com<\/span><\/a><\/p>\n<p>[\/et_pb_text][et_pb_button button_url=\"\/contact\" button_text=\"nous contacter\" _builder_version=\"4.16\" custom_button=\"on\" button_text_size=\"14px\" button_text_color=\"#ffffff\" button_bg_color=\"#189b73\" button_border_width=\"0px\" button_border_color=\"#ffffff\" button_font=\"|||on|||||\" custom_padding=\"1%|7%|1%|7%|false|false\" global_colors_info=\"{}\"][\/et_pb_button][\/et_pb_column][et_pb_column type=\"1_3\" _builder_version=\"4.16\" global_colors_info=\"{}\"][dsm_menu submenu_collapse=\"on\" list_style_type=\"none\" submenu_arrow_color=\"#FFFFFF\" disabled_on=\"on|on|off\" _builder_version=\"4.22.1\" sub_menu_text_color=\"#FFFFFF\" background_color=\"RGBA(0,0,0,0)\" global_colors_info=\"{}\"][\/dsm_menu][\/et_pb_column][\/et_pb_row][\/et_pb_section]<\/p>","protected":false},"excerpt":{"rendered":"<p>Retrouvez toutes nos solutions de d\u00e9contamination nucl\u00e9aire Pour une recherche simplifi\u00e9e, s\u00e9lectionnez une ou plusieurs cat\u00e9gories pour retrouver la solution qui convient \u00e0 vos besoins (pensez \u00e0 d\u00e9s\u00e9lectionner la cat\u00e9gorie pr\u00e9s\u00e9lectionn\u00e9e avant de choisir une nouvelle cat\u00e9gorie) . Vous pouvez aussi rechercher directement le produit d\u00e9sir\u00e9 en tapant son nom dans le moteur de recherche. [&hellip;]<\/p>","protected":false},"author":1,"featured_media":0,"parent":0,"menu_order":0,"comment_status":"closed","ping_status":"closed","template":"","meta":{"_et_pb_use_builder":"on","_et_pb_old_content":"","_et_gb_content_width":"","footnotes":""},"class_list":["post-28053","page","type-page","status-publish","hentry"],"yoast_head":"<!-- This site is optimized with the Yoast SEO plugin v27.4 - https:\/\/yoast.com\/product\/yoast-seo-wordpress\/ -->\n<title>Nos solutions de d\u00e9contamination nucl\u00e9aires - Fevdi Nuclear Expert<\/title>\n<meta name=\"description\" content=\"FEVDI propose des produits chimiques qui permettent de d\u00e9contaminer les installations nucl\u00e9aires. Nos solutions de d\u00e9contamination nucl\u00e9aires\" \/>\n<meta name=\"robots\" content=\"index, follow, max-snippet:-1, max-image-preview:large, max-video-preview:-1\" \/>\n<link rel=\"canonical\" href=\"https:\/\/fevdi-nuclear.com\/zh\/nos-solutions-de-decontamination-nucleaires\/\" \/>\n<meta property=\"og:locale\" content=\"zh_CN\" \/>\n<meta property=\"og:type\" content=\"article\" \/>\n<meta property=\"og:title\" content=\"Quelles solutions de d\u00e9contamination nucl\u00e9aire ?\" \/>\n<meta property=\"og:description\" content=\"D\u00e9couvrez notre gamme compl\u00e8te de solutions de d\u00e9contamination nucl\u00e9aire con\u00e7ue pour garantir la s\u00e9curit\u00e9 et la propret\u00e9 dans l&#039;industrie nucl\u00e9aire. De l&#039;innovation \u00e0 la performance, nous offrons des r\u00e9ponses efficaces pour des environnements exigeants.\" \/>\n<meta property=\"og:url\" content=\"https:\/\/fevdi-nuclear.com\/zh\/nos-solutions-de-decontamination-nucleaires\/\" \/>\n<meta property=\"og:site_name\" content=\"Fevdi Nuclear Expert\" \/>\n<meta property=\"article:modified_time\" content=\"2023-09-27T13:34:03+00:00\" \/>\n<meta property=\"og:image\" content=\"https:\/\/fevdi-nuclear.com\/wp-content\/uploads\/2023\/09\/solutions-decontamination-1.png\" \/>\n\t<meta property=\"og:image:width\" content=\"1200\" \/>\n\t<meta property=\"og:image:height\" content=\"640\" \/>\n\t<meta property=\"og:image:type\" content=\"image\/png\" \/>\n<meta name=\"twitter:card\" content=\"summary_large_image\" \/>\n<meta name=\"twitter:label1\" content=\"\u9884\u8ba1\u9605\u8bfb\u65f6\u95f4\" \/>\n\t<meta name=\"twitter:data1\" content=\"2 \u5206\" \/>\n<script type=\"application\/ld+json\" class=\"yoast-schema-graph\">{\"@context\":\"https:\\\/\\\/schema.org\",\"@graph\":[{\"@type\":\"WebPage\",\"@id\":\"https:\\\/\\\/fevdi-nuclear.com\\\/nos-solutions-de-decontamination-nucleaires\\\/\",\"url\":\"https:\\\/\\\/fevdi-nuclear.com\\\/nos-solutions-de-decontamination-nucleaires\\\/\",\"name\":\"Nos solutions de d\u00e9contamination nucl\u00e9aires - Fevdi Nuclear Expert\",\"isPartOf\":{\"@id\":\"https:\\\/\\\/fevdi-nuclear.com\\\/zh\\\/#website\"},\"datePublished\":\"2019-10-04T13:22:10+00:00\",\"dateModified\":\"2023-09-27T13:34:03+00:00\",\"description\":\"FEVDI propose des produits chimiques qui permettent de d\u00e9contaminer les installations nucl\u00e9aires. Nos solutions de d\u00e9contamination nucl\u00e9aires\",\"breadcrumb\":{\"@id\":\"https:\\\/\\\/fevdi-nuclear.com\\\/nos-solutions-de-decontamination-nucleaires\\\/#breadcrumb\"},\"inLanguage\":\"zh-Hans\",\"potentialAction\":[{\"@type\":\"ReadAction\",\"target\":[\"https:\\\/\\\/fevdi-nuclear.com\\\/nos-solutions-de-decontamination-nucleaires\\\/\"]}]},{\"@type\":\"BreadcrumbList\",\"@id\":\"https:\\\/\\\/fevdi-nuclear.com\\\/nos-solutions-de-decontamination-nucleaires\\\/#breadcrumb\",\"itemListElement\":[{\"@type\":\"ListItem\",\"position\":1,\"name\":\"Accueil\",\"item\":\"https:\\\/\\\/fevdi-nuclear.com\\\/\"},{\"@type\":\"ListItem\",\"position\":2,\"name\":\"Nos solutions de d\u00e9contamination nucl\u00e9aires\"}]},{\"@type\":\"WebSite\",\"@id\":\"https:\\\/\\\/fevdi-nuclear.com\\\/zh\\\/#website\",\"url\":\"https:\\\/\\\/fevdi-nuclear.com\\\/zh\\\/\",\"name\":\"Fevdi Nuclear Expert\",\"description\":\"Expert en d\u00e9contamination nucl\u00e9aire\",\"publisher\":{\"@id\":\"https:\\\/\\\/fevdi-nuclear.com\\\/zh\\\/#organization\"},\"potentialAction\":[{\"@type\":\"SearchAction\",\"target\":{\"@type\":\"EntryPoint\",\"urlTemplate\":\"https:\\\/\\\/fevdi-nuclear.com\\\/zh\\\/?s={search_term_string}\"},\"query-input\":{\"@type\":\"PropertyValueSpecification\",\"valueRequired\":true,\"valueName\":\"search_term_string\"}}],\"inLanguage\":\"zh-Hans\"},{\"@type\":\"Organization\",\"@id\":\"https:\\\/\\\/fevdi-nuclear.com\\\/zh\\\/#organization\",\"name\":\"Fevdi\",\"url\":\"https:\\\/\\\/fevdi-nuclear.com\\\/zh\\\/\",\"logo\":{\"@type\":\"ImageObject\",\"inLanguage\":\"zh-Hans\",\"@id\":\"https:\\\/\\\/fevdi-nuclear.com\\\/zh\\\/#\\\/schema\\\/logo\\\/image\\\/\",\"url\":\"https:\\\/\\\/fevdi-nuclear.com\\\/wp-content\\\/uploads\\\/2020\\\/01\\\/FEVDI-logo@512.png\",\"contentUrl\":\"https:\\\/\\\/fevdi-nuclear.com\\\/wp-content\\\/uploads\\\/2020\\\/01\\\/FEVDI-logo@512.png\",\"width\":512,\"height\":512,\"caption\":\"Fevdi\"},\"image\":{\"@id\":\"https:\\\/\\\/fevdi-nuclear.com\\\/zh\\\/#\\\/schema\\\/logo\\\/image\\\/\"}}]}<\/script>\n<!-- \/ Yoast SEO plugin. -->","yoast_head_json":{"title":"Nos solutions de d\u00e9contamination nucl\u00e9aires - Fevdi Nuclear Expert","description":"FEVDI propose des produits chimiques qui permettent de d\u00e9contaminer les installations nucl\u00e9aires. Nos solutions de d\u00e9contamination nucl\u00e9aires","robots":{"index":"index","follow":"follow","max-snippet":"max-snippet:-1","max-image-preview":"max-image-preview:large","max-video-preview":"max-video-preview:-1"},"canonical":"https:\/\/fevdi-nuclear.com\/zh\/nos-solutions-de-decontamination-nucleaires\/","og_locale":"zh_CN","og_type":"article","og_title":"Quelles solutions de d\u00e9contamination nucl\u00e9aire ?","og_description":"D\u00e9couvrez notre gamme compl\u00e8te de solutions de d\u00e9contamination nucl\u00e9aire con\u00e7ue pour garantir la s\u00e9curit\u00e9 et la propret\u00e9 dans l'industrie nucl\u00e9aire. De l'innovation \u00e0 la performance, nous offrons des r\u00e9ponses efficaces pour des environnements exigeants.","og_url":"https:\/\/fevdi-nuclear.com\/zh\/nos-solutions-de-decontamination-nucleaires\/","og_site_name":"Fevdi Nuclear Expert","article_modified_time":"2023-09-27T13:34:03+00:00","og_image":[{"width":1200,"height":640,"url":"https:\/\/fevdi-nuclear.com\/wp-content\/uploads\/2023\/09\/solutions-decontamination-1.png","type":"image\/png"}],"twitter_card":"summary_large_image","twitter_misc":{"\u9884\u8ba1\u9605\u8bfb\u65f6\u95f4":"2 \u5206"},"schema":{"@context":"https:\/\/schema.org","@graph":[{"@type":"WebPage","@id":"https:\/\/fevdi-nuclear.com\/nos-solutions-de-decontamination-nucleaires\/","url":"https:\/\/fevdi-nuclear.com\/nos-solutions-de-decontamination-nucleaires\/","name":"Nos solutions de d\u00e9contamination nucl\u00e9aires - Fevdi Nuclear Expert","isPartOf":{"@id":"https:\/\/fevdi-nuclear.com\/zh\/#website"},"datePublished":"2019-10-04T13:22:10+00:00","dateModified":"2023-09-27T13:34:03+00:00","description":"FEVDI propose des produits chimiques qui permettent de d\u00e9contaminer les installations nucl\u00e9aires. Nos solutions de d\u00e9contamination nucl\u00e9aires","breadcrumb":{"@id":"https:\/\/fevdi-nuclear.com\/nos-solutions-de-decontamination-nucleaires\/#breadcrumb"},"inLanguage":"zh-Hans","potentialAction":[{"@type":"ReadAction","target":["https:\/\/fevdi-nuclear.com\/nos-solutions-de-decontamination-nucleaires\/"]}]},{"@type":"BreadcrumbList","@id":"https:\/\/fevdi-nuclear.com\/nos-solutions-de-decontamination-nucleaires\/#breadcrumb","itemListElement":[{"@type":"ListItem","position":1,"name":"Accueil","item":"https:\/\/fevdi-nuclear.com\/"},{"@type":"ListItem","position":2,"name":"Nos solutions de d\u00e9contamination nucl\u00e9aires"}]},{"@type":"WebSite","@id":"https:\/\/fevdi-nuclear.com\/zh\/#website","url":"https:\/\/fevdi-nuclear.com\/zh\/","name":"Fevdi Nuclear Expert","description":"Expert en d\u00e9contamination nucl\u00e9aire","publisher":{"@id":"https:\/\/fevdi-nuclear.com\/zh\/#organization"},"potentialAction":[{"@type":"SearchAction","target":{"@type":"EntryPoint","urlTemplate":"https:\/\/fevdi-nuclear.com\/zh\/?s={search_term_string}"},"query-input":{"@type":"PropertyValueSpecification","valueRequired":true,"valueName":"search_term_string"}}],"inLanguage":"zh-Hans"},{"@type":"Organization","@id":"https:\/\/fevdi-nuclear.com\/zh\/#organization","name":"Fevdi","url":"https:\/\/fevdi-nuclear.com\/zh\/","logo":{"@type":"ImageObject","inLanguage":"zh-Hans","@id":"https:\/\/fevdi-nuclear.com\/zh\/#\/schema\/logo\/image\/","url":"https:\/\/fevdi-nuclear.com\/wp-content\/uploads\/2020\/01\/FEVDI-logo@512.png","contentUrl":"https:\/\/fevdi-nuclear.com\/wp-content\/uploads\/2020\/01\/FEVDI-logo@512.png","width":512,"height":512,"caption":"Fevdi"},"image":{"@id":"https:\/\/fevdi-nuclear.com\/zh\/#\/schema\/logo\/image\/"}}]}},"_links":{"self":[{"href":"https:\/\/fevdi-nuclear.com\/zh\/wp-json\/wp\/v2\/pages\/28053","targetHints":{"allow":["GET"]}}],"collection":[{"href":"https:\/\/fevdi-nuclear.com\/zh\/wp-json\/wp\/v2\/pages"}],"about":[{"href":"https:\/\/fevdi-nuclear.com\/zh\/wp-json\/wp\/v2\/types\/page"}],"author":[{"embeddable":true,"href":"https:\/\/fevdi-nuclear.com\/zh\/wp-json\/wp\/v2\/users\/1"}],"replies":[{"embeddable":true,"href":"https:\/\/fevdi-nuclear.com\/zh\/wp-json\/wp\/v2\/comments?post=28053"}],"version-history":[{"count":2,"href":"https:\/\/fevdi-nuclear.com\/zh\/wp-json\/wp\/v2\/pages\/28053\/revisions"}],"predecessor-version":[{"id":36633,"href":"https:\/\/fevdi-nuclear.com\/zh\/wp-json\/wp\/v2\/pages\/28053\/revisions\/36633"}],"wp:attachment":[{"href":"https:\/\/fevdi-nuclear.com\/zh\/wp-json\/wp\/v2\/media?parent=28053"}],"curies":[{"name":"wp","href":"https:\/\/api.w.org\/{rel}","templated":true}]}}