{"id":28073,"date":"2019-10-04T13:59:03","date_gmt":"2019-10-04T13:59:03","guid":{"rendered":"https:\/\/fevdi-nuclear.com\/?page_id=28073"},"modified":"2025-04-28T15:50:03","modified_gmt":"2025-04-28T13:50:03","slug":"contact","status":"publish","type":"page","link":"https:\/\/fevdi-nuclear.com\/en\/contact\/","title":{"rendered":"Contact us"},"content":{"rendered":"<p>[et_pb_section fb_built=\"1\" _builder_version=\"4.16\" background_enable_color=\"off\" use_background_color_gradient=\"on\" background_color_gradient_direction=\"90deg\" background_color_gradient_stops=\"rgba(0,75,112,0.6) 65%|rgba(0,0,0,0) 65%\" background_color_gradient_overlays_image=\"on\" background_color_gradient_start=\"rgba(0,75,112,0.6)\" background_color_gradient_start_position=\"65%\" background_color_gradient_end=\"rgba(0,0,0,0)\" background_color_gradient_end_position=\"65%\" background_image=\"https:\/\/fevdi-nuclear.com\/wp-content\/uploads\/2020\/06\/contact.jpg\" background_position=\"bottom_center\" global_colors_info=\"{}\"][et_pb_row column_structure=\"1_2,1_2\" _builder_version=\"4.16\" background_enable_image=\"off\" background_size=\"contain\" background_position=\"center_right\" height=\"250px\" global_colors_info=\"{}\"][et_pb_column type=\"1_2\" _builder_version=\"4.16\" global_colors_info=\"{}\"][et_pb_text admin_label=\"Nous contacter\" _builder_version=\"4.16\" header_font=\"|700||on|||||\" header_text_align=\"left\" header_text_color=\"#ffffff\" header_font_size=\"45px\" custom_margin=\"10%||||false|false\" header_font_size_tablet=\"\" header_font_size_phone=\"30px\" header_font_size_last_edited=\"on|phone\" global_colors_info=\"{}\"]<\/p>\n<h1>Nous contacter<\/h1>\n<p>[\/et_pb_text][et_pb_divider color=\"#ffffff\" divider_weight=\"9px\" _builder_version=\"4.16\" width=\"15%\" module_alignment=\"left\" global_colors_info=\"{}\"][\/et_pb_divider][\/et_pb_column][et_pb_column type=\"1_2\" _builder_version=\"4.16\" global_colors_info=\"{}\"][et_pb_image src=\"https:\/\/fevdi-nuclear.com\/wp-content\/uploads\/2019\/12\/anneaux-gris.png\" title_text=\"anneaux-gris\" _builder_version=\"4.16\" width=\"40%\" module_alignment=\"left\" global_colors_info=\"{}\"][\/et_pb_image][\/et_pb_column][\/et_pb_row][\/et_pb_section][et_pb_section fb_built=\"1\" _builder_version=\"4.16\" global_colors_info=\"{}\"][et_pb_row column_structure=\"1_2,1_2\" admin_label=\"Ligne\" _builder_version=\"4.16\" global_colors_info=\"{}\"][et_pb_column type=\"1_2\" _builder_version=\"4.16\" global_colors_info=\"{}\"][et_pb_text admin_label=\"Vous souhaitez en savoir plus ...\" _builder_version=\"4.16\" header_5_font=\"|600|||||||\" header_5_text_color=\"#1F2744\" header_5_font_size=\"30px\" global_colors_info=\"{}\"]<\/p>\n<h5 style=\"text-align: justify\"><span style=\"font-size: x-large\">Vous souhaitez en savoir plus sur notre domaine d\u2019expertise en solutions chimiques, sur notre large gamme de produits ou sur nos mat\u00e9riels de pulv\u00e9risation pour la maintenance, la d\u00e9contamination et le d\u00e9mant\u00e8lement d\u2019installations nucl\u00e9aires ?<\/span><\/h5>\n<p>[\/et_pb_text][et_pb_text admin_label=\"Vous souhaitez en savoir plus ...\" _builder_version=\"4.27.4\" text_text_color=\"#1F2744\" text_font_size=\"20px\" header_5_font=\"|600|||||||\" header_5_text_color=\"#004b70\" header_5_font_size=\"30px\" hover_enabled=\"0\" global_colors_info=\"{}\" sticky_enabled=\"0\"]<\/p>\n<p style=\"text-align: justify\">R\u00e9active et \u00e0 l\u2019\u00e9coute, notre \u00e9quipe d\u2019experts est toujours disponible pour toutes demandes et interrogations, vous guidant ainsi au mieux dans votre recherche.<\/p>\n<p style=\"text-align: justify\">Contactez-nous notre commercial Morgan WITAS au <span style=\"color: #003770\">\u00a0<a style=\"color: #003770\" href=\"mailto:m.witas@fevdi-nuclear.com\">m.witas@fevdi-nuclear.com<\/a> <\/span><\/p>\n<p> ou \u00e9crivez nous\u00a0 \u00e0<span style=\"color: #003770\">\u00a0<a style=\"color: #003770\" href=\"mailto:contact@fevdi-nuclear.com\">contact@fevdi-nuclear.com<\/a><\/span><\/p>\n<p>&nbsp;[\/et_pb_text][\/et_pb_column][et_pb_column type=\"1_2\" _builder_version=\"4.16\" global_colors_info=\"{}\"][dsm_contact_form_7 cf7_library=\"28080\" label_bottom_spacing=\"0px\" button_alignment=\"right\" input_background_color=\"#ffffff\" _builder_version=\"4.16\" labels_text_align=\"justify\" labels_font_size=\"13px\" input_textarea_select_font=\"Comfortaa||||||||\" input_textarea_select_text_color=\"#000000\" placeholder_font=\"Comfortaa||||||||\" placeholder_text_align=\"left\" custom_button_one=\"on\" button_one_text_color=\"#ffffff\" button_one_bg_color=\"#d3163b\" button_one_border_radius=\"5px\" button_one_font=\"|||on|||||\" button_one_icon=\"%%45%%\" button_one_icon_color=\"#ffffff\" button_one_custom_padding=\"|15%||15%|false|false\" border_width_all_image=\"1px\" border_color_all_image=\"rgba(0,0,0,0.2)\" global_colors_info=\"{}\" button_one_custom_padding__hover_enabled=\"on|hover\" button_one_custom_padding__hover=\"|15%||15%|false|false\" button_one_icon_color__hover_enabled=\"on|hover\" button_one_icon_color__hover=\"#d3163b\" button_one_bg_color__hover_enabled=\"on|hover\" button_one_bg_color__hover=\"#ffffff\" button_one_bg_enable_color__hover=\"on\" button_one_text_color__hover_enabled=\"on|hover\" button_one_text_color__hover=\"#d3163b\"][\/dsm_contact_form_7][\/et_pb_column][\/et_pb_row][\/et_pb_section][et_pb_section fb_built=\"1\" fullwidth=\"on\" _builder_version=\"4.16\" global_colors_info=\"{}\"][et_pb_fullwidth_code _builder_version=\"4.16\" global_colors_info=\"{}\"][\/et_pb_fullwidth_code][\/et_pb_section][et_pb_section fb_built=\"1\" admin_label=\"footer\" _builder_version=\"4.3.2\" background_color=\"#004b70\" background_image=\"https:\/\/fevdi-nuclear.com\/wp-content\/uploads\/2019\/09\/anneaux-blancs.png\" background_size=\"contain\" background_position=\"center_right\" custom_margin=\"||0px||false|false\" custom_padding=\"38px||20px||false|false\" global_module=\"28050\" saved_tabs=\"all\" collapsed=\"off\" global_colors_info=\"{}\"][et_pb_row column_structure=\"1_3,1_3,1_3\" use_custom_gutter=\"on\" gutter_width=\"2\" make_equal=\"on\" _builder_version=\"4.22.1\" background_color=\"RGBA(0,0,0,0)\" width=\"100%\" custom_margin=\"0px||0px||false|false\" custom_margin_tablet=\"1rem|2rem|2rem|1rem|false|false\" custom_margin_phone=\"\" custom_margin_last_edited=\"on|desktop\" custom_padding=\"0px||0px||false|false\" global_colors_info=\"{}\"][et_pb_column type=\"1_3\" disabled_on=\"off|off|off\" _builder_version=\"4.22.1\" global_colors_info=\"{}\"][et_pb_image src=\"https:\/\/fevdi-nuclear.com\/wp-content\/uploads\/2019\/10\/Fichier-1.png\" _builder_version=\"4.22.1\" width=\"55%\" width_tablet=\"20%\" width_phone=\"30%\" width_last_edited=\"on|phone\" global_colors_info=\"{}\"][\/et_pb_image][et_pb_social_media_follow _builder_version=\"4.22.1\" _module_preset=\"default\" text_orientation=\"left\" global_colors_info=\"{}\"][et_pb_social_media_follow_network social_network=\"linkedin\" url=\"https:\/\/www.linkedin.com\/company\/fevdi\/\" _builder_version=\"4.22.1\" _module_preset=\"default\" background_color=\"#007bb6\" global_colors_info=\"{}\" follow_button=\"off\" url_new_window=\"on\"]linkedin[\/et_pb_social_media_follow_network][et_pb_social_media_follow_network social_network=\"youtube\" url=\"https:\/\/www.youtube.com\/channel\/UCBCRjrJOqpsQksdZiP5Z1fg\" _builder_version=\"4.22.1\" _module_preset=\"default\" background_color=\"#a82400\" global_colors_info=\"{}\" follow_button=\"off\" url_new_window=\"on\"]youtube[\/et_pb_social_media_follow_network][\/et_pb_social_media_follow][\/et_pb_column][et_pb_column type=\"1_3\" _builder_version=\"4.16\" global_colors_info=\"{}\"][et_pb_text _builder_version=\"4.22.1\" text_text_color=\"#ffffff\" custom_margin=\"||||false|false\" custom_padding=\"||0px|||\" global_colors_info=\"{}\"]<\/p>\n<p><span style=\"color: #ffffff\">24 rue Louis Pradel<\/span><br \/><span style=\"color: #ffffff\">BP 365<\/span><br \/><span style=\"color: #ffffff\">69969 CORBAS CEDEX<\/span><br \/><span style=\"color: #ffffff\">France<\/span><\/p>\n<p><span style=\"color: #ffffff\">+33(0)4 78 20 53 35<\/span><br \/><a href=\"mailto:contact@fevdi-nuclear.com\"><span style=\"color: #ffffff\">contact@fevdi-nuclear.com<\/span><\/a><\/p>\n<p>[\/et_pb_text][et_pb_button button_url=\"\/contact\" button_text=\"nous contacter\" _builder_version=\"4.16\" custom_button=\"on\" button_text_size=\"14px\" button_text_color=\"#ffffff\" button_bg_color=\"#189b73\" button_border_width=\"0px\" button_border_color=\"#ffffff\" button_font=\"|||on|||||\" custom_padding=\"1%|7%|1%|7%|false|false\" global_colors_info=\"{}\"][\/et_pb_button][\/et_pb_column][et_pb_column type=\"1_3\" _builder_version=\"4.16\" global_colors_info=\"{}\"][dsm_menu submenu_collapse=\"on\" list_style_type=\"none\" submenu_arrow_color=\"#FFFFFF\" disabled_on=\"on|on|off\" _builder_version=\"4.22.1\" sub_menu_text_color=\"#FFFFFF\" background_color=\"RGBA(0,0,0,0)\" global_colors_info=\"{}\"][\/dsm_menu][\/et_pb_column][\/et_pb_row][\/et_pb_section]<\/p>","protected":false},"excerpt":{"rendered":"<p>Nous contacter Vous souhaitez en savoir plus sur notre domaine d\u2019expertise en solutions chimiques, sur notre large gamme de produits ou sur nos mat\u00e9riels de pulv\u00e9risation pour la maintenance, la d\u00e9contamination et le d\u00e9mant\u00e8lement d\u2019installations nucl\u00e9aires ? R\u00e9active et \u00e0 l\u2019\u00e9coute, notre \u00e9quipe d\u2019experts est toujours disponible pour toutes demandes et interrogations, vous guidant ainsi [&hellip;]<\/p>","protected":false},"author":1,"featured_media":0,"parent":0,"menu_order":0,"comment_status":"closed","ping_status":"closed","template":"","meta":{"_et_pb_use_builder":"on","_et_pb_old_content":"","_et_gb_content_width":"","footnotes":""},"class_list":["post-28073","page","type-page","status-publish","hentry"],"yoast_head":"<!-- This site is optimized with the Yoast SEO plugin v27.4 - https:\/\/yoast.com\/product\/yoast-seo-wordpress\/ -->\n<title>Contact - Fevdi Nuclear Expert<\/title>\n<meta name=\"description\" content=\"Prenez contact avec notre \u00e9quipe. Nous sommes \u00e0 votre \u00e9coute pour toute question, demande de renseignements ou assistance.\" \/>\n<meta name=\"robots\" content=\"index, follow, max-snippet:-1, max-image-preview:large, max-video-preview:-1\" \/>\n<link rel=\"canonical\" href=\"https:\/\/fevdi-nuclear.com\/en\/contact\/\" \/>\n<meta property=\"og:locale\" content=\"en_US\" \/>\n<meta property=\"og:type\" content=\"article\" \/>\n<meta property=\"og:title\" content=\"Prenez Contact avec Notre \u00c9quipe\" \/>\n<meta property=\"og:description\" content=\"Besoin d&#039;aide, d&#039;informations ou simplement envie de discuter ? Nous sommes \u00e0 votre disposition. Contactez-nous d\u00e8s aujourd&#039;hui et laissez-nous r\u00e9pondre \u00e0 vos questions et besoins. Votre satisfaction est notre priorit\u00e9.\" \/>\n<meta property=\"og:url\" content=\"https:\/\/fevdi-nuclear.com\/en\/contact\/\" \/>\n<meta property=\"og:site_name\" content=\"Fevdi Nuclear Expert\" \/>\n<meta property=\"article:modified_time\" content=\"2025-04-28T13:50:03+00:00\" \/>\n<meta property=\"og:image\" content=\"https:\/\/fevdi-nuclear.com\/wp-content\/uploads\/2023\/09\/contact-1.png\" \/>\n\t<meta property=\"og:image:width\" content=\"1200\" \/>\n\t<meta property=\"og:image:height\" content=\"640\" \/>\n\t<meta property=\"og:image:type\" content=\"image\/png\" \/>\n<meta name=\"twitter:card\" content=\"summary_large_image\" \/>\n<meta name=\"twitter:title\" content=\"Prenez Contact avec Notre \u00c9quipe\" \/>\n<meta name=\"twitter:description\" content=\"Besoin d&#039;aide, d&#039;informations ou simplement envie de discuter ? Nous sommes \u00e0 votre disposition. Contactez-nous d\u00e8s aujourd&#039;hui et laissez-nous r\u00e9pondre \u00e0 vos questions et besoins. Votre satisfaction est notre priorit\u00e9.\" \/>\n<meta name=\"twitter:image\" content=\"https:\/\/fevdi-nuclear.com\/wp-content\/uploads\/2023\/09\/contact-1.png\" \/>\n<meta name=\"twitter:label1\" content=\"Est. reading time\" \/>\n\t<meta name=\"twitter:data1\" content=\"2 minutes\" \/>\n<script type=\"application\/ld+json\" class=\"yoast-schema-graph\">{\"@context\":\"https:\\\/\\\/schema.org\",\"@graph\":[{\"@type\":\"WebPage\",\"@id\":\"https:\\\/\\\/fevdi-nuclear.com\\\/contact\\\/\",\"url\":\"https:\\\/\\\/fevdi-nuclear.com\\\/contact\\\/\",\"name\":\"Contact - Fevdi Nuclear Expert\",\"isPartOf\":{\"@id\":\"https:\\\/\\\/fevdi-nuclear.com\\\/zh\\\/#website\"},\"datePublished\":\"2019-10-04T13:59:03+00:00\",\"dateModified\":\"2025-04-28T13:50:03+00:00\",\"description\":\"Prenez contact avec notre \u00e9quipe. Nous sommes \u00e0 votre \u00e9coute pour toute question, demande de renseignements ou assistance.\",\"breadcrumb\":{\"@id\":\"https:\\\/\\\/fevdi-nuclear.com\\\/contact\\\/#breadcrumb\"},\"inLanguage\":\"en-US\",\"potentialAction\":[{\"@type\":\"ReadAction\",\"target\":[\"https:\\\/\\\/fevdi-nuclear.com\\\/contact\\\/\"]}]},{\"@type\":\"BreadcrumbList\",\"@id\":\"https:\\\/\\\/fevdi-nuclear.com\\\/contact\\\/#breadcrumb\",\"itemListElement\":[{\"@type\":\"ListItem\",\"position\":1,\"name\":\"Accueil\",\"item\":\"https:\\\/\\\/fevdi-nuclear.com\\\/\"},{\"@type\":\"ListItem\",\"position\":2,\"name\":\"Contact\"}]},{\"@type\":\"WebSite\",\"@id\":\"https:\\\/\\\/fevdi-nuclear.com\\\/zh\\\/#website\",\"url\":\"https:\\\/\\\/fevdi-nuclear.com\\\/zh\\\/\",\"name\":\"Fevdi Nuclear Expert\",\"description\":\"Expert en d\u00e9contamination nucl\u00e9aire\",\"publisher\":{\"@id\":\"https:\\\/\\\/fevdi-nuclear.com\\\/zh\\\/#organization\"},\"potentialAction\":[{\"@type\":\"SearchAction\",\"target\":{\"@type\":\"EntryPoint\",\"urlTemplate\":\"https:\\\/\\\/fevdi-nuclear.com\\\/zh\\\/?s={search_term_string}\"},\"query-input\":{\"@type\":\"PropertyValueSpecification\",\"valueRequired\":true,\"valueName\":\"search_term_string\"}}],\"inLanguage\":\"en-US\"},{\"@type\":\"Organization\",\"@id\":\"https:\\\/\\\/fevdi-nuclear.com\\\/zh\\\/#organization\",\"name\":\"Fevdi\",\"url\":\"https:\\\/\\\/fevdi-nuclear.com\\\/zh\\\/\",\"logo\":{\"@type\":\"ImageObject\",\"inLanguage\":\"en-US\",\"@id\":\"https:\\\/\\\/fevdi-nuclear.com\\\/zh\\\/#\\\/schema\\\/logo\\\/image\\\/\",\"url\":\"https:\\\/\\\/fevdi-nuclear.com\\\/wp-content\\\/uploads\\\/2020\\\/01\\\/FEVDI-logo@512.png\",\"contentUrl\":\"https:\\\/\\\/fevdi-nuclear.com\\\/wp-content\\\/uploads\\\/2020\\\/01\\\/FEVDI-logo@512.png\",\"width\":512,\"height\":512,\"caption\":\"Fevdi\"},\"image\":{\"@id\":\"https:\\\/\\\/fevdi-nuclear.com\\\/zh\\\/#\\\/schema\\\/logo\\\/image\\\/\"}}]}<\/script>\n<!-- \/ Yoast SEO plugin. -->","yoast_head_json":{"title":"Contact - Fevdi Nuclear Expert","description":"Prenez contact avec notre \u00e9quipe. Nous sommes \u00e0 votre \u00e9coute pour toute question, demande de renseignements ou assistance.","robots":{"index":"index","follow":"follow","max-snippet":"max-snippet:-1","max-image-preview":"max-image-preview:large","max-video-preview":"max-video-preview:-1"},"canonical":"https:\/\/fevdi-nuclear.com\/en\/contact\/","og_locale":"en_US","og_type":"article","og_title":"Prenez Contact avec Notre \u00c9quipe","og_description":"Besoin d'aide, d'informations ou simplement envie de discuter ? Nous sommes \u00e0 votre disposition. Contactez-nous d\u00e8s aujourd'hui et laissez-nous r\u00e9pondre \u00e0 vos questions et besoins. Votre satisfaction est notre priorit\u00e9.","og_url":"https:\/\/fevdi-nuclear.com\/en\/contact\/","og_site_name":"Fevdi Nuclear Expert","article_modified_time":"2025-04-28T13:50:03+00:00","og_image":[{"width":1200,"height":640,"url":"https:\/\/fevdi-nuclear.com\/wp-content\/uploads\/2023\/09\/contact-1.png","type":"image\/png"}],"twitter_card":"summary_large_image","twitter_title":"Prenez Contact avec Notre \u00c9quipe","twitter_description":"Besoin d'aide, d'informations ou simplement envie de discuter ? Nous sommes \u00e0 votre disposition. Contactez-nous d\u00e8s aujourd'hui et laissez-nous r\u00e9pondre \u00e0 vos questions et besoins. Votre satisfaction est notre priorit\u00e9.","twitter_image":"https:\/\/fevdi-nuclear.com\/wp-content\/uploads\/2023\/09\/contact-1.png","twitter_misc":{"Est. reading time":"2 minutes"},"schema":{"@context":"https:\/\/schema.org","@graph":[{"@type":"WebPage","@id":"https:\/\/fevdi-nuclear.com\/contact\/","url":"https:\/\/fevdi-nuclear.com\/contact\/","name":"Contact - Fevdi Nuclear Expert","isPartOf":{"@id":"https:\/\/fevdi-nuclear.com\/zh\/#website"},"datePublished":"2019-10-04T13:59:03+00:00","dateModified":"2025-04-28T13:50:03+00:00","description":"Prenez contact avec notre \u00e9quipe. Nous sommes \u00e0 votre \u00e9coute pour toute question, demande de renseignements ou assistance.","breadcrumb":{"@id":"https:\/\/fevdi-nuclear.com\/contact\/#breadcrumb"},"inLanguage":"en-US","potentialAction":[{"@type":"ReadAction","target":["https:\/\/fevdi-nuclear.com\/contact\/"]}]},{"@type":"BreadcrumbList","@id":"https:\/\/fevdi-nuclear.com\/contact\/#breadcrumb","itemListElement":[{"@type":"ListItem","position":1,"name":"Accueil","item":"https:\/\/fevdi-nuclear.com\/"},{"@type":"ListItem","position":2,"name":"Contact"}]},{"@type":"WebSite","@id":"https:\/\/fevdi-nuclear.com\/zh\/#website","url":"https:\/\/fevdi-nuclear.com\/zh\/","name":"Fevdi Nuclear Expert","description":"Expert en d\u00e9contamination nucl\u00e9aire","publisher":{"@id":"https:\/\/fevdi-nuclear.com\/zh\/#organization"},"potentialAction":[{"@type":"SearchAction","target":{"@type":"EntryPoint","urlTemplate":"https:\/\/fevdi-nuclear.com\/zh\/?s={search_term_string}"},"query-input":{"@type":"PropertyValueSpecification","valueRequired":true,"valueName":"search_term_string"}}],"inLanguage":"en-US"},{"@type":"Organization","@id":"https:\/\/fevdi-nuclear.com\/zh\/#organization","name":"Fevdi","url":"https:\/\/fevdi-nuclear.com\/zh\/","logo":{"@type":"ImageObject","inLanguage":"en-US","@id":"https:\/\/fevdi-nuclear.com\/zh\/#\/schema\/logo\/image\/","url":"https:\/\/fevdi-nuclear.com\/wp-content\/uploads\/2020\/01\/FEVDI-logo@512.png","contentUrl":"https:\/\/fevdi-nuclear.com\/wp-content\/uploads\/2020\/01\/FEVDI-logo@512.png","width":512,"height":512,"caption":"Fevdi"},"image":{"@id":"https:\/\/fevdi-nuclear.com\/zh\/#\/schema\/logo\/image\/"}}]}},"_links":{"self":[{"href":"https:\/\/fevdi-nuclear.com\/en\/wp-json\/wp\/v2\/pages\/28073","targetHints":{"allow":["GET"]}}],"collection":[{"href":"https:\/\/fevdi-nuclear.com\/en\/wp-json\/wp\/v2\/pages"}],"about":[{"href":"https:\/\/fevdi-nuclear.com\/en\/wp-json\/wp\/v2\/types\/page"}],"author":[{"embeddable":true,"href":"https:\/\/fevdi-nuclear.com\/en\/wp-json\/wp\/v2\/users\/1"}],"replies":[{"embeddable":true,"href":"https:\/\/fevdi-nuclear.com\/en\/wp-json\/wp\/v2\/comments?post=28073"}],"version-history":[{"count":2,"href":"https:\/\/fevdi-nuclear.com\/en\/wp-json\/wp\/v2\/pages\/28073\/revisions"}],"predecessor-version":[{"id":36815,"href":"https:\/\/fevdi-nuclear.com\/en\/wp-json\/wp\/v2\/pages\/28073\/revisions\/36815"}],"wp:attachment":[{"href":"https:\/\/fevdi-nuclear.com\/en\/wp-json\/wp\/v2\/media?parent=28073"}],"curies":[{"name":"wp","href":"https:\/\/api.w.org\/{rel}","templated":true}]}}