{"id":28071,"date":"2019-10-04T13:53:45","date_gmt":"2019-10-04T11:53:45","guid":{"rendered":"https:\/\/fevdi-nuclear.com\/?page_id=28071"},"modified":"2024-07-17T15:58:47","modified_gmt":"2024-07-17T13:58:47","slug":"news-et-actualites-de-fevdi-nuclear","status":"publish","type":"page","link":"https:\/\/fevdi-nuclear.com\/en\/fevdi\/news-et-actualites-de-fevdi-nuclear\/","title":{"rendered":"News"},"content":{"rendered":"<p>[et_pb_section fb_built=\"1\" _builder_version=\"4.16\" background_enable_color=\"off\" use_background_color_gradient=\"on\" background_color_gradient_direction=\"90deg\" background_color_gradient_stops=\"rgba(0,75,112,0.8) 65%|rgba(0,0,0,0) 65%\" background_color_gradient_overlays_image=\"on\" background_color_gradient_start=\"rgba(0,75,112,0.8)\" background_color_gradient_start_position=\"65%\" background_color_gradient_end=\"rgba(0,0,0,0)\" background_color_gradient_end_position=\"65%\" background_image=\"https:\/\/fevdi-nuclear.com\/wp-content\/uploads\/2019\/12\/actu-100.jpg\" global_colors_info=\"{}\"][et_pb_row column_structure=\"1_2,1_2\" _builder_version=\"4.16\" height=\"250px\" global_colors_info=\"{}\"][et_pb_column type=\"1_2\" _builder_version=\"4.16\" global_colors_info=\"{}\"][et_pb_text admin_label=\"nos actualit\u00e9s\" _builder_version=\"4.16\" header_font=\"|700||on|||||\" header_text_color=\"#ffffff\" header_font_size=\"50px\" header_line_height=\"1.1em\" custom_padding_tablet=\"\" custom_padding_phone=\"|40%|||false|false\" custom_padding_last_edited=\"on|phone\" header_font_size_tablet=\"\" header_font_size_phone=\"30px\" header_font_size_last_edited=\"on|phone\" global_colors_info=\"{}\"]<\/p>\n<h1>nos actualit\u00e9s<\/h1>\n<p>[\/et_pb_text][et_pb_divider color=\"#ffffff\" divider_weight=\"9px\" divider_weight_tablet=\"\" divider_weight_phone=\"\" divider_weight_last_edited=\"on|phone\" admin_label=\"S\u00e9parateur\" _builder_version=\"4.16\" width=\"15%\" width_tablet=\"\" width_phone=\"15%\" width_last_edited=\"on|phone\" module_alignment=\"left\" custom_margin=\"||0px||false|false\" global_colors_info=\"{}\"][\/et_pb_divider][\/et_pb_column][et_pb_column type=\"1_2\" _builder_version=\"4.16\" global_colors_info=\"{}\"][et_pb_image src=\"https:\/\/fevdi-nuclear.com\/wp-content\/uploads\/2019\/12\/anneaux-gris.png\" title_text=\"anneaux-gris\" _builder_version=\"4.16\" width=\"40%\" module_alignment=\"left\" global_colors_info=\"{}\"][\/et_pb_image][\/et_pb_column][\/et_pb_row][\/et_pb_section][et_pb_section fb_built=\"1\" _builder_version=\"4.16\" background_enable_color=\"off\" background_image=\"https:\/\/fevdi-nuclear.com\/wp-content\/uploads\/2019\/12\/anneaux-gris.png\" background_size=\"contain\" background_position=\"center_left\" global_colors_info=\"{}\"][et_pb_row _builder_version=\"4.16\" background_enable_color=\"off\" background_enable_image=\"off\" background_size=\"initial\" global_colors_info=\"{}\"][et_pb_column type=\"4_4\" _builder_version=\"4.16\" global_colors_info=\"{}\"][et_pb_divider color=\"#d3163b\" divider_weight=\"9px\" admin_label=\"S\u00e9parateur\" _builder_version=\"4.16\" width=\"45px\" max_width=\"6%\" module_alignment=\"center\" custom_margin=\"-21px||-1px|||\" locked=\"off\" global_colors_info=\"{}\"][\/et_pb_divider][et_pb_text admin_label=\"Retrouvez les actualit\u00e9s de l'univers FEVDI\" _builder_version=\"4.22.2\" text_font=\"Roboto Slab||||||||\" header_font=\"Raleway|700|||||||\" header_text_align=\"center\" header_text_color=\"#ffffff\" header_font_size=\"50px\" header_2_font=\"Raleway|700||on|||||\" header_2_text_color=\"#004b70\" header_3_font=\"|700|||||||\" header_3_text_color=\"#ffffff\" header_3_font_size=\"33px\" header_4_font=\"Raleway||||||||\" header_5_font=\"Raleway||||||||\" header_6_font=\"Raleway||||||||\" text_orientation=\"center\" hover_enabled=\"0\" header_font_size_tablet=\"40px\" header_font_size_phone=\"30px\" header_font_size_last_edited=\"on|tablet\" locked=\"off\" global_colors_info=\"{}\" sticky_enabled=\"0\"]<\/p>\n<h2>Retrouvez les actualit\u00e9s FEVDI sur LinkedIn<\/h2>\n<p>[\/et_pb_text][et_pb_code _builder_version=\"4.22.2\" _module_preset=\"default\" global_colors_info=\"{}\"]<!-- [et_pb_line_break_holder] --><\/p>\n<div class=\"elfsight-app-85753e7c-dd28-422b-836f-63053a87270d\"><\/div>\n<p>[\/et_pb_code][\/et_pb_column][\/et_pb_row][et_pb_row _builder_version=\"4.16\" background_enable_color=\"off\" background_enable_image=\"off\" background_size=\"initial\" global_colors_info=\"{}\"][et_pb_column type=\"4_4\" _builder_version=\"4.16\" global_colors_info=\"{}\"][et_pb_divider color=\"#d3163b\" divider_weight=\"9px\" admin_label=\"S\u00e9parateur\" _builder_version=\"4.16\" width=\"45px\" max_width=\"6%\" module_alignment=\"center\" custom_margin=\"-21px||-1px|||\" locked=\"off\" global_colors_info=\"{}\"][\/et_pb_divider][et_pb_text admin_label=\"Retrouvez les actualit\u00e9s de l'univers FEVDI\" _builder_version=\"4.16\" text_font=\"Roboto Slab||||||||\" header_font=\"Raleway|700|||||||\" header_text_align=\"center\" header_text_color=\"#ffffff\" header_font_size=\"50px\" header_2_font=\"Raleway|700||on|||||\" header_2_text_color=\"#004b70\" header_3_font=\"|700|||||||\" header_3_text_color=\"#ffffff\" header_3_font_size=\"33px\" header_4_font=\"Raleway||||||||\" header_5_font=\"Raleway||||||||\" header_6_font=\"Raleway||||||||\" text_orientation=\"center\" hover_enabled=\"0\" header_font_size_tablet=\"40px\" header_font_size_phone=\"30px\" header_font_size_last_edited=\"on|tablet\" locked=\"off\" global_colors_info=\"{}\" sticky_enabled=\"0\"]<\/p>\n<h2>Retrouvez les actualit\u00e9s de l'univers FEVDI<\/h2>\n<p>[\/et_pb_text][et_pb_blog fullwidth=\"off\" posts_number=\"30\" include_categories=\"1\" show_more=\"on\" show_author=\"off\" show_date=\"off\" show_categories=\"off\" show_pagination=\"off\" use_overlay=\"on\" overlay_icon_color=\"#d3163b\" _builder_version=\"4.26.1\" header_font=\"|700|||||||\" header_text_align=\"center\" header_text_color=\"#004b70\" header_font_size=\"20px\" body_line_height=\"1.1em\" meta_font_size=\"10px\" read_more_text_color=\"#d3163b\" read_more_font_size=\"18px\" hover_enabled=\"0\" box_shadow_style=\"preset1\" global_colors_info=\"{}\" sticky_enabled=\"0\"][\/et_pb_blog][\/et_pb_column][\/et_pb_row][\/et_pb_section][et_pb_section fb_built=\"1\" admin_label=\"footer\" _builder_version=\"4.3.2\" background_color=\"#004b70\" background_image=\"https:\/\/fevdi-nuclear.com\/wp-content\/uploads\/2019\/09\/anneaux-blancs.png\" background_size=\"contain\" background_position=\"center_right\" custom_margin=\"||0px||false|false\" custom_padding=\"38px||20px||false|false\" global_module=\"28050\" saved_tabs=\"all\" collapsed=\"off\" global_colors_info=\"{}\"][et_pb_row column_structure=\"1_3,1_3,1_3\" use_custom_gutter=\"on\" gutter_width=\"2\" make_equal=\"on\" _builder_version=\"4.22.1\" background_color=\"RGBA(0,0,0,0)\" width=\"100%\" custom_margin=\"0px||0px||false|false\" custom_margin_tablet=\"1rem|2rem|2rem|1rem|false|false\" custom_margin_phone=\"\" custom_margin_last_edited=\"on|desktop\" custom_padding=\"0px||0px||false|false\" global_colors_info=\"{}\"][et_pb_column type=\"1_3\" disabled_on=\"off|off|off\" _builder_version=\"4.22.1\" global_colors_info=\"{}\"][et_pb_image src=\"https:\/\/fevdi-nuclear.com\/wp-content\/uploads\/2019\/10\/Fichier-1.png\" _builder_version=\"4.22.1\" width=\"55%\" width_tablet=\"20%\" width_phone=\"30%\" width_last_edited=\"on|phone\" global_colors_info=\"{}\"][\/et_pb_image][et_pb_social_media_follow _builder_version=\"4.22.1\" _module_preset=\"default\" text_orientation=\"left\" global_colors_info=\"{}\"][et_pb_social_media_follow_network social_network=\"linkedin\" url=\"https:\/\/www.linkedin.com\/company\/fevdi\/\" _builder_version=\"4.22.1\" _module_preset=\"default\" background_color=\"#007bb6\" global_colors_info=\"{}\" follow_button=\"off\" url_new_window=\"on\"]linkedin[\/et_pb_social_media_follow_network][et_pb_social_media_follow_network social_network=\"youtube\" url=\"https:\/\/www.youtube.com\/channel\/UCBCRjrJOqpsQksdZiP5Z1fg\" _builder_version=\"4.22.1\" _module_preset=\"default\" background_color=\"#a82400\" global_colors_info=\"{}\" follow_button=\"off\" url_new_window=\"on\"]youtube[\/et_pb_social_media_follow_network][\/et_pb_social_media_follow][\/et_pb_column][et_pb_column type=\"1_3\" _builder_version=\"4.16\" global_colors_info=\"{}\"][et_pb_text _builder_version=\"4.22.1\" text_text_color=\"#ffffff\" custom_margin=\"||||false|false\" custom_padding=\"||0px|||\" global_colors_info=\"{}\"]<\/p>\n<p><span style=\"color: #ffffff\">24 rue Louis Pradel<\/span><br \/><span style=\"color: #ffffff\">BP 365<\/span><br \/><span style=\"color: #ffffff\">69969 CORBAS CEDEX<\/span><br \/><span style=\"color: #ffffff\">France<\/span><\/p>\n<p><span style=\"color: #ffffff\">+33(0)4 78 20 53 35<\/span><br \/><a href=\"mailto:contact@fevdi-nuclear.com\"><span style=\"color: #ffffff\">contact@fevdi-nuclear.com<\/span><\/a><\/p>\n<p>[\/et_pb_text][et_pb_button button_url=\"\/contact\" button_text=\"nous contacter\" _builder_version=\"4.16\" custom_button=\"on\" button_text_size=\"14px\" button_text_color=\"#ffffff\" button_bg_color=\"#189b73\" button_border_width=\"0px\" button_border_color=\"#ffffff\" button_font=\"|||on|||||\" custom_padding=\"1%|7%|1%|7%|false|false\" global_colors_info=\"{}\"][\/et_pb_button][\/et_pb_column][et_pb_column type=\"1_3\" _builder_version=\"4.16\" global_colors_info=\"{}\"][dsm_menu submenu_collapse=\"on\" list_style_type=\"none\" submenu_arrow_color=\"#FFFFFF\" disabled_on=\"on|on|off\" _builder_version=\"4.22.1\" sub_menu_text_color=\"#FFFFFF\" background_color=\"RGBA(0,0,0,0)\" global_colors_info=\"{}\"][\/dsm_menu][\/et_pb_column][\/et_pb_row][\/et_pb_section]<\/p>","protected":false},"excerpt":{"rendered":"<p>D\u00e9couvrez l&rsquo;actualit\u00e9 FEVDI Nuclear sur les r\u00e9seaux Sociaux et venez nous rencontrer lors de nos salons nationaux ou internationaux.<\/p>","protected":false},"author":1,"featured_media":36448,"parent":27918,"menu_order":0,"comment_status":"closed","ping_status":"closed","template":"","meta":{"_et_pb_use_builder":"on","_et_pb_old_content":"","_et_gb_content_width":"","footnotes":""},"class_list":["post-28071","page","type-page","status-publish","has-post-thumbnail","hentry"],"yoast_head":"<!-- This site is optimized with the Yoast SEO plugin v27.4 - https:\/\/yoast.com\/product\/yoast-seo-wordpress\/ -->\n<title>Actualit\u00e9s - Fevdi Nuclear Expert Actualit\u00e9 de la d\u00e9contamination Nucl\u00e9aire et NRBCe<\/title>\n<meta name=\"description\" content=\"D\u00e9couvrez l&#039;actualit\u00e9 de FEVDI sur les r\u00e9seaux sociaux et venez nous rencontrer lors de nos salons nationaux ou internationaux.\" \/>\n<meta name=\"robots\" content=\"index, follow, max-snippet:-1, max-image-preview:large, max-video-preview:-1\" \/>\n<link rel=\"canonical\" href=\"https:\/\/fevdi-nuclear.com\/en\/fevdi\/news-et-actualites-de-fevdi-nuclear\/\" \/>\n<meta property=\"og:locale\" content=\"en_US\" \/>\n<meta property=\"og:type\" content=\"article\" \/>\n<meta property=\"og:title\" content=\"Actualit\u00e9s - Fevdi Nuclear Expert Actualit\u00e9 de la d\u00e9contamination Nucl\u00e9aire et NRBCe\" \/>\n<meta property=\"og:description\" content=\"D\u00e9couvrez l&#039;actualit\u00e9 de FEVDI sur les r\u00e9seaux sociaux et venez nous rencontrer lors de nos salons nationaux ou internationaux.\" \/>\n<meta property=\"og:url\" content=\"https:\/\/fevdi-nuclear.com\/en\/fevdi\/news-et-actualites-de-fevdi-nuclear\/\" \/>\n<meta property=\"og:site_name\" content=\"Fevdi Nuclear Expert\" \/>\n<meta property=\"article:modified_time\" content=\"2024-07-17T13:58:47+00:00\" \/>\n<meta property=\"og:image\" content=\"https:\/\/fevdi-nuclear.com\/wp-content\/uploads\/2023\/08\/20230530_110958-scaled.jpg\" \/>\n\t<meta property=\"og:image:width\" content=\"2560\" \/>\n\t<meta property=\"og:image:height\" content=\"2333\" \/>\n\t<meta property=\"og:image:type\" content=\"image\/jpeg\" \/>\n<meta name=\"twitter:card\" content=\"summary_large_image\" \/>\n<meta name=\"twitter:label1\" content=\"Est. reading time\" \/>\n\t<meta name=\"twitter:data1\" content=\"8 minutes\" \/>\n<script type=\"application\/ld+json\" class=\"yoast-schema-graph\">{\"@context\":\"https:\\\/\\\/schema.org\",\"@graph\":[{\"@type\":\"WebPage\",\"@id\":\"https:\\\/\\\/fevdi-nuclear.com\\\/fevdi\\\/news-et-actualites-de-fevdi-nuclear\\\/\",\"url\":\"https:\\\/\\\/fevdi-nuclear.com\\\/fevdi\\\/news-et-actualites-de-fevdi-nuclear\\\/\",\"name\":\"Actualit\u00e9s - Fevdi Nuclear Expert Actualit\u00e9 de la d\u00e9contamination Nucl\u00e9aire et NRBCe\",\"isPartOf\":{\"@id\":\"https:\\\/\\\/fevdi-nuclear.com\\\/zh\\\/#website\"},\"primaryImageOfPage\":{\"@id\":\"https:\\\/\\\/fevdi-nuclear.com\\\/fevdi\\\/news-et-actualites-de-fevdi-nuclear\\\/#primaryimage\"},\"image\":{\"@id\":\"https:\\\/\\\/fevdi-nuclear.com\\\/fevdi\\\/news-et-actualites-de-fevdi-nuclear\\\/#primaryimage\"},\"thumbnailUrl\":\"https:\\\/\\\/fevdi-nuclear.com\\\/wp-content\\\/uploads\\\/2023\\\/08\\\/20230530_110958-scaled.jpg\",\"datePublished\":\"2019-10-04T11:53:45+00:00\",\"dateModified\":\"2024-07-17T13:58:47+00:00\",\"description\":\"D\u00e9couvrez l'actualit\u00e9 de FEVDI sur les r\u00e9seaux sociaux et venez nous rencontrer lors de nos salons nationaux ou internationaux.\",\"breadcrumb\":{\"@id\":\"https:\\\/\\\/fevdi-nuclear.com\\\/fevdi\\\/news-et-actualites-de-fevdi-nuclear\\\/#breadcrumb\"},\"inLanguage\":\"en-US\",\"potentialAction\":[{\"@type\":\"ReadAction\",\"target\":[\"https:\\\/\\\/fevdi-nuclear.com\\\/fevdi\\\/news-et-actualites-de-fevdi-nuclear\\\/\"]}]},{\"@type\":\"ImageObject\",\"inLanguage\":\"en-US\",\"@id\":\"https:\\\/\\\/fevdi-nuclear.com\\\/fevdi\\\/news-et-actualites-de-fevdi-nuclear\\\/#primaryimage\",\"url\":\"https:\\\/\\\/fevdi-nuclear.com\\\/wp-content\\\/uploads\\\/2023\\\/08\\\/20230530_110958-scaled.jpg\",\"contentUrl\":\"https:\\\/\\\/fevdi-nuclear.com\\\/wp-content\\\/uploads\\\/2023\\\/08\\\/20230530_110958-scaled.jpg\",\"width\":2560,\"height\":2333},{\"@type\":\"BreadcrumbList\",\"@id\":\"https:\\\/\\\/fevdi-nuclear.com\\\/fevdi\\\/news-et-actualites-de-fevdi-nuclear\\\/#breadcrumb\",\"itemListElement\":[{\"@type\":\"ListItem\",\"position\":1,\"name\":\"Accueil\",\"item\":\"https:\\\/\\\/fevdi-nuclear.com\\\/\"},{\"@type\":\"ListItem\",\"position\":2,\"name\":\"Accueil\",\"item\":\"https:\\\/\\\/fevdi-nuclear.com\\\/\"},{\"@type\":\"ListItem\",\"position\":3,\"name\":\"Actualit\u00e9s\"}]},{\"@type\":\"WebSite\",\"@id\":\"https:\\\/\\\/fevdi-nuclear.com\\\/zh\\\/#website\",\"url\":\"https:\\\/\\\/fevdi-nuclear.com\\\/zh\\\/\",\"name\":\"Fevdi Nuclear Expert\",\"description\":\"Expert en d\u00e9contamination nucl\u00e9aire\",\"publisher\":{\"@id\":\"https:\\\/\\\/fevdi-nuclear.com\\\/zh\\\/#organization\"},\"potentialAction\":[{\"@type\":\"SearchAction\",\"target\":{\"@type\":\"EntryPoint\",\"urlTemplate\":\"https:\\\/\\\/fevdi-nuclear.com\\\/zh\\\/?s={search_term_string}\"},\"query-input\":{\"@type\":\"PropertyValueSpecification\",\"valueRequired\":true,\"valueName\":\"search_term_string\"}}],\"inLanguage\":\"en-US\"},{\"@type\":\"Organization\",\"@id\":\"https:\\\/\\\/fevdi-nuclear.com\\\/zh\\\/#organization\",\"name\":\"Fevdi\",\"url\":\"https:\\\/\\\/fevdi-nuclear.com\\\/zh\\\/\",\"logo\":{\"@type\":\"ImageObject\",\"inLanguage\":\"en-US\",\"@id\":\"https:\\\/\\\/fevdi-nuclear.com\\\/zh\\\/#\\\/schema\\\/logo\\\/image\\\/\",\"url\":\"https:\\\/\\\/fevdi-nuclear.com\\\/wp-content\\\/uploads\\\/2020\\\/01\\\/FEVDI-logo@512.png\",\"contentUrl\":\"https:\\\/\\\/fevdi-nuclear.com\\\/wp-content\\\/uploads\\\/2020\\\/01\\\/FEVDI-logo@512.png\",\"width\":512,\"height\":512,\"caption\":\"Fevdi\"},\"image\":{\"@id\":\"https:\\\/\\\/fevdi-nuclear.com\\\/zh\\\/#\\\/schema\\\/logo\\\/image\\\/\"}}]}<\/script>\n<!-- \/ Yoast SEO plugin. -->","yoast_head_json":{"title":"Actualit\u00e9s - Fevdi Nuclear Expert Actualit\u00e9 de la d\u00e9contamination Nucl\u00e9aire et NRBCe","description":"D\u00e9couvrez l'actualit\u00e9 de FEVDI sur les r\u00e9seaux sociaux et venez nous rencontrer lors de nos salons nationaux ou internationaux.","robots":{"index":"index","follow":"follow","max-snippet":"max-snippet:-1","max-image-preview":"max-image-preview:large","max-video-preview":"max-video-preview:-1"},"canonical":"https:\/\/fevdi-nuclear.com\/en\/fevdi\/news-et-actualites-de-fevdi-nuclear\/","og_locale":"en_US","og_type":"article","og_title":"Actualit\u00e9s - Fevdi Nuclear Expert Actualit\u00e9 de la d\u00e9contamination Nucl\u00e9aire et NRBCe","og_description":"D\u00e9couvrez l'actualit\u00e9 de FEVDI sur les r\u00e9seaux sociaux et venez nous rencontrer lors de nos salons nationaux ou internationaux.","og_url":"https:\/\/fevdi-nuclear.com\/en\/fevdi\/news-et-actualites-de-fevdi-nuclear\/","og_site_name":"Fevdi Nuclear Expert","article_modified_time":"2024-07-17T13:58:47+00:00","og_image":[{"width":2560,"height":2333,"url":"https:\/\/fevdi-nuclear.com\/wp-content\/uploads\/2023\/08\/20230530_110958-scaled.jpg","type":"image\/jpeg"}],"twitter_card":"summary_large_image","twitter_misc":{"Est. reading time":"8 minutes"},"schema":{"@context":"https:\/\/schema.org","@graph":[{"@type":"WebPage","@id":"https:\/\/fevdi-nuclear.com\/fevdi\/news-et-actualites-de-fevdi-nuclear\/","url":"https:\/\/fevdi-nuclear.com\/fevdi\/news-et-actualites-de-fevdi-nuclear\/","name":"Actualit\u00e9s - Fevdi Nuclear Expert Actualit\u00e9 de la d\u00e9contamination Nucl\u00e9aire et NRBCe","isPartOf":{"@id":"https:\/\/fevdi-nuclear.com\/zh\/#website"},"primaryImageOfPage":{"@id":"https:\/\/fevdi-nuclear.com\/fevdi\/news-et-actualites-de-fevdi-nuclear\/#primaryimage"},"image":{"@id":"https:\/\/fevdi-nuclear.com\/fevdi\/news-et-actualites-de-fevdi-nuclear\/#primaryimage"},"thumbnailUrl":"https:\/\/fevdi-nuclear.com\/wp-content\/uploads\/2023\/08\/20230530_110958-scaled.jpg","datePublished":"2019-10-04T11:53:45+00:00","dateModified":"2024-07-17T13:58:47+00:00","description":"D\u00e9couvrez l'actualit\u00e9 de FEVDI sur les r\u00e9seaux sociaux et venez nous rencontrer lors de nos salons nationaux ou internationaux.","breadcrumb":{"@id":"https:\/\/fevdi-nuclear.com\/fevdi\/news-et-actualites-de-fevdi-nuclear\/#breadcrumb"},"inLanguage":"en-US","potentialAction":[{"@type":"ReadAction","target":["https:\/\/fevdi-nuclear.com\/fevdi\/news-et-actualites-de-fevdi-nuclear\/"]}]},{"@type":"ImageObject","inLanguage":"en-US","@id":"https:\/\/fevdi-nuclear.com\/fevdi\/news-et-actualites-de-fevdi-nuclear\/#primaryimage","url":"https:\/\/fevdi-nuclear.com\/wp-content\/uploads\/2023\/08\/20230530_110958-scaled.jpg","contentUrl":"https:\/\/fevdi-nuclear.com\/wp-content\/uploads\/2023\/08\/20230530_110958-scaled.jpg","width":2560,"height":2333},{"@type":"BreadcrumbList","@id":"https:\/\/fevdi-nuclear.com\/fevdi\/news-et-actualites-de-fevdi-nuclear\/#breadcrumb","itemListElement":[{"@type":"ListItem","position":1,"name":"Accueil","item":"https:\/\/fevdi-nuclear.com\/"},{"@type":"ListItem","position":2,"name":"Accueil","item":"https:\/\/fevdi-nuclear.com\/"},{"@type":"ListItem","position":3,"name":"Actualit\u00e9s"}]},{"@type":"WebSite","@id":"https:\/\/fevdi-nuclear.com\/zh\/#website","url":"https:\/\/fevdi-nuclear.com\/zh\/","name":"Fevdi Nuclear Expert","description":"Expert en d\u00e9contamination nucl\u00e9aire","publisher":{"@id":"https:\/\/fevdi-nuclear.com\/zh\/#organization"},"potentialAction":[{"@type":"SearchAction","target":{"@type":"EntryPoint","urlTemplate":"https:\/\/fevdi-nuclear.com\/zh\/?s={search_term_string}"},"query-input":{"@type":"PropertyValueSpecification","valueRequired":true,"valueName":"search_term_string"}}],"inLanguage":"en-US"},{"@type":"Organization","@id":"https:\/\/fevdi-nuclear.com\/zh\/#organization","name":"Fevdi","url":"https:\/\/fevdi-nuclear.com\/zh\/","logo":{"@type":"ImageObject","inLanguage":"en-US","@id":"https:\/\/fevdi-nuclear.com\/zh\/#\/schema\/logo\/image\/","url":"https:\/\/fevdi-nuclear.com\/wp-content\/uploads\/2020\/01\/FEVDI-logo@512.png","contentUrl":"https:\/\/fevdi-nuclear.com\/wp-content\/uploads\/2020\/01\/FEVDI-logo@512.png","width":512,"height":512,"caption":"Fevdi"},"image":{"@id":"https:\/\/fevdi-nuclear.com\/zh\/#\/schema\/logo\/image\/"}}]}},"_links":{"self":[{"href":"https:\/\/fevdi-nuclear.com\/en\/wp-json\/wp\/v2\/pages\/28071","targetHints":{"allow":["GET"]}}],"collection":[{"href":"https:\/\/fevdi-nuclear.com\/en\/wp-json\/wp\/v2\/pages"}],"about":[{"href":"https:\/\/fevdi-nuclear.com\/en\/wp-json\/wp\/v2\/types\/page"}],"author":[{"embeddable":true,"href":"https:\/\/fevdi-nuclear.com\/en\/wp-json\/wp\/v2\/users\/1"}],"replies":[{"embeddable":true,"href":"https:\/\/fevdi-nuclear.com\/en\/wp-json\/wp\/v2\/comments?post=28071"}],"version-history":[{"count":7,"href":"https:\/\/fevdi-nuclear.com\/en\/wp-json\/wp\/v2\/pages\/28071\/revisions"}],"predecessor-version":[{"id":36713,"href":"https:\/\/fevdi-nuclear.com\/en\/wp-json\/wp\/v2\/pages\/28071\/revisions\/36713"}],"up":[{"embeddable":true,"href":"https:\/\/fevdi-nuclear.com\/en\/wp-json\/wp\/v2\/pages\/27918"}],"wp:featuredmedia":[{"embeddable":true,"href":"https:\/\/fevdi-nuclear.com\/en\/wp-json\/wp\/v2\/media\/36448"}],"wp:attachment":[{"href":"https:\/\/fevdi-nuclear.com\/en\/wp-json\/wp\/v2\/media?parent=28071"}],"curies":[{"name":"wp","href":"https:\/\/api.w.org\/{rel}","templated":true}]}}