{"id":36699,"date":"2024-06-19T17:46:41","date_gmt":"2024-06-19T15:46:41","guid":{"rendered":"https:\/\/fevdi-nuclear.com\/?post_type=product&#038;p=36699"},"modified":"2024-06-19T18:06:36","modified_gmt":"2024-06-19T16:06:36","slug":"fevdi-derm-peau","status":"publish","type":"product","link":"https:\/\/fevdi-nuclear.com\/de\/produkt\/fevdi-derm-peau\/","title":{"rendered":"FEVDI DERM"},"content":{"rendered":"<div class=\"page\" title=\"Page 1\">\n<div class=\"layoutArea\">\n<div class=\"column\">FEVDI DERM est un produit de d\u00e9contamination nucl\u00e9aire sp\u00e9cialement con\u00e7u pour la peau. Gr\u00e2ce \u00e0 formulation exempt de tout \u00e9l\u00e9ment allerg\u00e8nes (colorant, parfums, etc...), le FEVDI DERM peut \u00eatre utilis\u00e9 quotidiennement sur tout type de peau sans risque d'allergie.<\/div>\n<\/div>\n<\/div>","protected":false},"excerpt":{"rendered":"<p>Nukleares Dekontaminationsprodukt f\u00fcr die Haut. Siehe Einzelheiten.<\/p>","protected":false},"featured_media":36700,"template":"","meta":{"_et_pb_use_builder":"off","_et_pb_old_content":"<div class=\"page\" title=\"Page 1\">\r\n<div class=\"layoutArea\">\r\n<div class=\"column\">\r\n\r\nHYDROGEL de\u0301sinfecte en une ope\u0301ration, sans eau et sans savon, pour une hygie\u0300ne des mains assure\u0301e.\r\n\r\nHYDROGEL est conforme aux recommandations officielles en vigueur concernant la lutte contre le virus de la grippe A (H1N1) et du Coronavirus (SARS-CoV-2), COVID-19. Particulie\u0300rement efficace pour combattre les infections nosocomiales, ses proprie\u0301te\u0301s antiseptiques le rendent indispensable dans les secteurs d\u2019activite\u0301s ne\u0301cessitant une hygie\u0300ne parfaite.\r\n\r\nHYDROGEL contient de la glyce\u0301rine, judicieusement se\u0301lectionne\u0301e comme hydratant, reconnue pour ses vertus adoucissantes. Apre\u0300s utilisation, il laisse sur les mains une tre\u0300s le\u0301ge\u0300re odeur frai\u0302che et agre\u0301able. Les mains sont assainies et ne collent pas.\r\n\r\n<\/div>\r\n<\/div>\r\n<\/div>","_et_gb_content_width":""},"product_brand":[],"product_cat":[224,227,223,160,162,210,166,167,150,96,153,216,228,226,178,152,144,145],"product_tag":[],"class_list":{"0":"post-36699","1":"product","2":"type-product","3":"status-publish","4":"has-post-thumbnail","6":"product_cat-contamination-labile-hzc","7":"product_cat-effluent-zc","8":"product_cat-forme-gel","9":"product_cat-formes","10":"product_cat-gel","11":"product_cat-hzc","12":"product_cat-materiaux-cibles","13":"product_cat-nombreux","14":"product_cat-pmuc","15":"product_cat-produits-dentretien-hors-zone-controlee","16":"product_cat-besoins","17":"product_cat-sans-effluents-hzc","18":"product_cat-produits-zc-avec-effluents","19":"product_cat-contamination-sans-hzc","20":"product_cat-non","21":"product_cat-sans-pmuc","22":"product_cat-surfaces-ciblees","23":"product_cat-volume-ouvert","24":"pa_attribut-pmuc-attribut-sans-pmuc","25":"pa_conditionnements-200-litres","26":"pa_conditionnements-30-litres","27":"pa_conditionnements-05l","28":"pa_conditionnements-60-litres","29":"pa_conditionnements-ibc-1000l","30":"pa_contamination-labile","31":"pa_materiaux-cibles-nombreux","32":"pa_surfaces-ciblees-volume-ouvert","34":"first","35":"instock","36":"shipping-taxable","37":"purchasable","38":"product-type-simple"},"yoast_head":"<!-- This site is optimized with the Yoast SEO plugin v27.4 - https:\/\/yoast.com\/product\/yoast-seo-wordpress\/ -->\n<title>FEVDI DERM - Fevdi Nuclear Expert<\/title>\n<meta name=\"description\" content=\"Produit de d\u00e9contamination nucl\u00e9aire pour la peau sans risque d&#039;allergie.\" \/>\n<meta name=\"robots\" content=\"index, follow, max-snippet:-1, max-image-preview:large, max-video-preview:-1\" \/>\n<link rel=\"canonical\" href=\"https:\/\/fevdi-nuclear.com\/de\/produkt\/fevdi-derm-peau\/\" \/>\n<meta property=\"og:locale\" content=\"de_DE\" \/>\n<meta property=\"og:type\" content=\"article\" \/>\n<meta property=\"og:title\" content=\"FEVDI DERM - Fevdi Nuclear Expert\" \/>\n<meta property=\"og:description\" content=\"Produit de d\u00e9contamination nucl\u00e9aire pour la peau sans risque d&#039;allergie.\" \/>\n<meta property=\"og:url\" content=\"https:\/\/fevdi-nuclear.com\/de\/produkt\/fevdi-derm-peau\/\" \/>\n<meta property=\"og:site_name\" content=\"Fevdi Nuclear Expert\" \/>\n<meta property=\"article:modified_time\" content=\"2024-06-19T16:06:36+00:00\" \/>\n<meta property=\"og:image\" content=\"https:\/\/fevdi-nuclear.com\/wp-content\/uploads\/2024\/06\/FEVDI-DERM.jpg\" \/>\n\t<meta property=\"og:image:width\" content=\"199\" \/>\n\t<meta property=\"og:image:height\" content=\"488\" \/>\n\t<meta property=\"og:image:type\" content=\"image\/jpeg\" \/>\n<meta name=\"twitter:card\" content=\"summary_large_image\" \/>\n<meta name=\"twitter:label1\" content=\"Gesch\u00e4tzte Lesezeit\" \/>\n\t<meta name=\"twitter:data1\" content=\"1\u00a0Minute\" \/>\n<script type=\"application\/ld+json\" class=\"yoast-schema-graph\">{\"@context\":\"https:\\\/\\\/schema.org\",\"@graph\":[{\"@type\":\"WebPage\",\"@id\":\"https:\\\/\\\/fevdi-nuclear.com\\\/produit\\\/fevdi-derm-peau\",\"url\":\"https:\\\/\\\/fevdi-nuclear.com\\\/produit\\\/fevdi-derm-peau\",\"name\":\"FEVDI DERM - Fevdi Nuclear Expert\",\"isPartOf\":{\"@id\":\"https:\\\/\\\/fevdi-nuclear.com\\\/zh\\\/#website\"},\"primaryImageOfPage\":{\"@id\":\"https:\\\/\\\/fevdi-nuclear.com\\\/produit\\\/fevdi-derm-peau#primaryimage\"},\"image\":{\"@id\":\"https:\\\/\\\/fevdi-nuclear.com\\\/produit\\\/fevdi-derm-peau#primaryimage\"},\"thumbnailUrl\":\"https:\\\/\\\/fevdi-nuclear.com\\\/wp-content\\\/uploads\\\/2024\\\/06\\\/FEVDI-DERM.jpg\",\"datePublished\":\"2024-06-19T15:46:41+00:00\",\"dateModified\":\"2024-06-19T16:06:36+00:00\",\"description\":\"Produit de d\u00e9contamination nucl\u00e9aire pour la peau sans risque d'allergie.\",\"breadcrumb\":{\"@id\":\"https:\\\/\\\/fevdi-nuclear.com\\\/produit\\\/fevdi-derm-peau#breadcrumb\"},\"inLanguage\":\"de\",\"potentialAction\":[{\"@type\":\"ReadAction\",\"target\":[\"https:\\\/\\\/fevdi-nuclear.com\\\/produit\\\/fevdi-derm-peau\"]}]},{\"@type\":\"ImageObject\",\"inLanguage\":\"de\",\"@id\":\"https:\\\/\\\/fevdi-nuclear.com\\\/produit\\\/fevdi-derm-peau#primaryimage\",\"url\":\"https:\\\/\\\/fevdi-nuclear.com\\\/wp-content\\\/uploads\\\/2024\\\/06\\\/FEVDI-DERM.jpg\",\"contentUrl\":\"https:\\\/\\\/fevdi-nuclear.com\\\/wp-content\\\/uploads\\\/2024\\\/06\\\/FEVDI-DERM.jpg\",\"width\":199,\"height\":488,\"caption\":\"Skin decontamination\"},{\"@type\":\"BreadcrumbList\",\"@id\":\"https:\\\/\\\/fevdi-nuclear.com\\\/produit\\\/fevdi-derm-peau#breadcrumb\",\"itemListElement\":[{\"@type\":\"ListItem\",\"position\":1,\"name\":\"Accueil\",\"item\":\"https:\\\/\\\/fevdi-nuclear.com\\\/\"},{\"@type\":\"ListItem\",\"position\":2,\"name\":\"Boutique 2\",\"item\":\"https:\\\/\\\/fevdi-nuclear.com\\\/en\\\/boutique\\\/\"},{\"@type\":\"ListItem\",\"position\":3,\"name\":\"FEVDI DERM\"}]},{\"@type\":\"WebSite\",\"@id\":\"https:\\\/\\\/fevdi-nuclear.com\\\/zh\\\/#website\",\"url\":\"https:\\\/\\\/fevdi-nuclear.com\\\/zh\\\/\",\"name\":\"Fevdi Nuclear Expert\",\"description\":\"Expert en d\u00e9contamination nucl\u00e9aire\",\"publisher\":{\"@id\":\"https:\\\/\\\/fevdi-nuclear.com\\\/zh\\\/#organization\"},\"potentialAction\":[{\"@type\":\"SearchAction\",\"target\":{\"@type\":\"EntryPoint\",\"urlTemplate\":\"https:\\\/\\\/fevdi-nuclear.com\\\/zh\\\/?s={search_term_string}\"},\"query-input\":{\"@type\":\"PropertyValueSpecification\",\"valueRequired\":true,\"valueName\":\"search_term_string\"}}],\"inLanguage\":\"de\"},{\"@type\":\"Organization\",\"@id\":\"https:\\\/\\\/fevdi-nuclear.com\\\/zh\\\/#organization\",\"name\":\"Fevdi\",\"url\":\"https:\\\/\\\/fevdi-nuclear.com\\\/zh\\\/\",\"logo\":{\"@type\":\"ImageObject\",\"inLanguage\":\"de\",\"@id\":\"https:\\\/\\\/fevdi-nuclear.com\\\/zh\\\/#\\\/schema\\\/logo\\\/image\\\/\",\"url\":\"https:\\\/\\\/fevdi-nuclear.com\\\/wp-content\\\/uploads\\\/2020\\\/01\\\/FEVDI-logo@512.png\",\"contentUrl\":\"https:\\\/\\\/fevdi-nuclear.com\\\/wp-content\\\/uploads\\\/2020\\\/01\\\/FEVDI-logo@512.png\",\"width\":512,\"height\":512,\"caption\":\"Fevdi\"},\"image\":{\"@id\":\"https:\\\/\\\/fevdi-nuclear.com\\\/zh\\\/#\\\/schema\\\/logo\\\/image\\\/\"}}]}<\/script>\n<!-- \/ Yoast SEO plugin. -->","yoast_head_json":{"title":"FEVDI DERM - Fevdi Nuclear Expert","description":"Produit de d\u00e9contamination nucl\u00e9aire pour la peau sans risque d'allergie.","robots":{"index":"index","follow":"follow","max-snippet":"max-snippet:-1","max-image-preview":"max-image-preview:large","max-video-preview":"max-video-preview:-1"},"canonical":"https:\/\/fevdi-nuclear.com\/de\/produkt\/fevdi-derm-peau\/","og_locale":"de_DE","og_type":"article","og_title":"FEVDI DERM - Fevdi Nuclear Expert","og_description":"Produit de d\u00e9contamination nucl\u00e9aire pour la peau sans risque d'allergie.","og_url":"https:\/\/fevdi-nuclear.com\/de\/produkt\/fevdi-derm-peau\/","og_site_name":"Fevdi Nuclear Expert","article_modified_time":"2024-06-19T16:06:36+00:00","og_image":[{"width":199,"height":488,"url":"https:\/\/fevdi-nuclear.com\/wp-content\/uploads\/2024\/06\/FEVDI-DERM.jpg","type":"image\/jpeg"}],"twitter_card":"summary_large_image","twitter_misc":{"Gesch\u00e4tzte Lesezeit":"1\u00a0Minute"},"schema":{"@context":"https:\/\/schema.org","@graph":[{"@type":"WebPage","@id":"https:\/\/fevdi-nuclear.com\/produit\/fevdi-derm-peau","url":"https:\/\/fevdi-nuclear.com\/produit\/fevdi-derm-peau","name":"FEVDI DERM - Fevdi Nuclear Expert","isPartOf":{"@id":"https:\/\/fevdi-nuclear.com\/zh\/#website"},"primaryImageOfPage":{"@id":"https:\/\/fevdi-nuclear.com\/produit\/fevdi-derm-peau#primaryimage"},"image":{"@id":"https:\/\/fevdi-nuclear.com\/produit\/fevdi-derm-peau#primaryimage"},"thumbnailUrl":"https:\/\/fevdi-nuclear.com\/wp-content\/uploads\/2024\/06\/FEVDI-DERM.jpg","datePublished":"2024-06-19T15:46:41+00:00","dateModified":"2024-06-19T16:06:36+00:00","description":"Produit de d\u00e9contamination nucl\u00e9aire pour la peau sans risque d'allergie.","breadcrumb":{"@id":"https:\/\/fevdi-nuclear.com\/produit\/fevdi-derm-peau#breadcrumb"},"inLanguage":"de","potentialAction":[{"@type":"ReadAction","target":["https:\/\/fevdi-nuclear.com\/produit\/fevdi-derm-peau"]}]},{"@type":"ImageObject","inLanguage":"de","@id":"https:\/\/fevdi-nuclear.com\/produit\/fevdi-derm-peau#primaryimage","url":"https:\/\/fevdi-nuclear.com\/wp-content\/uploads\/2024\/06\/FEVDI-DERM.jpg","contentUrl":"https:\/\/fevdi-nuclear.com\/wp-content\/uploads\/2024\/06\/FEVDI-DERM.jpg","width":199,"height":488,"caption":"Skin decontamination"},{"@type":"BreadcrumbList","@id":"https:\/\/fevdi-nuclear.com\/produit\/fevdi-derm-peau#breadcrumb","itemListElement":[{"@type":"ListItem","position":1,"name":"Accueil","item":"https:\/\/fevdi-nuclear.com\/"},{"@type":"ListItem","position":2,"name":"Boutique 2","item":"https:\/\/fevdi-nuclear.com\/en\/boutique\/"},{"@type":"ListItem","position":3,"name":"FEVDI DERM"}]},{"@type":"WebSite","@id":"https:\/\/fevdi-nuclear.com\/zh\/#website","url":"https:\/\/fevdi-nuclear.com\/zh\/","name":"Fevdi Nuclear Expert","description":"Expert en d\u00e9contamination nucl\u00e9aire","publisher":{"@id":"https:\/\/fevdi-nuclear.com\/zh\/#organization"},"potentialAction":[{"@type":"SearchAction","target":{"@type":"EntryPoint","urlTemplate":"https:\/\/fevdi-nuclear.com\/zh\/?s={search_term_string}"},"query-input":{"@type":"PropertyValueSpecification","valueRequired":true,"valueName":"search_term_string"}}],"inLanguage":"de"},{"@type":"Organization","@id":"https:\/\/fevdi-nuclear.com\/zh\/#organization","name":"Fevdi","url":"https:\/\/fevdi-nuclear.com\/zh\/","logo":{"@type":"ImageObject","inLanguage":"de","@id":"https:\/\/fevdi-nuclear.com\/zh\/#\/schema\/logo\/image\/","url":"https:\/\/fevdi-nuclear.com\/wp-content\/uploads\/2020\/01\/FEVDI-logo@512.png","contentUrl":"https:\/\/fevdi-nuclear.com\/wp-content\/uploads\/2020\/01\/FEVDI-logo@512.png","width":512,"height":512,"caption":"Fevdi"},"image":{"@id":"https:\/\/fevdi-nuclear.com\/zh\/#\/schema\/logo\/image\/"}}]}},"_links":{"self":[{"href":"https:\/\/fevdi-nuclear.com\/de\/wp-json\/wp\/v2\/product\/36699","targetHints":{"allow":["GET"]}}],"collection":[{"href":"https:\/\/fevdi-nuclear.com\/de\/wp-json\/wp\/v2\/product"}],"about":[{"href":"https:\/\/fevdi-nuclear.com\/de\/wp-json\/wp\/v2\/types\/product"}],"wp:featuredmedia":[{"embeddable":true,"href":"https:\/\/fevdi-nuclear.com\/de\/wp-json\/wp\/v2\/media\/36700"}],"wp:attachment":[{"href":"https:\/\/fevdi-nuclear.com\/de\/wp-json\/wp\/v2\/media?parent=36699"}],"wp:term":[{"taxonomy":"product_brand","embeddable":true,"href":"https:\/\/fevdi-nuclear.com\/de\/wp-json\/wp\/v2\/product_brand?post=36699"},{"taxonomy":"product_cat","embeddable":true,"href":"https:\/\/fevdi-nuclear.com\/de\/wp-json\/wp\/v2\/product_cat?post=36699"},{"taxonomy":"product_tag","embeddable":true,"href":"https:\/\/fevdi-nuclear.com\/de\/wp-json\/wp\/v2\/product_tag?post=36699"}],"curies":[{"name":"wp","href":"https:\/\/api.w.org\/{rel}","templated":true}]}}