{"id":36279,"date":"2022-08-24T11:27:58","date_gmt":"2022-08-24T09:27:58","guid":{"rendered":"https:\/\/fevdi-nuclear.com\/?post_type=product&#038;p=36279"},"modified":"2022-08-24T11:54:40","modified_gmt":"2022-08-24T09:54:40","slug":"confoam-nrbce","status":"publish","type":"product","link":"https:\/\/fevdi-nuclear.com\/de\/produkt\/confoam-nrbce\/","title":{"rendered":"CONFOAM\u00ae"},"content":{"rendered":"<p>[et_pb_section fb_built=\"1\" _builder_version=\"4.16\" background_enable_color=\"off\" background_enable_image=\"off\" background_size=\"contain\" background_blend=\"hue\" module_alignment=\"center\" custom_margin=\"0px||||false|false\" custom_padding=\"0px||0px||false|false\" ab_goal=\"on\" global_colors_info=\"{}\"][et_pb_row column_structure=\"1_2,1_2\" use_custom_gutter=\"on\" custom_padding_last_edited=\"on|tablet\" _builder_version=\"4.16\" background_color=\"rgba(0,0,0,0)\" use_background_color_gradient=\"on\" background_color_gradient_stops=\"rgba(211,22,59,0.5) 0%|#d3163b 100%\" background_color_gradient_start=\"rgba(211,22,59,0.5)\" background_color_gradient_end=\"#d3163b\" background_image=\"https:\/\/fevdi-nuclear.com\/wp-content\/uploads\/2019\/11\/anneaux.png\" background_size=\"contain\" background_position=\"top_left\" background_blend=\"soft-light\" max_width=\"2560px\" custom_margin=\"0px||||false|false\" custom_padding=\"0px||||false|false\" custom_padding_tablet=\"|5%||5%|false|true\" custom_padding_phone=\"0px|5%||5%|false|true\" border_radii=\"off|25px|25px||\" border_color_all=\"#28b284\" global_colors_info=\"{}\"][et_pb_column type=\"1_2\" _builder_version=\"4.16\" custom_padding=\"|5%||5%|false|false\" global_colors_info=\"{}\" custom_padding__hover=\"|||\"][et_pb_wc_images admin_label=\"Image - ne pas changer\" _builder_version=\"4.16\" custom_margin=\"5%||||false|false\" global_colors_info=\"{}\"][\/et_pb_wc_images][et_pb_text admin_label=\"Logo effluent et formes\" _builder_version=\"4.16\" text_font=\"|600|||||||\" text_text_color=\"#004b70\" background_color=\"#ffffff\" text_orientation=\"center\" custom_margin=\"|25%||25%|false|true\" custom_margin_tablet=\"\" custom_margin_phone=\"|0%||0%|false|true\" custom_margin_last_edited=\"on|phone\" custom_padding=\"3%||2%||false|false\" hover_enabled=\"0\" border_radii=\"on|15px|15px|15px|15px\" global_colors_info=\"{}\" sticky_enabled=\"0\"]<\/p>\n<p><a href=\"https:\/\/fevdi-nuclear.com\/wp-content\/uploads\/2019\/12\/sans_effluent.no_effluent.png\"><img loading=\"lazy\" decoding=\"async\" class=\"wp-image-35189 alignnone size-full\" src=\"https:\/\/fevdi-nuclear.com\/wp-content\/uploads\/2019\/12\/sans_effluent.no_effluent.png\" alt=\"\" width=\"77\" height=\"77\" \/><\/a> <a href=\"https:\/\/fevdi-nuclear.com\/wp-content\/uploads\/2019\/12\/liquide.liquid.png\"><img loading=\"lazy\" decoding=\"async\" class=\"wp-image-35187 alignnone size-full\" src=\"https:\/\/fevdi-nuclear.com\/wp-content\/uploads\/2019\/12\/liquide.liquid.png\" alt=\"\" width=\"75\" height=\"76\" \/><\/a><\/p>\n<p>[\/et_pb_text][\/et_pb_column][et_pb_column type=\"1_2\" _builder_version=\"4.16\" custom_padding=\"|||\" global_colors_info=\"{}\" custom_padding__hover=\"|||\"][et_pb_wc_title admin_label=\"Titre - ne pas changer\" _builder_version=\"4.16\" header_font=\"|600|||||||\" header_text_color=\"#ffffff\" custom_margin=\"5%||||false|false\" global_colors_info=\"{}\"][\/et_pb_wc_title][et_pb_wc_description description_type=\"description\" admin_label=\"Description - ne pas changer\" _builder_version=\"4.16\" body_text_color=\"#ffffff\" global_colors_info=\"{}\"][\/et_pb_wc_description][et_pb_wc_additional_info show_title=\"off\" admin_label=\"Caract\u00e9ristiques - ne pas changer\" _builder_version=\"4.16\" link_text_color=\"#ffffff\" header_text_color=\"#ffffff\" attribute_text_color=\"#ffffff\" attribute_text_shadow_style=\"preset1\" global_colors_info=\"{}\" body_text_color__hover_enabled=\"off|desktop\"][\/et_pb_wc_additional_info][\/et_pb_column][\/et_pb_row][et_pb_row column_structure=\"1_2,1_2\" make_equal=\"on\" _builder_version=\"4.16\" background_color=\"rgba(0,0,0,0)\" use_background_color_gradient=\"on\" background_color_gradient_stops=\"#d3163b 0%|#d3163b 100%\" background_color_gradient_start=\"#d3163b\" background_color_gradient_end=\"#d3163b\" background_image=\"https:\/\/fevdi-nuclear.com\/wp-content\/uploads\/2019\/10\/Fichier-1.png\" background_size=\"initial\" background_blend=\"soft-light\" max_width=\"2560px\" custom_margin=\"0px||0px||false|false\" background_color_gradient_stops_tablet=\"#d3163b 0%|#d3163b 100%\" background_color_gradient_stops_phone=\"#d3163b 0%|#d3163b 100%\" global_module=\"33694\" saved_tabs=\"all\" global_colors_info=\"{}\"][et_pb_column type=\"1_2\" _builder_version=\"4.16\" global_colors_info=\"{}\"][et_pb_button button_url=\"\/fds\" button_text=\"T\u00e9l\u00e9charger la Fiche s\u00e9curit\u00e9\" button_alignment=\"center\" admin_label=\"Bouton Fiche technique\" _builder_version=\"4.16\" custom_button=\"on\" button_text_color=\"#d3163b\" button_bg_color=\"#ffffff\" button_border_color=\"#d3163b\" button_border_radius=\"10px\" button_font=\"|||on|||||\" button_icon=\"&#x68;||divi||400\" custom_padding=\"5px|3%|5px|3%|true|false\" global_colors_info=\"{}\" button_bg_color__hover_enabled=\"on|hover\" button_bg_color__hover=\"#d3163b\" button_bg_enable_color__hover=\"on\" button_text_color__hover_enabled=\"on|hover\" button_text_color__hover=\"#ffffff\"][\/et_pb_button][et_pb_button button_url=\"https:\/\/fevdi-nuclear.com\/wp-content\/uploads\/2022\/08\/Brochure-FEVDI-062022.pdf\" button_text=\"t\u00e9l\u00e9charger le Catalogue\" button_alignment=\"center\" button_text_tablet=\"\" button_text_phone=\"\" button_text_last_edited=\"on|desktop\" admin_label=\"Bouton Catalogue\" _builder_version=\"4.18.0\" custom_button=\"on\" button_text_color=\"#ffffff\" button_bg_color=\"#004b70\" button_border_color=\"#d3163b\" button_border_radius=\"10px\" button_font=\"|||on|||||\" button_icon=\"&#x69;||divi||400\" custom_padding=\"5px|6%|5px|6%|true|true\" global_colors_info=\"{}\" button_bg_color__hover_enabled=\"on|hover\" button_bg_color__hover=\"#ffffff\" button_bg_enable_color__hover=\"on\" button_text_color__hover_enabled=\"on|hover\" button_text_color__hover=\"#004b70\"][\/et_pb_button][\/et_pb_column][et_pb_column type=\"1_2\" _builder_version=\"4.16\" global_colors_info=\"{}\"][et_pb_text admin_label=\"Besoin de renseignements compl\u00e9mentaires ?\" _builder_version=\"4.16\" header_text_align=\"center\" header_2_font=\"|700|||||||\" header_2_text_align=\"center\" header_2_text_color=\"#ffffff\" header_2_font_size=\"30px\" header_3_font=\"|700|||||||\" header_3_text_align=\"center\" header_3_text_color=\"#ffffff\" custom_margin=\"||8px||false|false\" custom_padding=\"||||false|false\" global_colors_info=\"{}\"]<\/p>\n<h2>Besoin de renseignements suppl\u00e9mentaires ?<\/h2>\n<p>[\/et_pb_text][et_pb_button button_url=\"\/contact\" button_text=\"nous contacter\" button_alignment=\"center\" admin_label=\"Bouton nous contacter\" _builder_version=\"4.16\" custom_button=\"on\" button_text_color=\"#d3163b\" button_bg_color=\"#ffffff\" button_border_color=\"#d3163b\" button_border_radius=\"10px\" button_font=\"|||on|||||\" custom_padding=\"0px|3%|0px|3%|false|false\" global_colors_info=\"{}\" button_bg_color__hover_enabled=\"on|hover\" button_bg_color__hover=\"#d3163b\" button_bg_enable_color__hover=\"on\" button_text_color__hover_enabled=\"on|hover\" button_text_color__hover=\"#ffffff\"][\/et_pb_button][\/et_pb_column][\/et_pb_row][et_pb_row _builder_version=\"4.16\" background_color=\"rgba(0,0,0,0)\" use_background_color_gradient=\"on\" background_color_gradient_stops=\"#d3163b 0%|rgba(211,22,59,0.5) 100%\" background_color_gradient_start=\"#d3163b\" background_color_gradient_end=\"rgba(211,22,59,0.5)\" background_image=\"https:\/\/fevdi-nuclear.com\/wp-content\/uploads\/2019\/10\/Fichier-1.png\" background_size=\"initial\" background_blend=\"soft-light\" max_width=\"2560px\" custom_margin=\"||2%||false|false\" custom_padding=\"||0px||false|false\" border_radii=\"off|||25px|25px\" box_shadow_style=\"preset3\" box_shadow_vertical=\"20px\" box_shadow_blur=\"30px\" box_shadow_spread=\"-15px\" box_shadow_color=\"rgba(0,0,0,0.47)\" global_colors_info=\"{}\"][et_pb_column type=\"4_4\" _builder_version=\"4.16\" global_colors_info=\"{}\"][et_pb_wc_upsells posts_number=\"6\" columns_number=\"6\" admin_label=\"Produits apparent\u00e9s\" _builder_version=\"4.16\" title_text_align=\"center\" title_text_color=\"#ffffff\" product_title_text_color=\"#ffffff\" text_orientation=\"center\" custom_padding=\"|5%||5%|false|true\" global_colors_info=\"{}\"][\/et_pb_wc_upsells][\/et_pb_column][\/et_pb_row][\/et_pb_section][et_pb_section fb_built=\"1\" admin_label=\"footer\" _builder_version=\"4.3.2\" background_color=\"#004b70\" background_image=\"https:\/\/fevdi-nuclear.com\/wp-content\/uploads\/2019\/09\/anneaux-blancs.png\" background_size=\"contain\" background_position=\"center_right\" custom_margin=\"||0px||false|false\" custom_padding=\"38px||20px||false|false\" global_module=\"28050\" saved_tabs=\"all\" collapsed=\"off\" global_colors_info=\"{}\"][et_pb_row column_structure=\"1_4,1_4,1_4,1_4\" _builder_version=\"4.16\" background_color=\"RGBA(0,0,0,0)\" max_width=\"2560px\" custom_margin=\"0px||0px||false|false\" custom_padding=\"0px||0px||false|false\" global_colors_info=\"{}\"][et_pb_column type=\"1_4\" _builder_version=\"4.16\" global_colors_info=\"{}\"][et_pb_image src=\"https:\/\/fevdi-nuclear.com\/wp-content\/uploads\/2019\/10\/Fichier-1.png\" _builder_version=\"4.16\" width=\"60%\" global_colors_info=\"{}\"][\/et_pb_image][\/et_pb_column][et_pb_column type=\"1_4\" _builder_version=\"4.16\" global_colors_info=\"{}\"][et_pb_text _builder_version=\"4.18.0\" text_text_color=\"#ffffff\" custom_margin=\"54px||70px|||\" custom_padding=\"||0px|||\" global_colors_info=\"{}\"]<\/p>\n<p><span style=\"color: #ffffff;\">24 rue Louis Pradel<\/span><br \/><span style=\"color: #ffffff;\">BP 365<\/span><br \/><span style=\"color: #ffffff;\">69969 CORBAS CEDEX<\/span><br \/><span style=\"color: #ffffff;\">France<\/span><\/p>\n<p><span style=\"color: #ffffff;\">+33(0)4 78 20 53 35<\/span><br \/><a href=\"mailto:contact@fevdi-nuclear.com\"><span style=\"color: #ffffff;\">contact@fevdi-nuclear.com<\/span><\/a><\/p>\n<p>[\/et_pb_text][et_pb_button button_url=\"\/contact\" button_text=\"nous contacter\" _builder_version=\"4.16\" custom_button=\"on\" button_text_size=\"14px\" button_text_color=\"#ffffff\" button_bg_color=\"#189b73\" button_border_width=\"0px\" button_border_color=\"#ffffff\" button_font=\"|||on|||||\" custom_padding=\"1%|7%|1%|7%|false|false\" global_colors_info=\"{}\"][\/et_pb_button][\/et_pb_column][et_pb_column type=\"1_4\" _builder_version=\"4.16\" global_colors_info=\"{}\"][dsm_menu list_style_type=\"none\" disabled_on=\"on|on|off\" _builder_version=\"4.16\" background_color=\"RGBA(0,0,0,0)\" global_colors_info=\"{}\"][\/dsm_menu][\/et_pb_column][et_pb_column type=\"1_4\" _builder_version=\"4.16\" global_colors_info=\"{}\"][\/et_pb_column][\/et_pb_row][\/et_pb_section]<\/p>","protected":false},"excerpt":{"rendered":"<p>CONFOAM\u00ae ist ein biologisch abbaubarer Viskoseschaum zur Neutralisierung von biologischen und chemischen Stoffen des CBRNe-Risikos.<\/p>","protected":false},"featured_media":36281,"template":"","meta":{"_et_pb_use_builder":"on","_et_pb_old_content":"Le CONFOAM\u00ae est un bi-composant d'un m\u00e9lange \u00e0 50\/50 du CONFOAM\u00ae Neutre et de l'extrait de Javel.\r\n\r\nLe CONFOAM\u00ae poss\u00e8de \u00e9galement des propri\u00e9t\u00e9s de confinement d'explosion.\r\n\r\nApplications: NRBCe","_et_gb_content_width":""},"product_brand":[],"product_cat":[225,146,27,227,160,147,210,166,165,167,150,153,228,152,144,149,145],"product_tag":[],"class_list":{"0":"post-36279","1":"product","2":"type-product","3":"status-publish","4":"has-post-thumbnail","6":"product_cat-contamination-fixee-hzc","7":"product_cat-corps-creux","8":"product_cat-decontamination","9":"product_cat-effluent-zc","10":"product_cat-formes","11":"product_cat-horizontale","12":"product_cat-hzc","13":"product_cat-materiaux-cibles","14":"product_cat-mousse","15":"product_cat-nombreux","16":"product_cat-pmuc","17":"product_cat-besoins","18":"product_cat-produits-zc-avec-effluents","19":"product_cat-sans-pmuc","20":"product_cat-surfaces-ciblees","21":"product_cat-tenue","22":"product_cat-volume-ouvert","23":"pa_attribut-besoins-decontamination","24":"pa_attribut-pmuc-attribut-sans-pmuc","25":"pa_conditionnements-20kg","26":"pa_conditionnements-5kg","27":"pa_contamination-fixee","28":"pa_materiaux-cibles-nombreux","29":"pa_surfaces-ciblees-corps-creux","30":"pa_surfaces-ciblees-horizontale","31":"pa_surfaces-ciblees-volume-ouvert","33":"first","34":"instock","35":"shipping-taxable","36":"purchasable","37":"product-type-simple"},"yoast_head":"<!-- This site is optimized with the Yoast SEO plugin v27.4 - https:\/\/yoast.com\/product\/yoast-seo-wordpress\/ -->\n<title>CONFOAM\u00ae - Fevdi Nuclear Expert CONFOAM\u00ae<\/title>\n<meta name=\"description\" content=\"Le CONFOAM\u00ae est une mousse viscos\u00e9e biod\u00e9gradable pour la neutralisation des agents biologiques et chimiques du risque NRBCe\" \/>\n<meta name=\"robots\" content=\"index, follow, max-snippet:-1, max-image-preview:large, max-video-preview:-1\" \/>\n<link rel=\"canonical\" href=\"https:\/\/fevdi-nuclear.com\/de\/produkt\/confoam-nrbce\/\" \/>\n<meta property=\"og:locale\" content=\"de_DE\" \/>\n<meta property=\"og:type\" content=\"article\" \/>\n<meta property=\"og:title\" content=\"CONFOAM\u00ae - Fevdi Nuclear Expert CONFOAM\u00ae\" \/>\n<meta property=\"og:description\" content=\"Le CONFOAM\u00ae est une mousse viscos\u00e9e biod\u00e9gradable pour la neutralisation des agents biologiques et chimiques du risque NRBCe\" \/>\n<meta property=\"og:url\" content=\"https:\/\/fevdi-nuclear.com\/de\/produkt\/confoam-nrbce\/\" \/>\n<meta property=\"og:site_name\" content=\"Fevdi Nuclear Expert\" \/>\n<meta property=\"article:modified_time\" content=\"2022-08-24T09:54:40+00:00\" \/>\n<meta property=\"og:image\" content=\"https:\/\/fevdi-nuclear.com\/wp-content\/uploads\/2022\/08\/CONFOAM-DEUX-BIDONS-2.png\" \/>\n\t<meta property=\"og:image:width\" content=\"658\" \/>\n\t<meta property=\"og:image:height\" content=\"468\" \/>\n\t<meta property=\"og:image:type\" content=\"image\/png\" \/>\n<meta name=\"twitter:card\" content=\"summary_large_image\" \/>\n<meta name=\"twitter:label1\" content=\"Gesch\u00e4tzte Lesezeit\" \/>\n\t<meta name=\"twitter:data1\" content=\"3\u00a0Minuten\" \/>\n<script type=\"application\/ld+json\" class=\"yoast-schema-graph\">{\"@context\":\"https:\\\/\\\/schema.org\",\"@graph\":[{\"@type\":\"WebPage\",\"@id\":\"https:\\\/\\\/fevdi-nuclear.com\\\/produit\\\/confoam-nrbce\\\/\",\"url\":\"https:\\\/\\\/fevdi-nuclear.com\\\/produit\\\/confoam-nrbce\\\/\",\"name\":\"CONFOAM\u00ae - Fevdi Nuclear Expert CONFOAM\u00ae\",\"isPartOf\":{\"@id\":\"https:\\\/\\\/fevdi-nuclear.com\\\/zh\\\/#website\"},\"primaryImageOfPage\":{\"@id\":\"https:\\\/\\\/fevdi-nuclear.com\\\/produit\\\/confoam-nrbce\\\/#primaryimage\"},\"image\":{\"@id\":\"https:\\\/\\\/fevdi-nuclear.com\\\/produit\\\/confoam-nrbce\\\/#primaryimage\"},\"thumbnailUrl\":\"https:\\\/\\\/fevdi-nuclear.com\\\/wp-content\\\/uploads\\\/2022\\\/08\\\/CONFOAM-DEUX-BIDONS-2.png\",\"datePublished\":\"2022-08-24T09:27:58+00:00\",\"dateModified\":\"2022-08-24T09:54:40+00:00\",\"description\":\"Le CONFOAM\u00ae est une mousse viscos\u00e9e biod\u00e9gradable pour la neutralisation des agents biologiques et chimiques du risque NRBCe\",\"breadcrumb\":{\"@id\":\"https:\\\/\\\/fevdi-nuclear.com\\\/produit\\\/confoam-nrbce\\\/#breadcrumb\"},\"inLanguage\":\"de\",\"potentialAction\":[{\"@type\":\"ReadAction\",\"target\":[\"https:\\\/\\\/fevdi-nuclear.com\\\/produit\\\/confoam-nrbce\\\/\"]}]},{\"@type\":\"ImageObject\",\"inLanguage\":\"de\",\"@id\":\"https:\\\/\\\/fevdi-nuclear.com\\\/produit\\\/confoam-nrbce\\\/#primaryimage\",\"url\":\"https:\\\/\\\/fevdi-nuclear.com\\\/wp-content\\\/uploads\\\/2022\\\/08\\\/CONFOAM-DEUX-BIDONS-2.png\",\"contentUrl\":\"https:\\\/\\\/fevdi-nuclear.com\\\/wp-content\\\/uploads\\\/2022\\\/08\\\/CONFOAM-DEUX-BIDONS-2.png\",\"width\":658,\"height\":468},{\"@type\":\"BreadcrumbList\",\"@id\":\"https:\\\/\\\/fevdi-nuclear.com\\\/produit\\\/confoam-nrbce\\\/#breadcrumb\",\"itemListElement\":[{\"@type\":\"ListItem\",\"position\":1,\"name\":\"Accueil\",\"item\":\"https:\\\/\\\/fevdi-nuclear.com\\\/\"},{\"@type\":\"ListItem\",\"position\":2,\"name\":\"Boutique 2\",\"item\":\"https:\\\/\\\/fevdi-nuclear.com\\\/en\\\/boutique\\\/\"},{\"@type\":\"ListItem\",\"position\":3,\"name\":\"CONFOAM\u00ae\"}]},{\"@type\":\"WebSite\",\"@id\":\"https:\\\/\\\/fevdi-nuclear.com\\\/zh\\\/#website\",\"url\":\"https:\\\/\\\/fevdi-nuclear.com\\\/zh\\\/\",\"name\":\"Fevdi Nuclear Expert\",\"description\":\"Expert en d\u00e9contamination nucl\u00e9aire\",\"publisher\":{\"@id\":\"https:\\\/\\\/fevdi-nuclear.com\\\/zh\\\/#organization\"},\"potentialAction\":[{\"@type\":\"SearchAction\",\"target\":{\"@type\":\"EntryPoint\",\"urlTemplate\":\"https:\\\/\\\/fevdi-nuclear.com\\\/zh\\\/?s={search_term_string}\"},\"query-input\":{\"@type\":\"PropertyValueSpecification\",\"valueRequired\":true,\"valueName\":\"search_term_string\"}}],\"inLanguage\":\"de\"},{\"@type\":\"Organization\",\"@id\":\"https:\\\/\\\/fevdi-nuclear.com\\\/zh\\\/#organization\",\"name\":\"Fevdi\",\"url\":\"https:\\\/\\\/fevdi-nuclear.com\\\/zh\\\/\",\"logo\":{\"@type\":\"ImageObject\",\"inLanguage\":\"de\",\"@id\":\"https:\\\/\\\/fevdi-nuclear.com\\\/zh\\\/#\\\/schema\\\/logo\\\/image\\\/\",\"url\":\"https:\\\/\\\/fevdi-nuclear.com\\\/wp-content\\\/uploads\\\/2020\\\/01\\\/FEVDI-logo@512.png\",\"contentUrl\":\"https:\\\/\\\/fevdi-nuclear.com\\\/wp-content\\\/uploads\\\/2020\\\/01\\\/FEVDI-logo@512.png\",\"width\":512,\"height\":512,\"caption\":\"Fevdi\"},\"image\":{\"@id\":\"https:\\\/\\\/fevdi-nuclear.com\\\/zh\\\/#\\\/schema\\\/logo\\\/image\\\/\"}}]}<\/script>\n<!-- \/ Yoast SEO plugin. -->","yoast_head_json":{"title":"CONFOAM\u00ae - Fevdi Nuclear Expert CONFOAM\u00ae","description":"Le CONFOAM\u00ae est une mousse viscos\u00e9e biod\u00e9gradable pour la neutralisation des agents biologiques et chimiques du risque NRBCe","robots":{"index":"index","follow":"follow","max-snippet":"max-snippet:-1","max-image-preview":"max-image-preview:large","max-video-preview":"max-video-preview:-1"},"canonical":"https:\/\/fevdi-nuclear.com\/de\/produkt\/confoam-nrbce\/","og_locale":"de_DE","og_type":"article","og_title":"CONFOAM\u00ae - Fevdi Nuclear Expert CONFOAM\u00ae","og_description":"Le CONFOAM\u00ae est une mousse viscos\u00e9e biod\u00e9gradable pour la neutralisation des agents biologiques et chimiques du risque NRBCe","og_url":"https:\/\/fevdi-nuclear.com\/de\/produkt\/confoam-nrbce\/","og_site_name":"Fevdi Nuclear Expert","article_modified_time":"2022-08-24T09:54:40+00:00","og_image":[{"width":658,"height":468,"url":"https:\/\/fevdi-nuclear.com\/wp-content\/uploads\/2022\/08\/CONFOAM-DEUX-BIDONS-2.png","type":"image\/png"}],"twitter_card":"summary_large_image","twitter_misc":{"Gesch\u00e4tzte Lesezeit":"3\u00a0Minuten"},"schema":{"@context":"https:\/\/schema.org","@graph":[{"@type":"WebPage","@id":"https:\/\/fevdi-nuclear.com\/produit\/confoam-nrbce\/","url":"https:\/\/fevdi-nuclear.com\/produit\/confoam-nrbce\/","name":"CONFOAM\u00ae - Fevdi Nuclear Expert CONFOAM\u00ae","isPartOf":{"@id":"https:\/\/fevdi-nuclear.com\/zh\/#website"},"primaryImageOfPage":{"@id":"https:\/\/fevdi-nuclear.com\/produit\/confoam-nrbce\/#primaryimage"},"image":{"@id":"https:\/\/fevdi-nuclear.com\/produit\/confoam-nrbce\/#primaryimage"},"thumbnailUrl":"https:\/\/fevdi-nuclear.com\/wp-content\/uploads\/2022\/08\/CONFOAM-DEUX-BIDONS-2.png","datePublished":"2022-08-24T09:27:58+00:00","dateModified":"2022-08-24T09:54:40+00:00","description":"Le CONFOAM\u00ae est une mousse viscos\u00e9e biod\u00e9gradable pour la neutralisation des agents biologiques et chimiques du risque NRBCe","breadcrumb":{"@id":"https:\/\/fevdi-nuclear.com\/produit\/confoam-nrbce\/#breadcrumb"},"inLanguage":"de","potentialAction":[{"@type":"ReadAction","target":["https:\/\/fevdi-nuclear.com\/produit\/confoam-nrbce\/"]}]},{"@type":"ImageObject","inLanguage":"de","@id":"https:\/\/fevdi-nuclear.com\/produit\/confoam-nrbce\/#primaryimage","url":"https:\/\/fevdi-nuclear.com\/wp-content\/uploads\/2022\/08\/CONFOAM-DEUX-BIDONS-2.png","contentUrl":"https:\/\/fevdi-nuclear.com\/wp-content\/uploads\/2022\/08\/CONFOAM-DEUX-BIDONS-2.png","width":658,"height":468},{"@type":"BreadcrumbList","@id":"https:\/\/fevdi-nuclear.com\/produit\/confoam-nrbce\/#breadcrumb","itemListElement":[{"@type":"ListItem","position":1,"name":"Accueil","item":"https:\/\/fevdi-nuclear.com\/"},{"@type":"ListItem","position":2,"name":"Boutique 2","item":"https:\/\/fevdi-nuclear.com\/en\/boutique\/"},{"@type":"ListItem","position":3,"name":"CONFOAM\u00ae"}]},{"@type":"WebSite","@id":"https:\/\/fevdi-nuclear.com\/zh\/#website","url":"https:\/\/fevdi-nuclear.com\/zh\/","name":"Fevdi Nuclear Expert","description":"Expert en d\u00e9contamination nucl\u00e9aire","publisher":{"@id":"https:\/\/fevdi-nuclear.com\/zh\/#organization"},"potentialAction":[{"@type":"SearchAction","target":{"@type":"EntryPoint","urlTemplate":"https:\/\/fevdi-nuclear.com\/zh\/?s={search_term_string}"},"query-input":{"@type":"PropertyValueSpecification","valueRequired":true,"valueName":"search_term_string"}}],"inLanguage":"de"},{"@type":"Organization","@id":"https:\/\/fevdi-nuclear.com\/zh\/#organization","name":"Fevdi","url":"https:\/\/fevdi-nuclear.com\/zh\/","logo":{"@type":"ImageObject","inLanguage":"de","@id":"https:\/\/fevdi-nuclear.com\/zh\/#\/schema\/logo\/image\/","url":"https:\/\/fevdi-nuclear.com\/wp-content\/uploads\/2020\/01\/FEVDI-logo@512.png","contentUrl":"https:\/\/fevdi-nuclear.com\/wp-content\/uploads\/2020\/01\/FEVDI-logo@512.png","width":512,"height":512,"caption":"Fevdi"},"image":{"@id":"https:\/\/fevdi-nuclear.com\/zh\/#\/schema\/logo\/image\/"}}]}},"_links":{"self":[{"href":"https:\/\/fevdi-nuclear.com\/de\/wp-json\/wp\/v2\/product\/36279","targetHints":{"allow":["GET"]}}],"collection":[{"href":"https:\/\/fevdi-nuclear.com\/de\/wp-json\/wp\/v2\/product"}],"about":[{"href":"https:\/\/fevdi-nuclear.com\/de\/wp-json\/wp\/v2\/types\/product"}],"wp:featuredmedia":[{"embeddable":true,"href":"https:\/\/fevdi-nuclear.com\/de\/wp-json\/wp\/v2\/media\/36281"}],"wp:attachment":[{"href":"https:\/\/fevdi-nuclear.com\/de\/wp-json\/wp\/v2\/media?parent=36279"}],"wp:term":[{"taxonomy":"product_brand","embeddable":true,"href":"https:\/\/fevdi-nuclear.com\/de\/wp-json\/wp\/v2\/product_brand?post=36279"},{"taxonomy":"product_cat","embeddable":true,"href":"https:\/\/fevdi-nuclear.com\/de\/wp-json\/wp\/v2\/product_cat?post=36279"},{"taxonomy":"product_tag","embeddable":true,"href":"https:\/\/fevdi-nuclear.com\/de\/wp-json\/wp\/v2\/product_tag?post=36279"}],"curies":[{"name":"wp","href":"https:\/\/api.w.org\/{rel}","templated":true}]}}