{"id":35374,"date":"2020-06-04T16:55:23","date_gmt":"2020-06-04T14:55:23","guid":{"rendered":"https:\/\/fevdi-nuclear.com\/?post_type=product&#038;p=35374"},"modified":"2020-07-09T11:53:07","modified_gmt":"2020-07-09T09:53:07","slug":"tuyau-25-m-spiracier-renforce","status":"publish","type":"product","link":"https:\/\/fevdi-nuclear.com\/de\/produkt\/tuyau-25-m-spiracier-renforce\/","title":{"rendered":"TUYAU 25 M SPIRACIER RENFORCE"},"content":{"rendered":"<p>[et_pb_section fb_built=\"1\" _builder_version=\"4.3.2\" background_enable_color=\"off\" background_enable_image=\"off\" background_size=\"contain\" background_blend=\"hue\" module_alignment=\"center\" custom_margin=\"0px||||false|false\" custom_padding=\"0px||0px||false|false\"][et_pb_row column_structure=\"1_2,1_2\" use_custom_gutter=\"on\" custom_padding_last_edited=\"on|desktop\" _builder_version=\"4.4.7\" background_color=\"rgba(0,0,0,0)\" use_background_color_gradient=\"on\" background_color_gradient_start=\"rgba(0,75,112,0.5)\" background_color_gradient_end=\"#004b70\" background_image=\"https:\/\/fevdi-nuclear.com\/wp-content\/uploads\/2019\/11\/anneaux.png\" background_size=\"contain\" background_position=\"top_left\" background_blend=\"soft-light\" max_width=\"2560px\" custom_margin=\"0px||||false|false\" custom_padding=\"0px|5%|||false|false\" custom_padding_tablet=\"|5%||5%|false|true\" custom_padding_phone=\"0px|5%||5%|false|true\" border_radii=\"off|25px|25px||\" border_color_all=\"#28b284\"][et_pb_column type=\"1_2\" _builder_version=\"4.0.5\" custom_padding=\"|5%||5%|false|false\" custom_padding__hover=\"|||\"][et_pb_wc_images admin_label=\"Image - ne pas changer\" _builder_version=\"4.0.7\" custom_margin=\"5%||||false|false\"][\/et_pb_wc_images][et_pb_text admin_label=\"Logo effluent et formes\" _builder_version=\"4.4.7\" text_font=\"|600|||||||\" text_text_color=\"#004b70\" background_color=\"#ffffff\" text_orientation=\"center\" custom_margin=\"|25%||25%|false|true\" custom_margin_tablet=\"\" custom_margin_phone=\"|0%||0%|false|true\" custom_margin_last_edited=\"on|phone\" custom_padding=\"3%||2%||false|false\" border_radii=\"on|15px|15px|15px|15px\"]<\/p>\n<p><img loading=\"lazy\" decoding=\"async\" class=\"alignnone wp-image-29122 size-full\" src=\"https:\/\/fevdi-nuclear.com\/wp-content\/uploads\/2019\/11\/avec_effluent.png\" alt=\"\" width=\"114\" height=\"100\" \/>\u00a0 <img loading=\"lazy\" decoding=\"async\" class=\"alignnone wp-image-29125 size-full\" src=\"https:\/\/fevdi-nuclear.com\/wp-content\/uploads\/2019\/11\/mousse.png\" alt=\"\" width=\"100\" height=\"100\" \/><\/p>\n<p>[\/et_pb_text][\/et_pb_column][et_pb_column type=\"1_2\" _builder_version=\"3.25\" custom_padding=\"|||\" custom_padding__hover=\"|||\"][et_pb_wc_title admin_label=\"Titre - ne pas changer\" _builder_version=\"4.0.7\" header_font=\"|600|||||||\" header_text_color=\"#ffffff\" custom_margin=\"5%||||false|false\"][\/et_pb_wc_title][et_pb_wc_description description_type=\"description\" admin_label=\"Description - ne pas changer\" _builder_version=\"4.3.4\" body_text_color=\"#ffffff\"][\/et_pb_wc_description][et_pb_wc_additional_info show_title=\"off\" admin_label=\"Caract\u00e9ristiques - ne pas changer\" _builder_version=\"4.3.4\" link_text_color=\"#ffffff\" header_text_color=\"#ffffff\" attribute_text_color=\"#ffffff\" attribute_text_shadow_style=\"preset1\" body_text_color__hover_enabled=\"off|desktop\"][\/et_pb_wc_additional_info][\/et_pb_column][\/et_pb_row][et_pb_row column_structure=\"1_2,1_2\" make_equal=\"on\" _builder_version=\"4.4.7\" background_color=\"rgba(0,0,0,0)\" use_background_color_gradient=\"on\" background_color_gradient_start=\"#004b70\" background_color_gradient_end=\"#004b70\" background_image=\"https:\/\/fevdi-nuclear.com\/wp-content\/uploads\/2019\/10\/Fichier-1.png\" background_size=\"initial\" background_blend=\"soft-light\" max_width=\"2560px\" custom_margin=\"0px||0px||false|false\" custom_padding=\"|5%||5%|false|true\" global_module=\"34033\" saved_tabs=\"all\"][et_pb_column type=\"1_2\" _builder_version=\"4.0.5\"][et_pb_button button_url=\"https:\/\/fevdi-nuclear.com\/wp-content\/uploads\/2020\/05\/Catalogue-2020.pdf\" button_text=\"t\u00e9l\u00e9charger le Catalogue\" button_alignment=\"center\" admin_label=\"Bouton Catalogue\" _builder_version=\"4.4.6\" custom_button=\"on\" button_text_color=\"#ffffff\" button_bg_color=\"#004b70\" button_border_color=\"#78b6dd\" button_border_radius=\"10px\" button_font=\"|||on|||||\" button_icon=\"%%72%%\" custom_margin=\"5%||||false|false\" custom_padding=\"5px|6%|5px|6%|true|true\" button_bg_color__hover_enabled=\"on|desktop\" button_bg_color__hover=\"#ffffff\" button_bg_enable_color__hover=\"on\" button_text_color__hover_enabled=\"on|desktop\" button_text_color__hover=\"#004b70\"][\/et_pb_button][\/et_pb_column][et_pb_column type=\"1_2\" _builder_version=\"4.0.5\"][et_pb_text admin_label=\"Besoin de renseignements compl\u00e9mentaires ?\" _builder_version=\"4.3.2\" header_text_align=\"center\" header_2_font=\"|700|||||||\" header_2_text_align=\"center\" header_2_text_color=\"#ffffff\" header_2_font_size=\"30px\" header_3_font=\"|700|||||||\" header_3_text_align=\"center\" header_3_text_color=\"#ffffff\" custom_margin=\"||8px||false|false\" custom_padding=\"||||false|false\"]<\/p>\n<h2>Besoin de renseignements suppl\u00e9mentaires ?<\/h2>\n<p>[\/et_pb_text][et_pb_button button_url=\"\/contact\" button_text=\"nous contacter\" button_alignment=\"center\" admin_label=\"Bouton nous contacter\" _builder_version=\"4.3.4\" custom_button=\"on\" button_text_color=\"#004b70\" button_bg_color=\"#ffffff\" button_border_color=\"#78b6dd\" button_border_radius=\"10px\" button_font=\"|||on|||||\" custom_padding=\"0px|3%|0px|3%|false|false\" button_bg_color__hover_enabled=\"on|desktop\" button_bg_color__hover=\"#004b70\" button_bg_enable_color__hover=\"on\" button_text_color__hover_enabled=\"on|hover\" button_text_color__hover=\"#ffffff\"][\/et_pb_button][\/et_pb_column][\/et_pb_row][et_pb_row _builder_version=\"4.3.4\" background_color=\"rgba(0,0,0,0)\" use_background_color_gradient=\"on\" background_color_gradient_start=\"#004b70\" background_color_gradient_end=\"rgba(0,75,112,0.5)\" background_image=\"https:\/\/fevdi-nuclear.com\/wp-content\/uploads\/2019\/10\/Fichier-1.png\" background_size=\"initial\" background_blend=\"soft-light\" max_width=\"2560px\" custom_margin=\"||2%||false|false\" custom_padding=\"||0px||false|false\" border_radii=\"off|||25px|25px\" box_shadow_style=\"preset3\" box_shadow_vertical=\"20px\" box_shadow_blur=\"30px\" box_shadow_spread=\"-15px\" box_shadow_color=\"rgba(0,0,0,0.47)\"][et_pb_column type=\"4_4\" _builder_version=\"4.0.5\"][et_pb_wc_upsells posts_number=\"6\" columns_number=\"6\" admin_label=\"Produits apparent\u00e9s\" _builder_version=\"4.3.4\" title_text_align=\"center\" title_text_color=\"#ffffff\" product_title_text_color=\"#ffffff\" text_orientation=\"center\" custom_padding=\"|5%||5%|false|true\"][\/et_pb_wc_upsells][\/et_pb_column][\/et_pb_row][\/et_pb_section][et_pb_section fb_built=\"1\" admin_label=\"footer\" _builder_version=\"4.3.2\" background_color=\"#004b70\" background_image=\"https:\/\/fevdi-nuclear.com\/wp-content\/uploads\/2019\/09\/anneaux-blancs.png\" background_size=\"contain\" background_position=\"center_right\" custom_margin=\"||0px||false|false\" custom_padding=\"38px||20px||false|false\" global_module=\"28050\" saved_tabs=\"all\" collapsed=\"on\"][et_pb_row column_structure=\"1_4,1_4,1_4,1_4\" _builder_version=\"3.29.3\" max_width=\"2560px\" custom_margin=\"0px||0px||false|false\" custom_padding=\"0px||0px||false|false\"][et_pb_column type=\"1_4\" _builder_version=\"3.29.3\"][et_pb_image src=\"https:\/\/fevdi-nuclear.com\/wp-content\/uploads\/2019\/10\/Fichier-1.png\" _builder_version=\"3.29.3\" width=\"60%\"][\/et_pb_image][\/et_pb_column][et_pb_column type=\"1_4\" _builder_version=\"3.29.3\"][et_pb_text _builder_version=\"3.29.3\" text_text_color=\"#ffffff\"]<\/p>\n<p>24 rue Louis Pradel<br \/>BP 365<br \/>69969 CORBAS CEDEX<br \/>France<\/p>\n<p>04 78 20 53 35<br \/>contact@fevdi-nuclear.com<\/p>\n<p>[\/et_pb_text][et_pb_button button_url=\"\/contact\" button_text=\"nous contacter\" _builder_version=\"3.29.3\" custom_button=\"on\" button_text_size=\"14px\" button_text_color=\"#ffffff\" button_bg_color=\"#189b73\" button_border_width=\"0px\" button_border_color=\"#ffffff\" button_font=\"|||on|||||\" custom_padding=\"1%|7%|1%|7%|false|false\"][\/et_pb_button][\/et_pb_column][et_pb_column type=\"1_4\" _builder_version=\"3.29.3\"][dsm_menu list_style_type=\"none\" disabled_on=\"on|on|off\" _builder_version=\"4.4.1\"][\/dsm_menu][\/et_pb_column][et_pb_column type=\"1_4\" _builder_version=\"3.29.3\"][\/et_pb_column][\/et_pb_row][\/et_pb_section]<\/p>","protected":false},"excerpt":{"rendered":"<p>25 m langer Polyurethan-Innenschlauch mit eingebettetem Stahldraht, 25 m lang, mit verst\u00e4rkter Quetschh\u00fclse aus Edelstahl, selbstdichtender Gromelle-Kupplung und -Nippel aus Edelstahl, Anti-Knick-Feder und Anti-Quietsch-System. Er ist f\u00fcr saure, neutrale oder basische Fl\u00fcssigkeiten oder Sch\u00e4ume geeignet.<\/p>","protected":false},"featured_media":35676,"template":"","meta":{"_et_pb_use_builder":"on","_et_pb_old_content":"Tuyau de 25 m en polyur\u00e9thane int\u00e9rieur avec un fil d\u2019acier noy\u00e9 dans la masse, de longueur 25 m, \u00e9quip\u00e9 de jupes de sertissage renforc\u00e9e en Inox, de raccord et about auto-obturant Gromelle en Inox, un ressort anti-flexion et un syst\u00e8me anti-fouet. Il est con\u00e7u pour v\u00e9hiculer des liquides ou des mousses acides, neutres ou basiques.","_et_gb_content_width":""},"product_brand":[],"product_cat":[177,160,166,180,165,167,150,178,152,144,145],"product_tag":[],"class_list":{"0":"post-35374","1":"product","2":"type-product","3":"status-publish","4":"has-post-thumbnail","6":"product_cat-oui","7":"product_cat-formes","8":"product_cat-materiaux-cibles","9":"product_cat-materiels-applications","10":"product_cat-mousse","11":"product_cat-nombreux","12":"product_cat-pmuc","13":"product_cat-non","14":"product_cat-sans-pmuc","15":"product_cat-surfaces-ciblees","16":"product_cat-volume-ouvert","17":"pa_attribut-materiel-appli-application-de-liquides","18":"pa_attribut-materiel-appli-application-de-mousses","19":"pa_attribut-pmuc-attribut-sans-pmuc","20":"pa_conditionnements-unite","21":"pa_contamination-non","22":"pa_materiaux-cibles-nombreux","23":"pa_materiels-dapplication-camuni-v5","24":"pa_materiels-dapplication-canon-a-mousse-tout-inox","25":"pa_materiels-dapplication-perche-multipool","26":"pa_surfaces-ciblees-volume-ouvert","28":"first","29":"instock","30":"shipping-taxable","31":"purchasable","32":"product-type-simple"},"yoast_head":"<!-- This site is optimized with the Yoast SEO plugin v27.4 - https:\/\/yoast.com\/product\/yoast-seo-wordpress\/ -->\n<title>TUYAU 25 M SPIRACIER RENFORCE - Fevdi Nuclear Expert<\/title>\n<meta name=\"description\" content=\"Tuyau de 25 m en polyur\u00e9thane int\u00e9rieur avec un fil d\u2019acier noy\u00e9 dans la masse. Il est con\u00e7u pour v\u00e9hiculer des liquides ou des mousses acides, neutres ou basiques.\" \/>\n<meta name=\"robots\" content=\"index, follow, max-snippet:-1, max-image-preview:large, max-video-preview:-1\" \/>\n<link rel=\"canonical\" href=\"https:\/\/fevdi-nuclear.com\/de\/product\/tuyau-25-m-spiracier-renforce\/\" \/>\n<meta property=\"og:locale\" content=\"de_DE\" \/>\n<meta property=\"og:type\" content=\"article\" \/>\n<meta property=\"og:title\" content=\"TUYAU 25 M SPIRACIER RENFORCE - Fevdi Nuclear Expert\" \/>\n<meta property=\"og:description\" content=\"Tuyau de 25 m en polyur\u00e9thane int\u00e9rieur avec un fil d\u2019acier noy\u00e9 dans la masse. Il est con\u00e7u pour v\u00e9hiculer des liquides ou des mousses acides, neutres ou basiques.\" \/>\n<meta property=\"og:url\" content=\"https:\/\/fevdi-nuclear.com\/de\/product\/tuyau-25-m-spiracier-renforce\/\" \/>\n<meta property=\"og:site_name\" content=\"Fevdi Nuclear Expert\" \/>\n<meta property=\"article:modified_time\" content=\"2020-07-09T09:53:07+00:00\" \/>\n<meta property=\"og:image\" content=\"https:\/\/fevdi-nuclear.com\/wp-content\/uploads\/2020\/07\/SPIRACIER-25-M-RENFORCE-version-2012-1.jpg\" \/>\n\t<meta property=\"og:image:width\" content=\"2525\" \/>\n\t<meta property=\"og:image:height\" content=\"2463\" \/>\n\t<meta property=\"og:image:type\" content=\"image\/jpeg\" \/>\n<meta name=\"twitter:card\" content=\"summary_large_image\" \/>\n<meta name=\"twitter:label1\" content=\"Gesch\u00e4tzte Lesezeit\" \/>\n\t<meta name=\"twitter:data1\" content=\"5\u00a0Minuten\" \/>\n<script type=\"application\/ld+json\" class=\"yoast-schema-graph\">{\"@context\":\"https:\\\/\\\/schema.org\",\"@graph\":[{\"@type\":\"WebPage\",\"@id\":\"https:\\\/\\\/fevdi-nuclear.com\\\/zh\\\/product\\\/tuyau-25-m-spiracier-renforce\",\"url\":\"https:\\\/\\\/fevdi-nuclear.com\\\/zh\\\/product\\\/tuyau-25-m-spiracier-renforce\",\"name\":\"TUYAU 25 M SPIRACIER RENFORCE - Fevdi Nuclear Expert\",\"isPartOf\":{\"@id\":\"https:\\\/\\\/fevdi-nuclear.com\\\/zh\\\/#website\"},\"primaryImageOfPage\":{\"@id\":\"https:\\\/\\\/fevdi-nuclear.com\\\/zh\\\/product\\\/tuyau-25-m-spiracier-renforce#primaryimage\"},\"image\":{\"@id\":\"https:\\\/\\\/fevdi-nuclear.com\\\/zh\\\/product\\\/tuyau-25-m-spiracier-renforce#primaryimage\"},\"thumbnailUrl\":\"https:\\\/\\\/fevdi-nuclear.com\\\/wp-content\\\/uploads\\\/2020\\\/07\\\/SPIRACIER-25-M-RENFORCE-version-2012-1.jpg\",\"datePublished\":\"2020-06-04T14:55:23+00:00\",\"dateModified\":\"2020-07-09T09:53:07+00:00\",\"description\":\"Tuyau de 25 m en polyur\u00e9thane int\u00e9rieur avec un fil d\u2019acier noy\u00e9 dans la masse. Il est con\u00e7u pour v\u00e9hiculer des liquides ou des mousses acides, neutres ou basiques.\",\"breadcrumb\":{\"@id\":\"https:\\\/\\\/fevdi-nuclear.com\\\/zh\\\/product\\\/tuyau-25-m-spiracier-renforce#breadcrumb\"},\"inLanguage\":\"de\",\"potentialAction\":[{\"@type\":\"ReadAction\",\"target\":[\"https:\\\/\\\/fevdi-nuclear.com\\\/zh\\\/product\\\/tuyau-25-m-spiracier-renforce\"]}]},{\"@type\":\"ImageObject\",\"inLanguage\":\"de\",\"@id\":\"https:\\\/\\\/fevdi-nuclear.com\\\/zh\\\/product\\\/tuyau-25-m-spiracier-renforce#primaryimage\",\"url\":\"https:\\\/\\\/fevdi-nuclear.com\\\/wp-content\\\/uploads\\\/2020\\\/07\\\/SPIRACIER-25-M-RENFORCE-version-2012-1.jpg\",\"contentUrl\":\"https:\\\/\\\/fevdi-nuclear.com\\\/wp-content\\\/uploads\\\/2020\\\/07\\\/SPIRACIER-25-M-RENFORCE-version-2012-1.jpg\",\"width\":2525,\"height\":2463,\"caption\":\"SPIRACIER 30 M RENFORCE version 2012\"},{\"@type\":\"BreadcrumbList\",\"@id\":\"https:\\\/\\\/fevdi-nuclear.com\\\/zh\\\/product\\\/tuyau-25-m-spiracier-renforce#breadcrumb\",\"itemListElement\":[{\"@type\":\"ListItem\",\"position\":1,\"name\":\"Accueil\",\"item\":\"https:\\\/\\\/fevdi-nuclear.com\\\/\"},{\"@type\":\"ListItem\",\"position\":2,\"name\":\"Boutique 2\",\"item\":\"https:\\\/\\\/fevdi-nuclear.com\\\/en\\\/boutique\\\/\"},{\"@type\":\"ListItem\",\"position\":3,\"name\":\"TUYAU 25 M SPIRACIER RENFORCE\"}]},{\"@type\":\"WebSite\",\"@id\":\"https:\\\/\\\/fevdi-nuclear.com\\\/zh\\\/#website\",\"url\":\"https:\\\/\\\/fevdi-nuclear.com\\\/zh\\\/\",\"name\":\"Fevdi Nuclear Expert\",\"description\":\"Expert en d\u00e9contamination nucl\u00e9aire\",\"publisher\":{\"@id\":\"https:\\\/\\\/fevdi-nuclear.com\\\/zh\\\/#organization\"},\"potentialAction\":[{\"@type\":\"SearchAction\",\"target\":{\"@type\":\"EntryPoint\",\"urlTemplate\":\"https:\\\/\\\/fevdi-nuclear.com\\\/zh\\\/?s={search_term_string}\"},\"query-input\":{\"@type\":\"PropertyValueSpecification\",\"valueRequired\":true,\"valueName\":\"search_term_string\"}}],\"inLanguage\":\"de\"},{\"@type\":\"Organization\",\"@id\":\"https:\\\/\\\/fevdi-nuclear.com\\\/zh\\\/#organization\",\"name\":\"Fevdi\",\"url\":\"https:\\\/\\\/fevdi-nuclear.com\\\/zh\\\/\",\"logo\":{\"@type\":\"ImageObject\",\"inLanguage\":\"de\",\"@id\":\"https:\\\/\\\/fevdi-nuclear.com\\\/zh\\\/#\\\/schema\\\/logo\\\/image\\\/\",\"url\":\"https:\\\/\\\/fevdi-nuclear.com\\\/wp-content\\\/uploads\\\/2020\\\/01\\\/FEVDI-logo@512.png\",\"contentUrl\":\"https:\\\/\\\/fevdi-nuclear.com\\\/wp-content\\\/uploads\\\/2020\\\/01\\\/FEVDI-logo@512.png\",\"width\":512,\"height\":512,\"caption\":\"Fevdi\"},\"image\":{\"@id\":\"https:\\\/\\\/fevdi-nuclear.com\\\/zh\\\/#\\\/schema\\\/logo\\\/image\\\/\"}}]}<\/script>\n<!-- \/ Yoast SEO plugin. -->","yoast_head_json":{"title":"TUYAU 25 M SPIRACIER RENFORCE - Fevdi Nuclear Expert","description":"Tuyau de 25 m en polyur\u00e9thane int\u00e9rieur avec un fil d\u2019acier noy\u00e9 dans la masse. Il est con\u00e7u pour v\u00e9hiculer des liquides ou des mousses acides, neutres ou basiques.","robots":{"index":"index","follow":"follow","max-snippet":"max-snippet:-1","max-image-preview":"max-image-preview:large","max-video-preview":"max-video-preview:-1"},"canonical":"https:\/\/fevdi-nuclear.com\/de\/product\/tuyau-25-m-spiracier-renforce\/","og_locale":"de_DE","og_type":"article","og_title":"TUYAU 25 M SPIRACIER RENFORCE - Fevdi Nuclear Expert","og_description":"Tuyau de 25 m en polyur\u00e9thane int\u00e9rieur avec un fil d\u2019acier noy\u00e9 dans la masse. Il est con\u00e7u pour v\u00e9hiculer des liquides ou des mousses acides, neutres ou basiques.","og_url":"https:\/\/fevdi-nuclear.com\/de\/product\/tuyau-25-m-spiracier-renforce\/","og_site_name":"Fevdi Nuclear Expert","article_modified_time":"2020-07-09T09:53:07+00:00","og_image":[{"width":2525,"height":2463,"url":"https:\/\/fevdi-nuclear.com\/wp-content\/uploads\/2020\/07\/SPIRACIER-25-M-RENFORCE-version-2012-1.jpg","type":"image\/jpeg"}],"twitter_card":"summary_large_image","twitter_misc":{"Gesch\u00e4tzte Lesezeit":"5\u00a0Minuten"},"schema":{"@context":"https:\/\/schema.org","@graph":[{"@type":"WebPage","@id":"https:\/\/fevdi-nuclear.com\/zh\/product\/tuyau-25-m-spiracier-renforce","url":"https:\/\/fevdi-nuclear.com\/zh\/product\/tuyau-25-m-spiracier-renforce","name":"TUYAU 25 M SPIRACIER RENFORCE - Fevdi Nuclear Expert","isPartOf":{"@id":"https:\/\/fevdi-nuclear.com\/zh\/#website"},"primaryImageOfPage":{"@id":"https:\/\/fevdi-nuclear.com\/zh\/product\/tuyau-25-m-spiracier-renforce#primaryimage"},"image":{"@id":"https:\/\/fevdi-nuclear.com\/zh\/product\/tuyau-25-m-spiracier-renforce#primaryimage"},"thumbnailUrl":"https:\/\/fevdi-nuclear.com\/wp-content\/uploads\/2020\/07\/SPIRACIER-25-M-RENFORCE-version-2012-1.jpg","datePublished":"2020-06-04T14:55:23+00:00","dateModified":"2020-07-09T09:53:07+00:00","description":"Tuyau de 25 m en polyur\u00e9thane int\u00e9rieur avec un fil d\u2019acier noy\u00e9 dans la masse. Il est con\u00e7u pour v\u00e9hiculer des liquides ou des mousses acides, neutres ou basiques.","breadcrumb":{"@id":"https:\/\/fevdi-nuclear.com\/zh\/product\/tuyau-25-m-spiracier-renforce#breadcrumb"},"inLanguage":"de","potentialAction":[{"@type":"ReadAction","target":["https:\/\/fevdi-nuclear.com\/zh\/product\/tuyau-25-m-spiracier-renforce"]}]},{"@type":"ImageObject","inLanguage":"de","@id":"https:\/\/fevdi-nuclear.com\/zh\/product\/tuyau-25-m-spiracier-renforce#primaryimage","url":"https:\/\/fevdi-nuclear.com\/wp-content\/uploads\/2020\/07\/SPIRACIER-25-M-RENFORCE-version-2012-1.jpg","contentUrl":"https:\/\/fevdi-nuclear.com\/wp-content\/uploads\/2020\/07\/SPIRACIER-25-M-RENFORCE-version-2012-1.jpg","width":2525,"height":2463,"caption":"SPIRACIER 30 M RENFORCE version 2012"},{"@type":"BreadcrumbList","@id":"https:\/\/fevdi-nuclear.com\/zh\/product\/tuyau-25-m-spiracier-renforce#breadcrumb","itemListElement":[{"@type":"ListItem","position":1,"name":"Accueil","item":"https:\/\/fevdi-nuclear.com\/"},{"@type":"ListItem","position":2,"name":"Boutique 2","item":"https:\/\/fevdi-nuclear.com\/en\/boutique\/"},{"@type":"ListItem","position":3,"name":"TUYAU 25 M SPIRACIER RENFORCE"}]},{"@type":"WebSite","@id":"https:\/\/fevdi-nuclear.com\/zh\/#website","url":"https:\/\/fevdi-nuclear.com\/zh\/","name":"Fevdi Nuclear Expert","description":"Expert en d\u00e9contamination nucl\u00e9aire","publisher":{"@id":"https:\/\/fevdi-nuclear.com\/zh\/#organization"},"potentialAction":[{"@type":"SearchAction","target":{"@type":"EntryPoint","urlTemplate":"https:\/\/fevdi-nuclear.com\/zh\/?s={search_term_string}"},"query-input":{"@type":"PropertyValueSpecification","valueRequired":true,"valueName":"search_term_string"}}],"inLanguage":"de"},{"@type":"Organization","@id":"https:\/\/fevdi-nuclear.com\/zh\/#organization","name":"Fevdi","url":"https:\/\/fevdi-nuclear.com\/zh\/","logo":{"@type":"ImageObject","inLanguage":"de","@id":"https:\/\/fevdi-nuclear.com\/zh\/#\/schema\/logo\/image\/","url":"https:\/\/fevdi-nuclear.com\/wp-content\/uploads\/2020\/01\/FEVDI-logo@512.png","contentUrl":"https:\/\/fevdi-nuclear.com\/wp-content\/uploads\/2020\/01\/FEVDI-logo@512.png","width":512,"height":512,"caption":"Fevdi"},"image":{"@id":"https:\/\/fevdi-nuclear.com\/zh\/#\/schema\/logo\/image\/"}}]}},"_links":{"self":[{"href":"https:\/\/fevdi-nuclear.com\/de\/wp-json\/wp\/v2\/product\/35374","targetHints":{"allow":["GET"]}}],"collection":[{"href":"https:\/\/fevdi-nuclear.com\/de\/wp-json\/wp\/v2\/product"}],"about":[{"href":"https:\/\/fevdi-nuclear.com\/de\/wp-json\/wp\/v2\/types\/product"}],"wp:featuredmedia":[{"embeddable":true,"href":"https:\/\/fevdi-nuclear.com\/de\/wp-json\/wp\/v2\/media\/35676"}],"wp:attachment":[{"href":"https:\/\/fevdi-nuclear.com\/de\/wp-json\/wp\/v2\/media?parent=35374"}],"wp:term":[{"taxonomy":"product_brand","embeddable":true,"href":"https:\/\/fevdi-nuclear.com\/de\/wp-json\/wp\/v2\/product_brand?post=35374"},{"taxonomy":"product_cat","embeddable":true,"href":"https:\/\/fevdi-nuclear.com\/de\/wp-json\/wp\/v2\/product_cat?post=35374"},{"taxonomy":"product_tag","embeddable":true,"href":"https:\/\/fevdi-nuclear.com\/de\/wp-json\/wp\/v2\/product_tag?post=35374"}],"curies":[{"name":"wp","href":"https:\/\/api.w.org\/{rel}","templated":true}]}}