{"id":29757,"date":"2019-12-03T16:00:38","date_gmt":"2019-12-03T16:00:38","guid":{"rendered":"https:\/\/fevdi-nuclear.com\/?post_type=product&#038;p=29757"},"modified":"2020-07-16T15:29:39","modified_gmt":"2020-07-16T13:29:39","slug":"fixateur-lp5","status":"publish","type":"product","link":"https:\/\/fevdi-nuclear.com\/de\/produkt\/fixateur-lp5\/","title":{"rendered":"FIXATEUR LP5"},"content":{"rendered":"<p>[et_pb_section fb_built=\"1\" _builder_version=\"4.3.2\" background_enable_color=\"off\" background_enable_image=\"off\" background_size=\"contain\" background_blend=\"hue\" module_alignment=\"center\" custom_margin=\"0px||||false|false\" custom_padding=\"0px||0px||false|false\"][et_pb_row column_structure=\"1_2,1_2\" use_custom_gutter=\"on\" custom_padding_last_edited=\"on|tablet\" _builder_version=\"4.3.2\" background_color=\"rgba(0,0,0,0)\" use_background_color_gradient=\"on\" background_color_gradient_start=\"rgba(211,22,59,0.5)\" background_color_gradient_end=\"#d3163b\" background_image=\"https:\/\/fevdi-nuclear.com\/wp-content\/uploads\/2019\/11\/anneaux.png\" background_size=\"contain\" background_position=\"top_left\" background_blend=\"soft-light\" max_width=\"2560px\" custom_margin=\"0px||||false|false\" custom_padding=\"0px||||false|false\" custom_padding_tablet=\"|5%||5%|false|true\" custom_padding_phone=\"0px|5%||5%|false|true\" border_radii=\"off|25px|25px||\" border_color_all=\"#28b284\"][et_pb_column type=\"1_2\" _builder_version=\"4.0.5\" custom_padding=\"|5%||5%|false|false\" custom_padding__hover=\"|||\"][et_pb_wc_images admin_label=\"Image - ne pas changer\" _builder_version=\"4.0.7\" custom_margin=\"5%||||false|false\"][\/et_pb_wc_images][et_pb_text admin_label=\"Logo effluent et formes\" _builder_version=\"4.3.4\" text_font=\"|600|||||||\" text_text_color=\"#004b70\" background_color=\"#ffffff\" text_orientation=\"center\" custom_margin=\"|25%||25%|false|true\" custom_margin_tablet=\"\" custom_margin_phone=\"|0%||0%|false|true\" custom_margin_last_edited=\"on|phone\" custom_padding=\"3%||2%||false|false\" border_radii=\"on|15px|15px|15px|15px\"]<\/p>\n<p><a href=\"https:\/\/fevdi-nuclear.com\/wp-content\/uploads\/2019\/11\/avec_effluent.png\"><img loading=\"lazy\" decoding=\"async\" class=\"alignnone wp-image-29122 size-full\" src=\"https:\/\/fevdi-nuclear.com\/wp-content\/uploads\/2019\/11\/avec_effluent.png\" alt=\"\" width=\"114\" height=\"100\" \/><\/a>\u00a0 <a href=\"https:\/\/fevdi-nuclear.com\/wp-content\/uploads\/2019\/11\/Liquide.png\"><img loading=\"lazy\" decoding=\"async\" class=\"alignnone wp-image-29124 size-full\" src=\"https:\/\/fevdi-nuclear.com\/wp-content\/uploads\/2019\/11\/Liquide.png\" alt=\"\" width=\"100\" height=\"100\" \/><\/a><\/p>\n<p>[\/et_pb_text][\/et_pb_column][et_pb_column type=\"1_2\" _builder_version=\"3.25\" custom_padding=\"|||\" custom_padding__hover=\"|||\"][et_pb_wc_title admin_label=\"Titre - ne pas changer\" _builder_version=\"4.0.7\" header_font=\"|600|||||||\" header_text_color=\"#ffffff\" custom_margin=\"5%||||false|false\"][\/et_pb_wc_title][et_pb_wc_description description_type=\"description\" admin_label=\"Description - ne pas changer\" _builder_version=\"4.3.4\" body_text_color=\"#ffffff\"][\/et_pb_wc_description][et_pb_wc_additional_info show_title=\"off\" admin_label=\"Caract\u00e9ristiques - ne pas changer\" _builder_version=\"4.3.4\" link_text_color=\"#ffffff\" header_text_color=\"#ffffff\" attribute_text_color=\"#ffffff\" attribute_text_shadow_style=\"preset1\" body_text_color__hover_enabled=\"off|desktop\"][\/et_pb_wc_additional_info][\/et_pb_column][\/et_pb_row][et_pb_row column_structure=\"1_2,1_2\" make_equal=\"on\" _builder_version=\"4.3.4\" background_color=\"rgba(0,0,0,0)\" use_background_color_gradient=\"on\" background_color_gradient_start=\"#d3163b\" background_color_gradient_end=\"#d3163b\" background_image=\"https:\/\/fevdi-nuclear.com\/wp-content\/uploads\/2019\/10\/Fichier-1.png\" background_size=\"initial\" background_blend=\"soft-light\" max_width=\"2560px\" custom_margin=\"0px||0px||false|false\" global_module=\"33694\" saved_tabs=\"all\"][et_pb_column type=\"1_2\" _builder_version=\"4.0.5\"][et_pb_button button_url=\"\/fds\" button_text=\"T\u00e9l\u00e9charger la Fiche s\u00e9curit\u00e9\" button_alignment=\"center\" admin_label=\"Bouton Fiche technique\" _builder_version=\"4.4.1\" custom_button=\"on\" button_text_color=\"#d3163b\" button_bg_color=\"#ffffff\" button_border_color=\"#d3163b\" button_border_radius=\"10px\" button_font=\"|||on|||||\" button_icon=\"%%71%%\" custom_padding=\"5px|3%|5px|3%|true|false\" button_bg_color__hover_enabled=\"on|hover\" button_bg_color__hover=\"#d3163b\" button_bg_enable_color__hover=\"on\" button_text_color__hover_enabled=\"on|hover\" button_text_color__hover=\"#ffffff\"][\/et_pb_button][et_pb_button button_url=\"https:\/\/fevdi-nuclear.com\/wp-content\/uploads\/2020\/05\/Catalogue-2020.pdf\" button_text=\"t\u00e9l\u00e9charger le Catalogue\" button_alignment=\"center\" admin_label=\"Bouton Catalogue\" _builder_version=\"4.4.6\" custom_button=\"on\" button_text_color=\"#ffffff\" button_bg_color=\"#004b70\" button_border_color=\"#d3163b\" button_border_radius=\"10px\" button_font=\"|||on|||||\" button_icon=\"%%72%%\" custom_padding=\"5px|6%|5px|6%|true|true\" button_bg_color__hover_enabled=\"on|hover\" button_bg_color__hover=\"#ffffff\" button_bg_enable_color__hover=\"on\" button_text_color__hover_enabled=\"on|hover\" button_text_color__hover=\"#004b70\"][\/et_pb_button][\/et_pb_column][et_pb_column type=\"1_2\" _builder_version=\"4.0.5\"][et_pb_text admin_label=\"Besoin de renseignements compl\u00e9mentaires ?\" _builder_version=\"4.3.2\" header_text_align=\"center\" header_2_font=\"|700|||||||\" header_2_text_align=\"center\" header_2_text_color=\"#ffffff\" header_2_font_size=\"30px\" header_3_font=\"|700|||||||\" header_3_text_align=\"center\" header_3_text_color=\"#ffffff\" custom_margin=\"||8px||false|false\" custom_padding=\"||||false|false\"]<\/p>\n<h2>Besoin de renseignements suppl\u00e9mentaires ?<\/h2>\n<p>[\/et_pb_text][et_pb_button button_url=\"\/contact\" button_text=\"nous contacter\" button_alignment=\"center\" admin_label=\"Bouton nous contacter\" _builder_version=\"4.0.9\" custom_button=\"on\" button_text_color=\"#d3163b\" button_bg_color=\"#ffffff\" button_border_color=\"#d3163b\" button_border_radius=\"10px\" button_font=\"|||on|||||\" custom_padding=\"0px|3%|0px|3%|false|false\" button_bg_color__hover_enabled=\"on|hover\" button_bg_color__hover=\"#d3163b\" button_bg_enable_color__hover=\"on\" button_text_color__hover_enabled=\"on|hover\" button_text_color__hover=\"#ffffff\"][\/et_pb_button][\/et_pb_column][\/et_pb_row][et_pb_row _builder_version=\"4.3.2\" background_color=\"rgba(0,0,0,0)\" use_background_color_gradient=\"on\" background_color_gradient_start=\"#d3163b\" background_color_gradient_end=\"rgba(211,22,59,0.5)\" background_image=\"https:\/\/fevdi-nuclear.com\/wp-content\/uploads\/2019\/10\/Fichier-1.png\" background_size=\"initial\" background_blend=\"soft-light\" max_width=\"2560px\" custom_margin=\"||2%||false|false\" custom_padding=\"||0px||false|false\" border_radii=\"off|||25px|25px\" box_shadow_style=\"preset3\" box_shadow_vertical=\"20px\" box_shadow_blur=\"30px\" box_shadow_spread=\"-15px\" box_shadow_color=\"rgba(0,0,0,0.47)\"][et_pb_column type=\"4_4\" _builder_version=\"4.0.5\"][et_pb_wc_upsells posts_number=\"6\" columns_number=\"6\" admin_label=\"Produits apparent\u00e9s\" _builder_version=\"4.3.4\" title_text_align=\"center\" title_text_color=\"#ffffff\" product_title_text_color=\"#ffffff\" text_orientation=\"center\" custom_padding=\"|5%||5%|false|true\"][\/et_pb_wc_upsells][\/et_pb_column][\/et_pb_row][\/et_pb_section][et_pb_section fb_built=\"1\" admin_label=\"footer\" _builder_version=\"4.3.2\" background_color=\"#004b70\" background_image=\"https:\/\/fevdi-nuclear.com\/wp-content\/uploads\/2019\/09\/anneaux-blancs.png\" background_size=\"contain\" background_position=\"center_right\" custom_margin=\"||0px||false|false\" custom_padding=\"38px||20px||false|false\" global_module=\"28050\" saved_tabs=\"all\" collapsed=\"on\"][et_pb_row column_structure=\"1_4,1_4,1_4,1_4\" _builder_version=\"3.29.3\" max_width=\"2560px\" custom_margin=\"0px||0px||false|false\" custom_padding=\"0px||0px||false|false\"][et_pb_column type=\"1_4\" _builder_version=\"3.29.3\"][et_pb_image src=\"https:\/\/fevdi-nuclear.com\/wp-content\/uploads\/2019\/10\/Fichier-1.png\" _builder_version=\"3.29.3\" width=\"60%\"][\/et_pb_image][\/et_pb_column][et_pb_column type=\"1_4\" _builder_version=\"3.29.3\"][et_pb_text _builder_version=\"3.29.3\" text_text_color=\"#ffffff\"]<\/p>\n<p>24 rue Louis Pradel<br \/>BP 365<br \/>69969 CORBAS CEDEX<br \/>France<\/p>\n<p>04 78 20 53 35<br \/>contact@fevdi-nuclear.com<\/p>\n<p>[\/et_pb_text][et_pb_button button_url=\"\/contact\" button_text=\"nous contacter\" _builder_version=\"3.29.3\" custom_button=\"on\" button_text_size=\"14px\" button_text_color=\"#ffffff\" button_bg_color=\"#189b73\" button_border_width=\"0px\" button_border_color=\"#ffffff\" button_font=\"|||on|||||\" custom_padding=\"1%|7%|1%|7%|false|false\"][\/et_pb_button][\/et_pb_column][et_pb_column type=\"1_4\" _builder_version=\"3.29.3\"][dsm_menu list_style_type=\"none\" disabled_on=\"on|on|off\" _builder_version=\"4.4.1\"][\/dsm_menu][\/et_pb_column][et_pb_column type=\"1_4\" _builder_version=\"3.29.3\"][\/et_pb_column][\/et_pb_row][\/et_pb_section]<\/p>","protected":false},"excerpt":{"rendered":"<p>Bildet auf vielen Untergr\u00fcnden einen farblosen Schutzfilm. Bietet zeitlich begrenzten Schutz. Siehe Details.<\/p>","protected":false},"featured_media":33747,"template":"","meta":{"_et_pb_use_builder":"on","_et_pb_old_content":"Forme un film protecteur incolore sur de nombreux supports. Protection temporaire. Le film protecteur se fragilise au contact de l'ALCATUM.Il peut ainsi \u00eatre facilement \u00e9limin\u00e9 \u00e0 l'eau. Application au pinceau, rouleau ou pulv\u00e9risateur.","_et_gb_content_width":""},"product_brand":[],"product_cat":[177,227,160,161,166,167,150,228,92,152,144,145],"product_tag":[],"class_list":{"0":"post-29757","1":"product","2":"type-product","3":"status-publish","4":"has-post-thumbnail","6":"product_cat-oui","7":"product_cat-effluent-zc","8":"product_cat-formes","9":"product_cat-liquide","10":"product_cat-materiaux-cibles","11":"product_cat-nombreux","12":"product_cat-pmuc","13":"product_cat-produits-zc-avec-effluents","14":"product_cat-protection-dequipements","15":"product_cat-sans-pmuc","16":"product_cat-surfaces-ciblees","17":"product_cat-volume-ouvert","18":"pa_attribut-besoins-protection-dequipements","19":"pa_attribut-pmuc-attribut-sans-pmuc","20":"pa_conditionnements-20kg","21":"pa_conditionnements-5kg","22":"pa_conditionnements-60_kg","23":"pa_contamination-labile","24":"pa_materiaux-cibles-nombreux","25":"pa_materiels-dapplication-projet-pro-350m","26":"pa_materiels-dapplication-pulve-extra","27":"pa_surfaces-ciblees-volume-ouvert","29":"first","30":"instock","31":"shipping-taxable","32":"purchasable","33":"product-type-simple"},"yoast_head":"<!-- This site is optimized with the Yoast SEO plugin v27.4 - https:\/\/yoast.com\/product\/yoast-seo-wordpress\/ -->\n<title>FIXATEUR LP5 - Fevdi Nuclear Expert<\/title>\n<meta name=\"robots\" content=\"index, follow, max-snippet:-1, max-image-preview:large, max-video-preview:-1\" \/>\n<link rel=\"canonical\" href=\"https:\/\/fevdi-nuclear.com\/de\/product\/fixateur-lp5\/\" \/>\n<meta property=\"og:locale\" content=\"de_DE\" \/>\n<meta property=\"og:type\" content=\"article\" \/>\n<meta property=\"og:title\" content=\"FIXATEUR LP5 - Fevdi Nuclear Expert\" \/>\n<meta property=\"og:description\" content=\"Forme un film protecteur incolore sur de nombreux supports. Protection temporaire. Voir d\u00e9tails.\" \/>\n<meta property=\"og:url\" content=\"https:\/\/fevdi-nuclear.com\/de\/product\/fixateur-lp5\/\" \/>\n<meta property=\"og:site_name\" content=\"Fevdi Nuclear Expert\" \/>\n<meta property=\"article:modified_time\" content=\"2020-07-16T13:29:39+00:00\" \/>\n<meta property=\"og:image\" content=\"https:\/\/fevdi-nuclear.com\/wp-content\/uploads\/2019\/12\/FIXATEUR_LP5.png\" \/>\n\t<meta property=\"og:image:width\" content=\"800\" \/>\n\t<meta property=\"og:image:height\" content=\"800\" \/>\n\t<meta property=\"og:image:type\" content=\"image\/png\" \/>\n<meta name=\"twitter:card\" content=\"summary_large_image\" \/>\n<meta name=\"twitter:label1\" content=\"Gesch\u00e4tzte Lesezeit\" \/>\n\t<meta name=\"twitter:data1\" content=\"5\u00a0Minuten\" \/>\n<script type=\"application\/ld+json\" class=\"yoast-schema-graph\">{\"@context\":\"https:\\\/\\\/schema.org\",\"@graph\":[{\"@type\":\"WebPage\",\"@id\":\"https:\\\/\\\/fevdi-nuclear.com\\\/zh\\\/product\\\/fixateur-lp5\",\"url\":\"https:\\\/\\\/fevdi-nuclear.com\\\/zh\\\/product\\\/fixateur-lp5\",\"name\":\"FIXATEUR LP5 - Fevdi Nuclear Expert\",\"isPartOf\":{\"@id\":\"https:\\\/\\\/fevdi-nuclear.com\\\/zh\\\/#website\"},\"primaryImageOfPage\":{\"@id\":\"https:\\\/\\\/fevdi-nuclear.com\\\/zh\\\/product\\\/fixateur-lp5#primaryimage\"},\"image\":{\"@id\":\"https:\\\/\\\/fevdi-nuclear.com\\\/zh\\\/product\\\/fixateur-lp5#primaryimage\"},\"thumbnailUrl\":\"https:\\\/\\\/fevdi-nuclear.com\\\/wp-content\\\/uploads\\\/2019\\\/12\\\/FIXATEUR_LP5.png\",\"datePublished\":\"2019-12-03T16:00:38+00:00\",\"dateModified\":\"2020-07-16T13:29:39+00:00\",\"breadcrumb\":{\"@id\":\"https:\\\/\\\/fevdi-nuclear.com\\\/zh\\\/product\\\/fixateur-lp5#breadcrumb\"},\"inLanguage\":\"de\",\"potentialAction\":[{\"@type\":\"ReadAction\",\"target\":[\"https:\\\/\\\/fevdi-nuclear.com\\\/zh\\\/product\\\/fixateur-lp5\"]}]},{\"@type\":\"ImageObject\",\"inLanguage\":\"de\",\"@id\":\"https:\\\/\\\/fevdi-nuclear.com\\\/zh\\\/product\\\/fixateur-lp5#primaryimage\",\"url\":\"https:\\\/\\\/fevdi-nuclear.com\\\/wp-content\\\/uploads\\\/2019\\\/12\\\/FIXATEUR_LP5.png\",\"contentUrl\":\"https:\\\/\\\/fevdi-nuclear.com\\\/wp-content\\\/uploads\\\/2019\\\/12\\\/FIXATEUR_LP5.png\",\"width\":800,\"height\":800},{\"@type\":\"BreadcrumbList\",\"@id\":\"https:\\\/\\\/fevdi-nuclear.com\\\/zh\\\/product\\\/fixateur-lp5#breadcrumb\",\"itemListElement\":[{\"@type\":\"ListItem\",\"position\":1,\"name\":\"Accueil\",\"item\":\"https:\\\/\\\/fevdi-nuclear.com\\\/\"},{\"@type\":\"ListItem\",\"position\":2,\"name\":\"Boutique 2\",\"item\":\"https:\\\/\\\/fevdi-nuclear.com\\\/en\\\/boutique\\\/\"},{\"@type\":\"ListItem\",\"position\":3,\"name\":\"FIXATEUR LP5\"}]},{\"@type\":\"WebSite\",\"@id\":\"https:\\\/\\\/fevdi-nuclear.com\\\/zh\\\/#website\",\"url\":\"https:\\\/\\\/fevdi-nuclear.com\\\/zh\\\/\",\"name\":\"Fevdi Nuclear Expert\",\"description\":\"Expert en d\u00e9contamination nucl\u00e9aire\",\"publisher\":{\"@id\":\"https:\\\/\\\/fevdi-nuclear.com\\\/zh\\\/#organization\"},\"potentialAction\":[{\"@type\":\"SearchAction\",\"target\":{\"@type\":\"EntryPoint\",\"urlTemplate\":\"https:\\\/\\\/fevdi-nuclear.com\\\/zh\\\/?s={search_term_string}\"},\"query-input\":{\"@type\":\"PropertyValueSpecification\",\"valueRequired\":true,\"valueName\":\"search_term_string\"}}],\"inLanguage\":\"de\"},{\"@type\":\"Organization\",\"@id\":\"https:\\\/\\\/fevdi-nuclear.com\\\/zh\\\/#organization\",\"name\":\"Fevdi\",\"url\":\"https:\\\/\\\/fevdi-nuclear.com\\\/zh\\\/\",\"logo\":{\"@type\":\"ImageObject\",\"inLanguage\":\"de\",\"@id\":\"https:\\\/\\\/fevdi-nuclear.com\\\/zh\\\/#\\\/schema\\\/logo\\\/image\\\/\",\"url\":\"https:\\\/\\\/fevdi-nuclear.com\\\/wp-content\\\/uploads\\\/2020\\\/01\\\/FEVDI-logo@512.png\",\"contentUrl\":\"https:\\\/\\\/fevdi-nuclear.com\\\/wp-content\\\/uploads\\\/2020\\\/01\\\/FEVDI-logo@512.png\",\"width\":512,\"height\":512,\"caption\":\"Fevdi\"},\"image\":{\"@id\":\"https:\\\/\\\/fevdi-nuclear.com\\\/zh\\\/#\\\/schema\\\/logo\\\/image\\\/\"}}]}<\/script>\n<!-- \/ Yoast SEO plugin. -->","yoast_head_json":{"title":"FIXATEUR LP5 - Fevdi Nuclear Expert","robots":{"index":"index","follow":"follow","max-snippet":"max-snippet:-1","max-image-preview":"max-image-preview:large","max-video-preview":"max-video-preview:-1"},"canonical":"https:\/\/fevdi-nuclear.com\/de\/product\/fixateur-lp5\/","og_locale":"de_DE","og_type":"article","og_title":"FIXATEUR LP5 - Fevdi Nuclear Expert","og_description":"Forme un film protecteur incolore sur de nombreux supports. Protection temporaire. Voir d\u00e9tails.","og_url":"https:\/\/fevdi-nuclear.com\/de\/product\/fixateur-lp5\/","og_site_name":"Fevdi Nuclear Expert","article_modified_time":"2020-07-16T13:29:39+00:00","og_image":[{"width":800,"height":800,"url":"https:\/\/fevdi-nuclear.com\/wp-content\/uploads\/2019\/12\/FIXATEUR_LP5.png","type":"image\/png"}],"twitter_card":"summary_large_image","twitter_misc":{"Gesch\u00e4tzte Lesezeit":"5\u00a0Minuten"},"schema":{"@context":"https:\/\/schema.org","@graph":[{"@type":"WebPage","@id":"https:\/\/fevdi-nuclear.com\/zh\/product\/fixateur-lp5","url":"https:\/\/fevdi-nuclear.com\/zh\/product\/fixateur-lp5","name":"FIXATEUR LP5 - Fevdi Nuclear Expert","isPartOf":{"@id":"https:\/\/fevdi-nuclear.com\/zh\/#website"},"primaryImageOfPage":{"@id":"https:\/\/fevdi-nuclear.com\/zh\/product\/fixateur-lp5#primaryimage"},"image":{"@id":"https:\/\/fevdi-nuclear.com\/zh\/product\/fixateur-lp5#primaryimage"},"thumbnailUrl":"https:\/\/fevdi-nuclear.com\/wp-content\/uploads\/2019\/12\/FIXATEUR_LP5.png","datePublished":"2019-12-03T16:00:38+00:00","dateModified":"2020-07-16T13:29:39+00:00","breadcrumb":{"@id":"https:\/\/fevdi-nuclear.com\/zh\/product\/fixateur-lp5#breadcrumb"},"inLanguage":"de","potentialAction":[{"@type":"ReadAction","target":["https:\/\/fevdi-nuclear.com\/zh\/product\/fixateur-lp5"]}]},{"@type":"ImageObject","inLanguage":"de","@id":"https:\/\/fevdi-nuclear.com\/zh\/product\/fixateur-lp5#primaryimage","url":"https:\/\/fevdi-nuclear.com\/wp-content\/uploads\/2019\/12\/FIXATEUR_LP5.png","contentUrl":"https:\/\/fevdi-nuclear.com\/wp-content\/uploads\/2019\/12\/FIXATEUR_LP5.png","width":800,"height":800},{"@type":"BreadcrumbList","@id":"https:\/\/fevdi-nuclear.com\/zh\/product\/fixateur-lp5#breadcrumb","itemListElement":[{"@type":"ListItem","position":1,"name":"Accueil","item":"https:\/\/fevdi-nuclear.com\/"},{"@type":"ListItem","position":2,"name":"Boutique 2","item":"https:\/\/fevdi-nuclear.com\/en\/boutique\/"},{"@type":"ListItem","position":3,"name":"FIXATEUR LP5"}]},{"@type":"WebSite","@id":"https:\/\/fevdi-nuclear.com\/zh\/#website","url":"https:\/\/fevdi-nuclear.com\/zh\/","name":"Fevdi Nuclear Expert","description":"Expert en d\u00e9contamination nucl\u00e9aire","publisher":{"@id":"https:\/\/fevdi-nuclear.com\/zh\/#organization"},"potentialAction":[{"@type":"SearchAction","target":{"@type":"EntryPoint","urlTemplate":"https:\/\/fevdi-nuclear.com\/zh\/?s={search_term_string}"},"query-input":{"@type":"PropertyValueSpecification","valueRequired":true,"valueName":"search_term_string"}}],"inLanguage":"de"},{"@type":"Organization","@id":"https:\/\/fevdi-nuclear.com\/zh\/#organization","name":"Fevdi","url":"https:\/\/fevdi-nuclear.com\/zh\/","logo":{"@type":"ImageObject","inLanguage":"de","@id":"https:\/\/fevdi-nuclear.com\/zh\/#\/schema\/logo\/image\/","url":"https:\/\/fevdi-nuclear.com\/wp-content\/uploads\/2020\/01\/FEVDI-logo@512.png","contentUrl":"https:\/\/fevdi-nuclear.com\/wp-content\/uploads\/2020\/01\/FEVDI-logo@512.png","width":512,"height":512,"caption":"Fevdi"},"image":{"@id":"https:\/\/fevdi-nuclear.com\/zh\/#\/schema\/logo\/image\/"}}]}},"_links":{"self":[{"href":"https:\/\/fevdi-nuclear.com\/de\/wp-json\/wp\/v2\/product\/29757","targetHints":{"allow":["GET"]}}],"collection":[{"href":"https:\/\/fevdi-nuclear.com\/de\/wp-json\/wp\/v2\/product"}],"about":[{"href":"https:\/\/fevdi-nuclear.com\/de\/wp-json\/wp\/v2\/types\/product"}],"wp:featuredmedia":[{"embeddable":true,"href":"https:\/\/fevdi-nuclear.com\/de\/wp-json\/wp\/v2\/media\/33747"}],"wp:attachment":[{"href":"https:\/\/fevdi-nuclear.com\/de\/wp-json\/wp\/v2\/media?parent=29757"}],"wp:term":[{"taxonomy":"product_brand","embeddable":true,"href":"https:\/\/fevdi-nuclear.com\/de\/wp-json\/wp\/v2\/product_brand?post=29757"},{"taxonomy":"product_cat","embeddable":true,"href":"https:\/\/fevdi-nuclear.com\/de\/wp-json\/wp\/v2\/product_cat?post=29757"},{"taxonomy":"product_tag","embeddable":true,"href":"https:\/\/fevdi-nuclear.com\/de\/wp-json\/wp\/v2\/product_tag?post=29757"}],"curies":[{"name":"wp","href":"https:\/\/api.w.org\/{rel}","templated":true}]}}