{"id":29580,"date":"2019-12-02T14:51:11","date_gmt":"2019-12-02T14:51:11","guid":{"rendered":"https:\/\/fevdi-nuclear.com\/?post_type=product&#038;p=29580"},"modified":"2020-06-04T15:46:28","modified_gmt":"2020-06-04T13:46:28","slug":"expert-14-viton-remplace-expert-13","status":"publish","type":"product","link":"https:\/\/fevdi-nuclear.com\/de\/produkt\/expert-14-viton-remplace-expert-13\/","title":{"rendered":"EXPERT 14 VITON"},"content":{"rendered":"<p>[et_pb_section fb_built=\"1\" _builder_version=\"4.3.2\" background_enable_color=\"off\" background_enable_image=\"off\" background_size=\"contain\" background_blend=\"hue\" module_alignment=\"center\" custom_margin=\"0px||||false|false\" custom_padding=\"0px||0px||false|false\"][et_pb_row column_structure=\"1_2,1_2\" use_custom_gutter=\"on\" custom_padding_last_edited=\"on|desktop\" _builder_version=\"4.4.7\" background_color=\"rgba(0,0,0,0)\" use_background_color_gradient=\"on\" background_color_gradient_start=\"rgba(0,75,112,0.5)\" background_color_gradient_end=\"#004b70\" background_image=\"https:\/\/fevdi-nuclear.com\/wp-content\/uploads\/2019\/11\/anneaux.png\" background_size=\"contain\" background_position=\"top_left\" background_blend=\"soft-light\" max_width=\"2560px\" custom_margin=\"0px||||false|false\" custom_padding=\"0px|5%|||false|false\" custom_padding_tablet=\"|5%||5%|false|true\" custom_padding_phone=\"0px|5%||5%|false|true\" hover_enabled=\"0\" border_radii=\"off|25px|25px||\" border_color_all=\"#28b284\"][et_pb_column type=\"1_2\" _builder_version=\"4.0.5\" custom_padding=\"|5%||5%|false|false\" custom_padding__hover=\"|||\"][et_pb_wc_images admin_label=\"Image - ne pas changer\" _builder_version=\"4.0.7\" custom_margin=\"5%||||false|false\"][\/et_pb_wc_images][et_pb_text admin_label=\"Logo effluent et formes\" _builder_version=\"4.3.4\" text_font=\"|600|||||||\" text_text_color=\"#004b70\" background_color=\"#ffffff\" text_orientation=\"center\" custom_margin=\"|25%||25%|false|true\" custom_margin_tablet=\"\" custom_margin_phone=\"|0%||0%|false|true\" custom_margin_last_edited=\"on|phone\" custom_padding=\"3%||2%||false|false\" border_radii=\"on|15px|15px|15px|15px\"]<\/p>\n<p><img loading=\"lazy\" decoding=\"async\" class=\"alignnone wp-image-29122 size-full\" src=\"https:\/\/fevdi-nuclear.com\/wp-content\/uploads\/2019\/11\/avec_effluent.png\" alt=\"\" width=\"114\" height=\"100\" \/>\u00a0 <img loading=\"lazy\" decoding=\"async\" class=\"alignnone wp-image-29124 size-full\" src=\"https:\/\/fevdi-nuclear.com\/wp-content\/uploads\/2019\/11\/Liquide.png\" alt=\"\" width=\"100\" height=\"100\" \/><\/p>\n<p>[\/et_pb_text][\/et_pb_column][et_pb_column type=\"1_2\" _builder_version=\"3.25\" custom_padding=\"|||\" custom_padding__hover=\"|||\"][et_pb_wc_title admin_label=\"Titre - ne pas changer\" _builder_version=\"4.0.7\" header_font=\"|600|||||||\" header_text_color=\"#ffffff\" custom_margin=\"5%||||false|false\"][\/et_pb_wc_title][et_pb_wc_description description_type=\"description\" admin_label=\"Description - ne pas changer\" _builder_version=\"4.3.4\" body_text_color=\"#ffffff\"][\/et_pb_wc_description][et_pb_wc_additional_info show_title=\"off\" admin_label=\"Caract\u00e9ristiques - ne pas changer\" _builder_version=\"4.3.4\" link_text_color=\"#ffffff\" header_text_color=\"#ffffff\" attribute_text_color=\"#ffffff\" attribute_text_shadow_style=\"preset1\" body_text_color__hover_enabled=\"off|desktop\"][\/et_pb_wc_additional_info][\/et_pb_column][\/et_pb_row][et_pb_row column_structure=\"1_2,1_2\" make_equal=\"on\" _builder_version=\"4.4.7\" background_color=\"rgba(0,0,0,0)\" use_background_color_gradient=\"on\" background_color_gradient_start=\"#004b70\" background_color_gradient_end=\"#004b70\" background_image=\"https:\/\/fevdi-nuclear.com\/wp-content\/uploads\/2019\/10\/Fichier-1.png\" background_size=\"initial\" background_blend=\"soft-light\" max_width=\"2560px\" custom_margin=\"0px||0px||false|false\" custom_padding=\"|5%||5%|false|true\" global_module=\"34033\" saved_tabs=\"all\"][et_pb_column type=\"1_2\" _builder_version=\"4.0.5\"][et_pb_button button_url=\"https:\/\/fevdi-nuclear.com\/wp-content\/uploads\/2020\/05\/Catalogue-2020.pdf\" button_text=\"t\u00e9l\u00e9charger le Catalogue\" button_alignment=\"center\" admin_label=\"Bouton Catalogue\" _builder_version=\"4.4.6\" custom_button=\"on\" button_text_color=\"#ffffff\" button_bg_color=\"#004b70\" button_border_color=\"#78b6dd\" button_border_radius=\"10px\" button_font=\"|||on|||||\" button_icon=\"%%72%%\" custom_margin=\"5%||||false|false\" custom_padding=\"5px|6%|5px|6%|true|true\" button_bg_color__hover_enabled=\"on|desktop\" button_bg_color__hover=\"#ffffff\" button_bg_enable_color__hover=\"on\" button_text_color__hover_enabled=\"on|desktop\" button_text_color__hover=\"#004b70\"][\/et_pb_button][\/et_pb_column][et_pb_column type=\"1_2\" _builder_version=\"4.0.5\"][et_pb_text admin_label=\"Besoin de renseignements compl\u00e9mentaires ?\" _builder_version=\"4.3.2\" header_text_align=\"center\" header_2_font=\"|700|||||||\" header_2_text_align=\"center\" header_2_text_color=\"#ffffff\" header_2_font_size=\"30px\" header_3_font=\"|700|||||||\" header_3_text_align=\"center\" header_3_text_color=\"#ffffff\" custom_margin=\"||8px||false|false\" custom_padding=\"||||false|false\"]<\/p>\n<h2>Besoin de renseignements suppl\u00e9mentaires ?<\/h2>\n<p>[\/et_pb_text][et_pb_button button_url=\"\/contact\" button_text=\"nous contacter\" button_alignment=\"center\" admin_label=\"Bouton nous contacter\" _builder_version=\"4.3.4\" custom_button=\"on\" button_text_color=\"#004b70\" button_bg_color=\"#ffffff\" button_border_color=\"#78b6dd\" button_border_radius=\"10px\" button_font=\"|||on|||||\" custom_padding=\"0px|3%|0px|3%|false|false\" button_bg_color__hover_enabled=\"on|desktop\" button_bg_color__hover=\"#004b70\" button_bg_enable_color__hover=\"on\" button_text_color__hover_enabled=\"on|hover\" button_text_color__hover=\"#ffffff\"][\/et_pb_button][\/et_pb_column][\/et_pb_row][et_pb_row _builder_version=\"4.3.4\" background_color=\"rgba(0,0,0,0)\" use_background_color_gradient=\"on\" background_color_gradient_start=\"#004b70\" background_color_gradient_end=\"rgba(0,75,112,0.5)\" background_image=\"https:\/\/fevdi-nuclear.com\/wp-content\/uploads\/2019\/10\/Fichier-1.png\" background_size=\"initial\" background_blend=\"soft-light\" max_width=\"2560px\" custom_margin=\"||2%||false|false\" custom_padding=\"||0px||false|false\" border_radii=\"off|||25px|25px\" box_shadow_style=\"preset3\" box_shadow_vertical=\"20px\" box_shadow_blur=\"30px\" box_shadow_spread=\"-15px\" box_shadow_color=\"rgba(0,0,0,0.47)\"][et_pb_column type=\"4_4\" _builder_version=\"4.0.5\"][et_pb_wc_upsells posts_number=\"6\" columns_number=\"6\" admin_label=\"Produits apparent\u00e9s\" _builder_version=\"4.3.4\" title_text_align=\"center\" title_text_color=\"#ffffff\" product_title_text_color=\"#ffffff\" text_orientation=\"center\" custom_padding=\"|5%||5%|false|true\"][\/et_pb_wc_upsells][\/et_pb_column][\/et_pb_row][\/et_pb_section][et_pb_section fb_built=\"1\" admin_label=\"footer\" _builder_version=\"4.3.2\" background_color=\"#004b70\" background_image=\"https:\/\/fevdi-nuclear.com\/wp-content\/uploads\/2019\/09\/anneaux-blancs.png\" background_size=\"contain\" background_position=\"center_right\" custom_margin=\"||0px||false|false\" custom_padding=\"38px||20px||false|false\" global_module=\"28050\" saved_tabs=\"all\" collapsed=\"on\"][et_pb_row column_structure=\"1_4,1_4,1_4,1_4\" _builder_version=\"3.29.3\" max_width=\"2560px\" custom_margin=\"0px||0px||false|false\" custom_padding=\"0px||0px||false|false\"][et_pb_column type=\"1_4\" _builder_version=\"3.29.3\"][et_pb_image src=\"https:\/\/fevdi-nuclear.com\/wp-content\/uploads\/2019\/10\/Fichier-1.png\" _builder_version=\"3.29.3\" width=\"60%\"][\/et_pb_image][\/et_pb_column][et_pb_column type=\"1_4\" _builder_version=\"3.29.3\"][et_pb_text _builder_version=\"3.29.3\" text_text_color=\"#ffffff\"]<\/p>\n<p>24 rue Louis Pradel<br \/>BP 365<br \/>69969 CORBAS CEDEX<br \/>France<\/p>\n<p>04 78 20 53 35<br \/>contact@fevdi-nuclear.com<\/p>\n<p>[\/et_pb_text][et_pb_button button_url=\"\/contact\" button_text=\"nous contacter\" _builder_version=\"3.29.3\" custom_button=\"on\" button_text_size=\"14px\" button_text_color=\"#ffffff\" button_bg_color=\"#189b73\" button_border_width=\"0px\" button_border_color=\"#ffffff\" button_font=\"|||on|||||\" custom_padding=\"1%|7%|1%|7%|false|false\"][\/et_pb_button][\/et_pb_column][et_pb_column type=\"1_4\" _builder_version=\"3.29.3\"][dsm_menu list_style_type=\"none\" disabled_on=\"on|on|off\" _builder_version=\"4.4.1\"][\/dsm_menu][\/et_pb_column][et_pb_column type=\"1_4\" _builder_version=\"3.29.3\"][\/et_pb_column][\/et_pb_row][\/et_pb_section]<\/p>","protected":false},"excerpt":{"rendered":"<p>Vordruckspr\u00fchger\u00e4t mit Tank und Handpumpe. Siehe Details.<\/p>","protected":false},"featured_media":29426,"template":"","meta":{"_et_pb_use_builder":"on","_et_pb_old_content":"Pulv\u00e9risateur \u00e0 pression pr\u00e9alable avec r\u00e9servoir et pompe manuelle. Application d\u2019huiles de d\u00e9coffrage, d\u2019hydrofuges de fa\u00e7ade, produits de traitement des bois et charpentes, d\u00e9capants solvant\u00e9s, produits de d\u00e9ratisation, produits de d\u00e9sinsectisation, d\u00e9goudronnants, antimousse \u00e0 base neutre.\r\n\r\n<em>Remplace Expert 13<\/em>","_et_gb_content_width":""},"product_brand":[],"product_cat":[177,160,161,166,180,167,150,152,144,145],"product_tag":[],"class_list":{"0":"post-29580","1":"product","2":"type-product","3":"status-publish","4":"has-post-thumbnail","6":"product_cat-oui","7":"product_cat-formes","8":"product_cat-liquide","9":"product_cat-materiaux-cibles","10":"product_cat-materiels-applications","11":"product_cat-nombreux","12":"product_cat-pmuc","13":"product_cat-sans-pmuc","14":"product_cat-surfaces-ciblees","15":"product_cat-volume-ouvert","16":"pa_attribut-materiel-appli-application-de-liquides","17":"pa_attribut-pmuc-attribut-sans-pmuc","18":"pa_conditionnements-unite","19":"pa_contamination-non","20":"pa_materiaux-cibles-nombreux","21":"pa_surfaces-ciblees-volume-ouvert","23":"first","24":"instock","25":"shipping-taxable","26":"purchasable","27":"product-type-simple"},"yoast_head":"<!-- This site is optimized with the Yoast SEO plugin v27.3 - https:\/\/yoast.com\/product\/yoast-seo-wordpress\/ -->\n<title>EXPERT 14 VITON Pulv\u00e9risateur manuel - Fevdi Nuclear Expert<\/title>\n<meta name=\"description\" content=\"Pulv\u00e9risateur \u00e0 pression pr\u00e9alable avec r\u00e9servoir et pompe manuelle. Application d\u2019huiles de d\u00e9coffrage, d\u2019hydrofuges de fa\u00e7ade, produits de traitement des bois et charpentes, d\u00e9capants solvant\u00e9s, produits de d\u00e9ratisation, produits de d\u00e9sinsectisation, d\u00e9goudronnants, antimousse \u00e0 base neutre.\" \/>\n<meta name=\"robots\" content=\"index, follow, max-snippet:-1, max-image-preview:large, max-video-preview:-1\" \/>\n<link rel=\"canonical\" href=\"https:\/\/fevdi-nuclear.com\/de\/product\/expert-14-viton-remplace-expert-13\/\" \/>\n<meta property=\"og:locale\" content=\"de_DE\" \/>\n<meta property=\"og:type\" content=\"article\" \/>\n<meta property=\"og:title\" content=\"EXPERT 14 VITON Pulv\u00e9risateur manuel - Fevdi Nuclear Expert\" \/>\n<meta property=\"og:description\" content=\"Pulv\u00e9risateur \u00e0 pression pr\u00e9alable avec r\u00e9servoir et pompe manuelle. Application d\u2019huiles de d\u00e9coffrage, d\u2019hydrofuges de fa\u00e7ade, produits de traitement des bois et charpentes, d\u00e9capants solvant\u00e9s, produits de d\u00e9ratisation, produits de d\u00e9sinsectisation, d\u00e9goudronnants, antimousse \u00e0 base neutre.\" \/>\n<meta property=\"og:url\" content=\"https:\/\/fevdi-nuclear.com\/de\/product\/expert-14-viton-remplace-expert-13\/\" \/>\n<meta property=\"og:site_name\" content=\"Fevdi Nuclear Expert\" \/>\n<meta property=\"article:modified_time\" content=\"2020-06-04T13:46:28+00:00\" \/>\n<meta property=\"og:image\" content=\"https:\/\/fevdi-nuclear.com\/wp-content\/uploads\/2019\/12\/EXPERT-14-VITON.png\" \/>\n\t<meta property=\"og:image:width\" content=\"800\" \/>\n\t<meta property=\"og:image:height\" content=\"800\" \/>\n\t<meta property=\"og:image:type\" content=\"image\/png\" \/>\n<meta name=\"twitter:card\" content=\"summary_large_image\" \/>\n<meta name=\"twitter:label1\" content=\"Gesch\u00e4tzte Lesezeit\" \/>\n\t<meta name=\"twitter:data1\" content=\"5\u00a0Minuten\" \/>\n<script type=\"application\/ld+json\" class=\"yoast-schema-graph\">{\"@context\":\"https:\\\/\\\/schema.org\",\"@graph\":[{\"@type\":\"WebPage\",\"@id\":\"https:\\\/\\\/fevdi-nuclear.com\\\/zh\\\/product\\\/expert-14-viton-remplace-expert-13\",\"url\":\"https:\\\/\\\/fevdi-nuclear.com\\\/zh\\\/product\\\/expert-14-viton-remplace-expert-13\",\"name\":\"EXPERT 14 VITON Pulv\u00e9risateur manuel - Fevdi Nuclear Expert\",\"isPartOf\":{\"@id\":\"https:\\\/\\\/fevdi-nuclear.com\\\/zh\\\/#website\"},\"primaryImageOfPage\":{\"@id\":\"https:\\\/\\\/fevdi-nuclear.com\\\/zh\\\/product\\\/expert-14-viton-remplace-expert-13#primaryimage\"},\"image\":{\"@id\":\"https:\\\/\\\/fevdi-nuclear.com\\\/zh\\\/product\\\/expert-14-viton-remplace-expert-13#primaryimage\"},\"thumbnailUrl\":\"https:\\\/\\\/fevdi-nuclear.com\\\/wp-content\\\/uploads\\\/2019\\\/12\\\/EXPERT-14-VITON.png\",\"datePublished\":\"2019-12-02T14:51:11+00:00\",\"dateModified\":\"2020-06-04T13:46:28+00:00\",\"description\":\"Pulv\u00e9risateur \u00e0 pression pr\u00e9alable avec r\u00e9servoir et pompe manuelle. Application d\u2019huiles de d\u00e9coffrage, d\u2019hydrofuges de fa\u00e7ade, produits de traitement des bois et charpentes, d\u00e9capants solvant\u00e9s, produits de d\u00e9ratisation, produits de d\u00e9sinsectisation, d\u00e9goudronnants, antimousse \u00e0 base neutre.\",\"breadcrumb\":{\"@id\":\"https:\\\/\\\/fevdi-nuclear.com\\\/zh\\\/product\\\/expert-14-viton-remplace-expert-13#breadcrumb\"},\"inLanguage\":\"de\",\"potentialAction\":[{\"@type\":\"ReadAction\",\"target\":[\"https:\\\/\\\/fevdi-nuclear.com\\\/zh\\\/product\\\/expert-14-viton-remplace-expert-13\"]}]},{\"@type\":\"ImageObject\",\"inLanguage\":\"de\",\"@id\":\"https:\\\/\\\/fevdi-nuclear.com\\\/zh\\\/product\\\/expert-14-viton-remplace-expert-13#primaryimage\",\"url\":\"https:\\\/\\\/fevdi-nuclear.com\\\/wp-content\\\/uploads\\\/2019\\\/12\\\/EXPERT-14-VITON.png\",\"contentUrl\":\"https:\\\/\\\/fevdi-nuclear.com\\\/wp-content\\\/uploads\\\/2019\\\/12\\\/EXPERT-14-VITON.png\",\"width\":800,\"height\":800},{\"@type\":\"BreadcrumbList\",\"@id\":\"https:\\\/\\\/fevdi-nuclear.com\\\/zh\\\/product\\\/expert-14-viton-remplace-expert-13#breadcrumb\",\"itemListElement\":[{\"@type\":\"ListItem\",\"position\":1,\"name\":\"Accueil\",\"item\":\"https:\\\/\\\/fevdi-nuclear.com\\\/\"},{\"@type\":\"ListItem\",\"position\":2,\"name\":\"Boutique 2\",\"item\":\"https:\\\/\\\/fevdi-nuclear.com\\\/en\\\/boutique\\\/\"},{\"@type\":\"ListItem\",\"position\":3,\"name\":\"EXPERT 14 VITON\"}]},{\"@type\":\"WebSite\",\"@id\":\"https:\\\/\\\/fevdi-nuclear.com\\\/zh\\\/#website\",\"url\":\"https:\\\/\\\/fevdi-nuclear.com\\\/zh\\\/\",\"name\":\"Fevdi Nuclear Expert\",\"description\":\"Expert en d\u00e9contamination nucl\u00e9aire\",\"publisher\":{\"@id\":\"https:\\\/\\\/fevdi-nuclear.com\\\/zh\\\/#organization\"},\"potentialAction\":[{\"@type\":\"SearchAction\",\"target\":{\"@type\":\"EntryPoint\",\"urlTemplate\":\"https:\\\/\\\/fevdi-nuclear.com\\\/zh\\\/?s={search_term_string}\"},\"query-input\":{\"@type\":\"PropertyValueSpecification\",\"valueRequired\":true,\"valueName\":\"search_term_string\"}}],\"inLanguage\":\"de\"},{\"@type\":\"Organization\",\"@id\":\"https:\\\/\\\/fevdi-nuclear.com\\\/zh\\\/#organization\",\"name\":\"Fevdi\",\"url\":\"https:\\\/\\\/fevdi-nuclear.com\\\/zh\\\/\",\"logo\":{\"@type\":\"ImageObject\",\"inLanguage\":\"de\",\"@id\":\"https:\\\/\\\/fevdi-nuclear.com\\\/zh\\\/#\\\/schema\\\/logo\\\/image\\\/\",\"url\":\"https:\\\/\\\/fevdi-nuclear.com\\\/wp-content\\\/uploads\\\/2020\\\/01\\\/FEVDI-logo@512.png\",\"contentUrl\":\"https:\\\/\\\/fevdi-nuclear.com\\\/wp-content\\\/uploads\\\/2020\\\/01\\\/FEVDI-logo@512.png\",\"width\":512,\"height\":512,\"caption\":\"Fevdi\"},\"image\":{\"@id\":\"https:\\\/\\\/fevdi-nuclear.com\\\/zh\\\/#\\\/schema\\\/logo\\\/image\\\/\"}}]}<\/script>\n<!-- \/ Yoast SEO plugin. -->","yoast_head_json":{"title":"EXPERT 14 VITON Pulv\u00e9risateur manuel - Fevdi Nuclear Expert","description":"Pulv\u00e9risateur \u00e0 pression pr\u00e9alable avec r\u00e9servoir et pompe manuelle. Application d\u2019huiles de d\u00e9coffrage, d\u2019hydrofuges de fa\u00e7ade, produits de traitement des bois et charpentes, d\u00e9capants solvant\u00e9s, produits de d\u00e9ratisation, produits de d\u00e9sinsectisation, d\u00e9goudronnants, antimousse \u00e0 base neutre.","robots":{"index":"index","follow":"follow","max-snippet":"max-snippet:-1","max-image-preview":"max-image-preview:large","max-video-preview":"max-video-preview:-1"},"canonical":"https:\/\/fevdi-nuclear.com\/de\/product\/expert-14-viton-remplace-expert-13\/","og_locale":"de_DE","og_type":"article","og_title":"EXPERT 14 VITON Pulv\u00e9risateur manuel - Fevdi Nuclear Expert","og_description":"Pulv\u00e9risateur \u00e0 pression pr\u00e9alable avec r\u00e9servoir et pompe manuelle. Application d\u2019huiles de d\u00e9coffrage, d\u2019hydrofuges de fa\u00e7ade, produits de traitement des bois et charpentes, d\u00e9capants solvant\u00e9s, produits de d\u00e9ratisation, produits de d\u00e9sinsectisation, d\u00e9goudronnants, antimousse \u00e0 base neutre.","og_url":"https:\/\/fevdi-nuclear.com\/de\/product\/expert-14-viton-remplace-expert-13\/","og_site_name":"Fevdi Nuclear Expert","article_modified_time":"2020-06-04T13:46:28+00:00","og_image":[{"width":800,"height":800,"url":"https:\/\/fevdi-nuclear.com\/wp-content\/uploads\/2019\/12\/EXPERT-14-VITON.png","type":"image\/png"}],"twitter_card":"summary_large_image","twitter_misc":{"Gesch\u00e4tzte Lesezeit":"5\u00a0Minuten"},"schema":{"@context":"https:\/\/schema.org","@graph":[{"@type":"WebPage","@id":"https:\/\/fevdi-nuclear.com\/zh\/product\/expert-14-viton-remplace-expert-13","url":"https:\/\/fevdi-nuclear.com\/zh\/product\/expert-14-viton-remplace-expert-13","name":"EXPERT 14 VITON Pulv\u00e9risateur manuel - Fevdi Nuclear Expert","isPartOf":{"@id":"https:\/\/fevdi-nuclear.com\/zh\/#website"},"primaryImageOfPage":{"@id":"https:\/\/fevdi-nuclear.com\/zh\/product\/expert-14-viton-remplace-expert-13#primaryimage"},"image":{"@id":"https:\/\/fevdi-nuclear.com\/zh\/product\/expert-14-viton-remplace-expert-13#primaryimage"},"thumbnailUrl":"https:\/\/fevdi-nuclear.com\/wp-content\/uploads\/2019\/12\/EXPERT-14-VITON.png","datePublished":"2019-12-02T14:51:11+00:00","dateModified":"2020-06-04T13:46:28+00:00","description":"Pulv\u00e9risateur \u00e0 pression pr\u00e9alable avec r\u00e9servoir et pompe manuelle. Application d\u2019huiles de d\u00e9coffrage, d\u2019hydrofuges de fa\u00e7ade, produits de traitement des bois et charpentes, d\u00e9capants solvant\u00e9s, produits de d\u00e9ratisation, produits de d\u00e9sinsectisation, d\u00e9goudronnants, antimousse \u00e0 base neutre.","breadcrumb":{"@id":"https:\/\/fevdi-nuclear.com\/zh\/product\/expert-14-viton-remplace-expert-13#breadcrumb"},"inLanguage":"de","potentialAction":[{"@type":"ReadAction","target":["https:\/\/fevdi-nuclear.com\/zh\/product\/expert-14-viton-remplace-expert-13"]}]},{"@type":"ImageObject","inLanguage":"de","@id":"https:\/\/fevdi-nuclear.com\/zh\/product\/expert-14-viton-remplace-expert-13#primaryimage","url":"https:\/\/fevdi-nuclear.com\/wp-content\/uploads\/2019\/12\/EXPERT-14-VITON.png","contentUrl":"https:\/\/fevdi-nuclear.com\/wp-content\/uploads\/2019\/12\/EXPERT-14-VITON.png","width":800,"height":800},{"@type":"BreadcrumbList","@id":"https:\/\/fevdi-nuclear.com\/zh\/product\/expert-14-viton-remplace-expert-13#breadcrumb","itemListElement":[{"@type":"ListItem","position":1,"name":"Accueil","item":"https:\/\/fevdi-nuclear.com\/"},{"@type":"ListItem","position":2,"name":"Boutique 2","item":"https:\/\/fevdi-nuclear.com\/en\/boutique\/"},{"@type":"ListItem","position":3,"name":"EXPERT 14 VITON"}]},{"@type":"WebSite","@id":"https:\/\/fevdi-nuclear.com\/zh\/#website","url":"https:\/\/fevdi-nuclear.com\/zh\/","name":"Fevdi Nuclear Expert","description":"Expert en d\u00e9contamination nucl\u00e9aire","publisher":{"@id":"https:\/\/fevdi-nuclear.com\/zh\/#organization"},"potentialAction":[{"@type":"SearchAction","target":{"@type":"EntryPoint","urlTemplate":"https:\/\/fevdi-nuclear.com\/zh\/?s={search_term_string}"},"query-input":{"@type":"PropertyValueSpecification","valueRequired":true,"valueName":"search_term_string"}}],"inLanguage":"de"},{"@type":"Organization","@id":"https:\/\/fevdi-nuclear.com\/zh\/#organization","name":"Fevdi","url":"https:\/\/fevdi-nuclear.com\/zh\/","logo":{"@type":"ImageObject","inLanguage":"de","@id":"https:\/\/fevdi-nuclear.com\/zh\/#\/schema\/logo\/image\/","url":"https:\/\/fevdi-nuclear.com\/wp-content\/uploads\/2020\/01\/FEVDI-logo@512.png","contentUrl":"https:\/\/fevdi-nuclear.com\/wp-content\/uploads\/2020\/01\/FEVDI-logo@512.png","width":512,"height":512,"caption":"Fevdi"},"image":{"@id":"https:\/\/fevdi-nuclear.com\/zh\/#\/schema\/logo\/image\/"}}]}},"_links":{"self":[{"href":"https:\/\/fevdi-nuclear.com\/de\/wp-json\/wp\/v2\/product\/29580","targetHints":{"allow":["GET"]}}],"collection":[{"href":"https:\/\/fevdi-nuclear.com\/de\/wp-json\/wp\/v2\/product"}],"about":[{"href":"https:\/\/fevdi-nuclear.com\/de\/wp-json\/wp\/v2\/types\/product"}],"wp:featuredmedia":[{"embeddable":true,"href":"https:\/\/fevdi-nuclear.com\/de\/wp-json\/wp\/v2\/media\/29426"}],"wp:attachment":[{"href":"https:\/\/fevdi-nuclear.com\/de\/wp-json\/wp\/v2\/media?parent=29580"}],"wp:term":[{"taxonomy":"product_brand","embeddable":true,"href":"https:\/\/fevdi-nuclear.com\/de\/wp-json\/wp\/v2\/product_brand?post=29580"},{"taxonomy":"product_cat","embeddable":true,"href":"https:\/\/fevdi-nuclear.com\/de\/wp-json\/wp\/v2\/product_cat?post=29580"},{"taxonomy":"product_tag","embeddable":true,"href":"https:\/\/fevdi-nuclear.com\/de\/wp-json\/wp\/v2\/product_tag?post=29580"}],"curies":[{"name":"wp","href":"https:\/\/api.w.org\/{rel}","templated":true}]}}