{"id":35842,"date":"2021-02-16T17:54:43","date_gmt":"2021-02-16T15:54:43","guid":{"rendered":"https:\/\/fevdi-nuclear.com\/?page_id=35842"},"modified":"2023-09-27T15:29:07","modified_gmt":"2023-09-27T13:29:07","slug":"applications-nucleaires-et-nrbce","status":"publish","type":"page","link":"https:\/\/fevdi-nuclear.com\/de\/applications-nucleaires-et-nrbce\/","title":{"rendered":"Anwendungen"},"content":{"rendered":"<p>[et_pb_section fb_built=\"1\" disabled_on=\"off|off|off\" admin_label=\"Author - CSS Code\" _builder_version=\"4.16\" custom_padding=\"0px||0px\" collapsed=\"off\" global_colors_info=\"{}\"][et_pb_row _builder_version=\"4.16\" custom_padding=\"0px||0px\" global_colors_info=\"{}\"][et_pb_column type=\"4_4\" _builder_version=\"4.16\" custom_padding=\"|||\" global_colors_info=\"{}\" custom_padding__hover=\"|||\"][et_pb_code admin_label=\"*** CSS Code ***\" _builder_version=\"4.16\" global_colors_info=\"{}\"]<\/p>\n<style><!-- [et_pb_line_break_holder] -->\/* Author Layout CSS *\/<!-- [et_pb_line_break_holder] -->.at_section .et_pb_row {<!-- [et_pb_line_break_holder] -->  width: 90% !important;<!-- [et_pb_line_break_holder] -->}<!-- [et_pb_line_break_holder] -->\/* HERO *\/<!-- [et_pb_line_break_holder] -->.at_hero .et_pb_more_button_one {padding: 12px 40px !important;}<!-- [et_pb_line_break_holder] -->  .et_pb_fullwidth_header_subhead {margin-top:5%;}<!-- [et_pb_line_break_holder] -->\/* Slim Optin *\/<!-- [et_pb_line_break_holder] -->.b3-slim-optin .et_pb_newsletter_field,<!-- [et_pb_line_break_holder] -->.b3-slim-optin .et_pb_newsletter_button_wrap {flex-basis:32.5%;}<!-- [et_pb_line_break_holder] -->.b3-slim-optin .et_pb_newsletter_footer {margin-top:0;}<!-- [et_pb_line_break_holder] -->.b3-slim-optin .et_pb_module_header {padding-bottom:0; }<!-- [et_pb_line_break_holder] --> @media (min-width:981px) {<!-- [et_pb_line_break_holder] --> .b3-slim-optin .et_pb_newsletter_description {width: 0;}<!-- [et_pb_line_break_holder] --> .b3-slim-optin .et_pb_newsletter_form {width:90%;}<!-- [et_pb_line_break_holder] -->}<!-- [et_pb_line_break_holder] -->@media (max-width:980px) {<!-- [et_pb_line_break_holder] --> .et_pb_column_4_4 .b3-slim-optin {display:block;}<!-- [et_pb_line_break_holder] --> .b3-slim-optin .et_pb_newsletter_description,.b3-slim-optin .et_pb_newsletter_form {width: 100%;padding: 0; display: contents;}<!-- [et_pb_line_break_holder] --> .et_pb_column_4_4 .b3-slim-optin .et_pb_newsletter_description {text-align:center;margin-bottom:10px;}<!-- [et_pb_line_break_holder] --> .b3-slim-optin .et_pb_newsletter_footer {text-align:center;}<!-- [et_pb_line_break_holder] -->}<!-- [et_pb_line_break_holder] -->@media (max-width:600px) {<!-- [et_pb_line_break_holder] --> .b3-slim-optin .et_pb_newsletter_field {flex-basis:49%;}<!-- [et_pb_line_break_holder] --> .b3-slim-optin .et_pb_newsletter_button_wrap {flex-basis:100%;}<!-- [et_pb_line_break_holder] -->}<!-- [et_pb_line_break_holder] -->@media (max-width:479px) {<!-- [et_pb_line_break_holder] --> .b3-slim-optin .et_pb_newsletter_field{flex-basis:100%;}<!-- [et_pb_line_break_holder] -->}<!-- [et_pb_line_break_holder] -->\/* Testimonials *\/<!-- [et_pb_line_break_holder] -->.at_review:before {<!-- [et_pb_line_break_holder] --> content: '';<!-- [et_pb_line_break_holder] --> position: absolute;<!-- [et_pb_line_break_holder] --> background: transparent;<!-- [et_pb_line_break_holder] --> background-image: url(data:image\/svg+xml;base64,PHN2ZyB3aWR0aD0iMTYwcHgiIGhlaWdodD0iMTQwcHgiIHZpZXdCb3g9IjAgMCAxNjAgMTQwIiB4bWxucz0iaHR0cDovL3d3dy53My5vcmcvMjAwMC9zdmciPjxnIGZpbGw9IiNGN0Y3RjciPjxwYXRoIGQ9Ik04MCAwTDAgMTQwaDE2MHoiLz48L2c+PC9zdmc+);<!-- [et_pb_line_break_holder] --> background-size: 100%;<!-- [et_pb_line_break_holder] --> height: 35px;<!-- [et_pb_line_break_holder] --> bottom:0;<!-- [et_pb_line_break_holder] --> left: 0;<!-- [et_pb_line_break_holder] --> right: 0;<!-- [et_pb_line_break_holder] --> margin-bottom:-20px;<!-- [et_pb_line_break_holder] --> transform: rotate(180deg);<!-- [et_pb_line_break_holder] -->}<!-- [et_pb_line_break_holder] -->.at_testimonial:hover .review {<!-- [et_pb_line_break_holder] -->  transform: translateY(-5px);<!-- [et_pb_line_break_holder] -->  transition: all .3s ease-in-out;<!-- [et_pb_line_break_holder] -->}<!-- [et_pb_line_break_holder] -->.at_testimonial .review {<!-- [et_pb_line_break_holder] -->  transition: all .3s ease-in-out;<!-- [et_pb_line_break_holder] -->}<!-- [et_pb_line_break_holder] -->.at_testimonial:hover .et_pb_image_wrap {<!-- [et_pb_line_break_holder] -->  border-color: #fd4400 !important;<!-- [et_pb_line_break_holder] -->  transition: all .3s ease-in-out;<!-- [et_pb_line_break_holder] -->}<!-- [et_pb_line_break_holder] -->.at_testimonial .et_pb_image_wrap {<!-- [et_pb_line_break_holder] -->  transition: all .3s ease-in-out;<!-- [et_pb_line_break_holder] -->}<!-- [et_pb_line_break_holder] -->\/* About Image Zoom *\/<!-- [et_pb_line_break_holder] -->.at_about_section:hover .at_about_img {<!-- [et_pb_line_break_holder] -->  transform:scale(1.05);<!-- [et_pb_line_break_holder] -->  transition: all .3s ease-in-out;<!-- [et_pb_line_break_holder] -->}<!-- [et_pb_line_break_holder] -->.at_about_section .at_about_img {<!-- [et_pb_line_break_holder] -->  transition: all .3s ease-in-out;<!-- [et_pb_line_break_holder] -->  -webkit-transform-origin: bottom;<!-- [et_pb_line_break_holder] -->  -moz-transform-origin: bottom;<!-- [et_pb_line_break_holder] -->  -ms-transform-origin: bottom;<!-- [et_pb_line_break_holder] -->  -o-transform-origin: bottom;<!-- [et_pb_line_break_holder] -->  transform-origin: bottom;<!-- [et_pb_line_break_holder] -->}<!-- [et_pb_line_break_holder] -->\/* Events *\/<!-- [et_pb_line_break_holder] -->.at_event:hover{box-shadow: 0px 12px 100px rgba(0,0,0,0.3);transition: all .3s ease-in-out;}<!-- [et_pb_line_break_holder] -->.at_event{transition: all .3s ease-in-out !important;}<!-- [et_pb_line_break_holder] -->\/* Blog Section *\/<!-- [et_pb_line_break_holder] -->.at_blog .et_pb_post:hover {transform: scale(1.02);transition: all .3s ease-in-out;}<!-- [et_pb_line_break_holder] -->.at_blog .et_pb_post {transition: all .3s ease-in-out;}<!-- [et_pb_line_break_holder] -->.at_blog .et_pb_post:hover .more-link{color: #ffffff!important;background-color: #fd4400;transition: all .3s ease-in-out;}<!-- [et_pb_line_break_holder] -->.at_blog .et_pb_post .more-link{transition: all .3s ease-in-out;margin: 20px 0;}<!-- [et_pb_line_break_holder] -->.at_blog .et_pb_post:hover .entry-title {color: #fd4400; transition: all .3s ease-in-out;}<!-- [et_pb_line_break_holder] -->.at_blog .et_pb_post .entry-title { transition: all .3s ease-in-out;}<!-- [et_pb_line_break_holder] -->.at_blog .et_pb_post .et_overlay {border:none;}<!-- [et_pb_line_break_holder] -->.at_blog .et_pb_post:hover img {<!-- [et_pb_line_break_holder] -->  border-bottom: 3px solid #fd4400;<!-- [et_pb_line_break_holder] -->  transition: all .3s ease-in-out;<!-- [et_pb_line_break_holder] -->  transform: scale(1);<!-- [et_pb_line_break_holder] -->  -webkit-filter: brightness(100%) contrast(120%);<!-- [et_pb_line_break_holder] -->  filter: brightness(100%) contrast(120%);<!-- [et_pb_line_break_holder] -->}<!-- [et_pb_line_break_holder] -->.at_blog .et_pb_post img {<!-- [et_pb_line_break_holder] -->  border-bottom: 3px solid transparent;<!-- [et_pb_line_break_holder] -->  transition: all .3s ease-in-out;<!-- [et_pb_line_break_holder] -->  transform: scale(1.03);<!-- [et_pb_line_break_holder] -->  -webkit-filter: brightness(90%) contrast(90%);<!-- [et_pb_line_break_holder] -->  filter: brightness(90%) contrast(90%);<!-- [et_pb_line_break_holder] -->}<!-- [et_pb_line_break_holder] -->\/* Author Footer *\/<!-- [et_pb_line_break_holder] -->.at_footer .et_pb_newsletter_button.et_pb_button {padding:10px !important;}<!-- [et_pb_line_break_holder] -->.at_footer .et_pb_blurb:hover .et_pb_main_blurb_image {transform: scale(1.0);transition-delay: .5s;transition: all .3s ease-in-out;}<!-- [et_pb_line_break_holder] -->.at_footer .et_pb_blurb .et_pb_main_blurb_image {transform:scale(0);transition-delay: .5s;transition: all .3s ease-in-out;}<!-- [et_pb_line_break_holder] -->.at_footer .et_pb_blurb .et_pb_blurb_content .et_pb_blurb_container{margin-top: 40px;transition: all .4s ease-in-out;}<!-- [et_pb_line_break_holder] -->.at_footer .et_pb_blurb:hover .et_pb_blurb_content .et_pb_blurb_container {margin-top: 0px;padding-bottom: 40px;transition: all .4s ease-in-out;}<!-- [et_pb_line_break_holder] -->.at_footer .et_pb_blurb:hover .et_pb_main_blurb_image:hover {transform: rotate(180deg);transition: all .5s ease-in-out;}<!-- [et_pb_line_break_holder] --><\/style>\n<p><!-- [et_pb_line_break_holder] -->[\/et_pb_code][\/et_pb_column][\/et_pb_row][\/et_pb_section][et_pb_section fb_built=\"1\" _builder_version=\"4.16\" background_enable_color=\"off\" use_background_color_gradient=\"on\" background_color_gradient_direction=\"90deg\" background_color_gradient_stops=\"rgba(0,75,112,0.8) 65%|rgba(0,0,0,0) 65%\" background_color_gradient_overlays_image=\"on\" background_color_gradient_start=\"rgba(0,75,112,0.8)\" background_color_gradient_start_position=\"65%\" background_color_gradient_end=\"rgba(0,0,0,0)\" background_color_gradient_end_position=\"65%\" background_image=\"https:\/\/fevdi-nuclear.com\/wp-content\/uploads\/2019\/12\/actu-100.jpg\" global_colors_info=\"{}\"][et_pb_row column_structure=\"1_2,1_2\" _builder_version=\"4.16\" height=\"250px\" global_colors_info=\"{}\"][et_pb_column type=\"1_2\" _builder_version=\"4.16\" global_colors_info=\"{}\"][et_pb_text admin_label=\"nos actualit\u00e9s\" _builder_version=\"4.16\" header_font=\"|700||on|||||\" header_text_color=\"#ffffff\" header_font_size=\"50px\" header_line_height=\"1.1em\" custom_padding_tablet=\"\" custom_padding_phone=\"|40%|||false|false\" custom_padding_last_edited=\"on|phone\" header_font_size_tablet=\"\" header_font_size_phone=\"30px\" header_font_size_last_edited=\"on|phone\" global_colors_info=\"{}\"]<\/p>\n<h1>APPLICATIONS<\/h1>\n<p>[\/et_pb_text][et_pb_divider color=\"#ffffff\" divider_weight=\"9px\" divider_weight_tablet=\"\" divider_weight_phone=\"\" divider_weight_last_edited=\"on|phone\" admin_label=\"S\u00e9parateur\" _builder_version=\"4.16\" width=\"15%\" width_tablet=\"\" width_phone=\"15%\" width_last_edited=\"on|phone\" module_alignment=\"left\" custom_margin=\"||0px||false|false\" global_colors_info=\"{}\"][\/et_pb_divider][\/et_pb_column][et_pb_column type=\"1_2\" _builder_version=\"4.16\" global_colors_info=\"{}\"][et_pb_image src=\"https:\/\/fevdi-nuclear.com\/wp-content\/uploads\/2019\/12\/anneaux-gris.png\" title_text=\"anneaux-gris\" _builder_version=\"4.16\" width=\"40%\" module_alignment=\"left\" global_colors_info=\"{}\"][\/et_pb_image][\/et_pb_column][\/et_pb_row][\/et_pb_section][et_pb_section fb_built=\"1\" _builder_version=\"4.16\" background_enable_color=\"off\" background_image=\"https:\/\/fevdi-nuclear.com\/wp-content\/uploads\/2019\/12\/anneaux-gris.png\" background_size=\"contain\" background_position=\"center_left\" global_colors_info=\"{}\"][et_pb_row _builder_version=\"4.16\" background_enable_color=\"off\" background_enable_image=\"off\" background_size=\"initial\" global_colors_info=\"{}\"][et_pb_column type=\"4_4\" _builder_version=\"4.16\" global_colors_info=\"{}\"][et_pb_divider color=\"#d3163b\" divider_weight=\"9px\" admin_label=\"S\u00e9parateur\" _builder_version=\"4.16\" width=\"45px\" max_width=\"6%\" module_alignment=\"center\" custom_margin=\"-21px||-1px|||\" locked=\"off\" global_colors_info=\"{}\"][\/et_pb_divider][et_pb_text admin_label=\"Retrouvez les actualit\u00e9s de l'univers FEVDI\" _builder_version=\"4.16\" text_font=\"Roboto Slab||||||||\" header_font=\"Raleway|700|||||||\" header_text_align=\"center\" header_text_color=\"#ffffff\" header_font_size=\"50px\" header_2_font=\"Raleway|700||on|||||\" header_2_text_color=\"#004b70\" header_3_font=\"|700|||||||\" header_3_text_color=\"#ffffff\" header_3_font_size=\"33px\" header_4_font=\"Raleway||||||||\" header_5_font=\"Raleway||||||||\" header_6_font=\"Raleway||||||||\" text_orientation=\"center\" custom_padding=\"0px|||||\" header_font_size_tablet=\"40px\" header_font_size_phone=\"30px\" header_font_size_last_edited=\"on|tablet\" locked=\"off\" global_colors_info=\"{}\"]<\/p>\n<h2>D\u00e9couvrez les diff\u00e9rentes applications des produits FEVDI<\/h2>\n<p>[\/et_pb_text][et_pb_blog fullwidth=\"off\" posts_number=\"3\" include_categories=\"235\" excerpt_length=\"400\" show_more=\"on\" show_author=\"off\" show_date=\"off\" show_categories=\"off\" show_pagination=\"off\" use_overlay=\"on\" overlay_icon_color=\"#d3163b\" _builder_version=\"4.22.2\" header_font=\"|700|||||||\" header_text_align=\"center\" header_text_color=\"#004b70\" header_font_size=\"20px\" body_line_height=\"1.1em\" meta_font_size=\"10px\" read_more_text_color=\"#d3163b\" read_more_font_size=\"18px\" box_shadow_style=\"preset1\" global_colors_info=\"{}\"][\/et_pb_blog][\/et_pb_column][\/et_pb_row][\/et_pb_section][et_pb_section fb_built=\"1\" admin_label=\"footer\" _builder_version=\"4.3.2\" background_color=\"#004b70\" background_image=\"https:\/\/fevdi-nuclear.com\/wp-content\/uploads\/2019\/09\/anneaux-blancs.png\" background_size=\"contain\" background_position=\"center_right\" custom_margin=\"||0px||false|false\" custom_padding=\"38px||20px||false|false\" global_module=\"28050\" saved_tabs=\"all\" collapsed=\"off\" global_colors_info=\"{}\"][et_pb_row column_structure=\"1_3,1_3,1_3\" use_custom_gutter=\"on\" gutter_width=\"2\" make_equal=\"on\" _builder_version=\"4.22.1\" background_color=\"RGBA(0,0,0,0)\" width=\"100%\" custom_margin=\"0px||0px||false|false\" custom_margin_tablet=\"1rem|2rem|2rem|1rem|false|false\" custom_margin_phone=\"\" custom_margin_last_edited=\"on|desktop\" custom_padding=\"0px||0px||false|false\" global_colors_info=\"{}\"][et_pb_column type=\"1_3\" disabled_on=\"off|off|off\" _builder_version=\"4.22.1\" global_colors_info=\"{}\"][et_pb_image src=\"https:\/\/fevdi-nuclear.com\/wp-content\/uploads\/2019\/10\/Fichier-1.png\" _builder_version=\"4.22.1\" width=\"55%\" width_tablet=\"20%\" width_phone=\"30%\" width_last_edited=\"on|phone\" global_colors_info=\"{}\"][\/et_pb_image][et_pb_social_media_follow _builder_version=\"4.22.1\" _module_preset=\"default\" text_orientation=\"left\" global_colors_info=\"{}\"][et_pb_social_media_follow_network social_network=\"linkedin\" url=\"https:\/\/www.linkedin.com\/company\/fevdi\/\" _builder_version=\"4.22.1\" _module_preset=\"default\" background_color=\"#007bb6\" global_colors_info=\"{}\" follow_button=\"off\" url_new_window=\"on\"]linkedin[\/et_pb_social_media_follow_network][et_pb_social_media_follow_network social_network=\"youtube\" url=\"https:\/\/www.youtube.com\/channel\/UCBCRjrJOqpsQksdZiP5Z1fg\" _builder_version=\"4.22.1\" _module_preset=\"default\" background_color=\"#a82400\" global_colors_info=\"{}\" follow_button=\"off\" url_new_window=\"on\"]youtube[\/et_pb_social_media_follow_network][\/et_pb_social_media_follow][\/et_pb_column][et_pb_column type=\"1_3\" _builder_version=\"4.16\" global_colors_info=\"{}\"][et_pb_text _builder_version=\"4.22.1\" text_text_color=\"#ffffff\" custom_margin=\"||||false|false\" custom_padding=\"||0px|||\" global_colors_info=\"{}\"]<\/p>\n<p><span style=\"color: #ffffff;\">24 rue Louis Pradel<\/span><br \/><span style=\"color: #ffffff;\">BP 365<\/span><br \/><span style=\"color: #ffffff;\">69969 CORBAS CEDEX<\/span><br \/><span style=\"color: #ffffff;\">France<\/span><\/p>\n<p><span style=\"color: #ffffff;\">+33(0)4 78 20 53 35<\/span><br \/><a href=\"mailto:contact@fevdi-nuclear.com\"><span style=\"color: #ffffff;\">contact@fevdi-nuclear.com<\/span><\/a><\/p>\n<p>[\/et_pb_text][et_pb_button button_url=\"\/contact\" button_text=\"nous contacter\" _builder_version=\"4.16\" custom_button=\"on\" button_text_size=\"14px\" button_text_color=\"#ffffff\" button_bg_color=\"#189b73\" button_border_width=\"0px\" button_border_color=\"#ffffff\" button_font=\"|||on|||||\" custom_padding=\"1%|7%|1%|7%|false|false\" global_colors_info=\"{}\"][\/et_pb_button][\/et_pb_column][et_pb_column type=\"1_3\" _builder_version=\"4.16\" global_colors_info=\"{}\"][dsm_menu submenu_collapse=\"on\" list_style_type=\"none\" submenu_arrow_color=\"#FFFFFF\" disabled_on=\"on|on|off\" _builder_version=\"4.22.1\" sub_menu_text_color=\"#FFFFFF\" background_color=\"RGBA(0,0,0,0)\" global_colors_info=\"{}\"][\/dsm_menu][\/et_pb_column][\/et_pb_row][\/et_pb_section]<\/p>","protected":false},"excerpt":{"rendered":"<p>D\u00e9couvrez les diff\u00e9rentes applications des produits FEVDI dans le domaine du nucl\u00e9aire et de l&rsquo;industrie.<\/p>","protected":false},"author":8,"featured_media":0,"parent":0,"menu_order":0,"comment_status":"closed","ping_status":"closed","template":"","meta":{"_et_pb_use_builder":"on","_et_pb_old_content":"","_et_gb_content_width":"","footnotes":""},"class_list":["post-35842","page","type-page","status-publish","hentry"],"yoast_head":"<!-- This site is optimized with the Yoast SEO plugin v27.4 - https:\/\/yoast.com\/product\/yoast-seo-wordpress\/ -->\n<title>Applications - Fevdi Nuclear Expert d\u00e9contamination Nucl\u00e9aire<\/title>\n<meta name=\"description\" content=\"D\u00e9couvrez les diff\u00e9rentes applications des produits FEVDI dans le domaine de la d\u00e9contamination du nucl\u00e9aire et NRBCe.\" \/>\n<meta name=\"robots\" content=\"index, follow, max-snippet:-1, max-image-preview:large, max-video-preview:-1\" \/>\n<link rel=\"canonical\" href=\"https:\/\/fevdi-nuclear.com\/de\/applications-nucleaires-et-nrbce\/\" \/>\n<meta property=\"og:locale\" content=\"de_DE\" \/>\n<meta property=\"og:type\" content=\"article\" \/>\n<meta property=\"og:title\" content=\"Les diff\u00e9rentes applications des produits FEVDI\" \/>\n<meta property=\"og:description\" content=\"D\u00e9couvrez l&#039;univers des produits Fevdi, des solutions polyvalentes con\u00e7ues pour r\u00e9pondre \u00e0 divers besoins. Explorez notre gamme compl\u00e8te de produits fiables et performants pour fa\u00e7onner un avenir plus s\u00fbr et plus avanc\u00e9.\" \/>\n<meta property=\"og:url\" content=\"https:\/\/fevdi-nuclear.com\/de\/applications-nucleaires-et-nrbce\/\" \/>\n<meta property=\"og:site_name\" content=\"Fevdi Nuclear Expert\" \/>\n<meta property=\"article:modified_time\" content=\"2023-09-27T13:29:07+00:00\" \/>\n<meta property=\"og:image\" content=\"https:\/\/fevdi-nuclear.com\/wp-content\/uploads\/2023\/09\/applications-1.png\" \/>\n\t<meta property=\"og:image:width\" content=\"1200\" \/>\n\t<meta property=\"og:image:height\" content=\"640\" \/>\n\t<meta property=\"og:image:type\" content=\"image\/png\" \/>\n<meta name=\"twitter:card\" content=\"summary_large_image\" \/>\n<meta name=\"twitter:description\" content=\"D\u00e9couvrez l&#039;univers des produits Fevdi, des solutions polyvalentes con\u00e7ues pour r\u00e9pondre \u00e0 divers besoins. Explorez notre gamme compl\u00e8te de produits fiables et performants pour fa\u00e7onner un avenir plus s\u00fbr et plus avanc\u00e9.\" \/>\n<meta name=\"twitter:image\" content=\"https:\/\/fevdi-nuclear.com\/wp-content\/uploads\/2023\/09\/applications-1.png\" \/>\n<meta name=\"twitter:label1\" content=\"Gesch\u00e4tzte Lesezeit\" \/>\n\t<meta name=\"twitter:data1\" content=\"2\u00a0Minuten\" \/>\n<script type=\"application\/ld+json\" class=\"yoast-schema-graph\">{\"@context\":\"https:\\\/\\\/schema.org\",\"@graph\":[{\"@type\":\"WebPage\",\"@id\":\"https:\\\/\\\/fevdi-nuclear.com\\\/en\\\/applications-nucleaires-et-nrbce\\\/\",\"url\":\"https:\\\/\\\/fevdi-nuclear.com\\\/en\\\/applications-nucleaires-et-nrbce\\\/\",\"name\":\"Applications - Fevdi Nuclear Expert d\u00e9contamination Nucl\u00e9aire\",\"isPartOf\":{\"@id\":\"https:\\\/\\\/fevdi-nuclear.com\\\/zh\\\/#website\"},\"datePublished\":\"2021-02-16T15:54:43+00:00\",\"dateModified\":\"2023-09-27T13:29:07+00:00\",\"description\":\"D\u00e9couvrez les diff\u00e9rentes applications des produits FEVDI dans le domaine de la d\u00e9contamination du nucl\u00e9aire et NRBCe.\",\"breadcrumb\":{\"@id\":\"https:\\\/\\\/fevdi-nuclear.com\\\/en\\\/applications-nucleaires-et-nrbce\\\/#breadcrumb\"},\"inLanguage\":\"de\",\"potentialAction\":[{\"@type\":\"ReadAction\",\"target\":[\"https:\\\/\\\/fevdi-nuclear.com\\\/en\\\/applications-nucleaires-et-nrbce\\\/\"]}]},{\"@type\":\"BreadcrumbList\",\"@id\":\"https:\\\/\\\/fevdi-nuclear.com\\\/en\\\/applications-nucleaires-et-nrbce\\\/#breadcrumb\",\"itemListElement\":[{\"@type\":\"ListItem\",\"position\":1,\"name\":\"Accueil\",\"item\":\"https:\\\/\\\/fevdi-nuclear.com\\\/\"},{\"@type\":\"ListItem\",\"position\":2,\"name\":\"Applications\"}]},{\"@type\":\"WebSite\",\"@id\":\"https:\\\/\\\/fevdi-nuclear.com\\\/zh\\\/#website\",\"url\":\"https:\\\/\\\/fevdi-nuclear.com\\\/zh\\\/\",\"name\":\"Fevdi Nuclear Expert\",\"description\":\"Expert en d\u00e9contamination nucl\u00e9aire\",\"publisher\":{\"@id\":\"https:\\\/\\\/fevdi-nuclear.com\\\/zh\\\/#organization\"},\"potentialAction\":[{\"@type\":\"SearchAction\",\"target\":{\"@type\":\"EntryPoint\",\"urlTemplate\":\"https:\\\/\\\/fevdi-nuclear.com\\\/zh\\\/?s={search_term_string}\"},\"query-input\":{\"@type\":\"PropertyValueSpecification\",\"valueRequired\":true,\"valueName\":\"search_term_string\"}}],\"inLanguage\":\"de\"},{\"@type\":\"Organization\",\"@id\":\"https:\\\/\\\/fevdi-nuclear.com\\\/zh\\\/#organization\",\"name\":\"Fevdi\",\"url\":\"https:\\\/\\\/fevdi-nuclear.com\\\/zh\\\/\",\"logo\":{\"@type\":\"ImageObject\",\"inLanguage\":\"de\",\"@id\":\"https:\\\/\\\/fevdi-nuclear.com\\\/zh\\\/#\\\/schema\\\/logo\\\/image\\\/\",\"url\":\"https:\\\/\\\/fevdi-nuclear.com\\\/wp-content\\\/uploads\\\/2020\\\/01\\\/FEVDI-logo@512.png\",\"contentUrl\":\"https:\\\/\\\/fevdi-nuclear.com\\\/wp-content\\\/uploads\\\/2020\\\/01\\\/FEVDI-logo@512.png\",\"width\":512,\"height\":512,\"caption\":\"Fevdi\"},\"image\":{\"@id\":\"https:\\\/\\\/fevdi-nuclear.com\\\/zh\\\/#\\\/schema\\\/logo\\\/image\\\/\"}}]}<\/script>\n<!-- \/ Yoast SEO plugin. -->","yoast_head_json":{"title":"Applications - Fevdi Nuclear Expert d\u00e9contamination Nucl\u00e9aire","description":"D\u00e9couvrez les diff\u00e9rentes applications des produits FEVDI dans le domaine de la d\u00e9contamination du nucl\u00e9aire et NRBCe.","robots":{"index":"index","follow":"follow","max-snippet":"max-snippet:-1","max-image-preview":"max-image-preview:large","max-video-preview":"max-video-preview:-1"},"canonical":"https:\/\/fevdi-nuclear.com\/de\/applications-nucleaires-et-nrbce\/","og_locale":"de_DE","og_type":"article","og_title":"Les diff\u00e9rentes applications des produits FEVDI","og_description":"D\u00e9couvrez l'univers des produits Fevdi, des solutions polyvalentes con\u00e7ues pour r\u00e9pondre \u00e0 divers besoins. Explorez notre gamme compl\u00e8te de produits fiables et performants pour fa\u00e7onner un avenir plus s\u00fbr et plus avanc\u00e9.","og_url":"https:\/\/fevdi-nuclear.com\/de\/applications-nucleaires-et-nrbce\/","og_site_name":"Fevdi Nuclear Expert","article_modified_time":"2023-09-27T13:29:07+00:00","og_image":[{"width":1200,"height":640,"url":"https:\/\/fevdi-nuclear.com\/wp-content\/uploads\/2023\/09\/applications-1.png","type":"image\/png"}],"twitter_card":"summary_large_image","twitter_description":"D\u00e9couvrez l'univers des produits Fevdi, des solutions polyvalentes con\u00e7ues pour r\u00e9pondre \u00e0 divers besoins. Explorez notre gamme compl\u00e8te de produits fiables et performants pour fa\u00e7onner un avenir plus s\u00fbr et plus avanc\u00e9.","twitter_image":"https:\/\/fevdi-nuclear.com\/wp-content\/uploads\/2023\/09\/applications-1.png","twitter_misc":{"Gesch\u00e4tzte Lesezeit":"2\u00a0Minuten"},"schema":{"@context":"https:\/\/schema.org","@graph":[{"@type":"WebPage","@id":"https:\/\/fevdi-nuclear.com\/en\/applications-nucleaires-et-nrbce\/","url":"https:\/\/fevdi-nuclear.com\/en\/applications-nucleaires-et-nrbce\/","name":"Applications - Fevdi Nuclear Expert d\u00e9contamination Nucl\u00e9aire","isPartOf":{"@id":"https:\/\/fevdi-nuclear.com\/zh\/#website"},"datePublished":"2021-02-16T15:54:43+00:00","dateModified":"2023-09-27T13:29:07+00:00","description":"D\u00e9couvrez les diff\u00e9rentes applications des produits FEVDI dans le domaine de la d\u00e9contamination du nucl\u00e9aire et NRBCe.","breadcrumb":{"@id":"https:\/\/fevdi-nuclear.com\/en\/applications-nucleaires-et-nrbce\/#breadcrumb"},"inLanguage":"de","potentialAction":[{"@type":"ReadAction","target":["https:\/\/fevdi-nuclear.com\/en\/applications-nucleaires-et-nrbce\/"]}]},{"@type":"BreadcrumbList","@id":"https:\/\/fevdi-nuclear.com\/en\/applications-nucleaires-et-nrbce\/#breadcrumb","itemListElement":[{"@type":"ListItem","position":1,"name":"Accueil","item":"https:\/\/fevdi-nuclear.com\/"},{"@type":"ListItem","position":2,"name":"Applications"}]},{"@type":"WebSite","@id":"https:\/\/fevdi-nuclear.com\/zh\/#website","url":"https:\/\/fevdi-nuclear.com\/zh\/","name":"Fevdi Nuclear Expert","description":"Expert en d\u00e9contamination nucl\u00e9aire","publisher":{"@id":"https:\/\/fevdi-nuclear.com\/zh\/#organization"},"potentialAction":[{"@type":"SearchAction","target":{"@type":"EntryPoint","urlTemplate":"https:\/\/fevdi-nuclear.com\/zh\/?s={search_term_string}"},"query-input":{"@type":"PropertyValueSpecification","valueRequired":true,"valueName":"search_term_string"}}],"inLanguage":"de"},{"@type":"Organization","@id":"https:\/\/fevdi-nuclear.com\/zh\/#organization","name":"Fevdi","url":"https:\/\/fevdi-nuclear.com\/zh\/","logo":{"@type":"ImageObject","inLanguage":"de","@id":"https:\/\/fevdi-nuclear.com\/zh\/#\/schema\/logo\/image\/","url":"https:\/\/fevdi-nuclear.com\/wp-content\/uploads\/2020\/01\/FEVDI-logo@512.png","contentUrl":"https:\/\/fevdi-nuclear.com\/wp-content\/uploads\/2020\/01\/FEVDI-logo@512.png","width":512,"height":512,"caption":"Fevdi"},"image":{"@id":"https:\/\/fevdi-nuclear.com\/zh\/#\/schema\/logo\/image\/"}}]}},"_links":{"self":[{"href":"https:\/\/fevdi-nuclear.com\/de\/wp-json\/wp\/v2\/pages\/35842","targetHints":{"allow":["GET"]}}],"collection":[{"href":"https:\/\/fevdi-nuclear.com\/de\/wp-json\/wp\/v2\/pages"}],"about":[{"href":"https:\/\/fevdi-nuclear.com\/de\/wp-json\/wp\/v2\/types\/page"}],"author":[{"embeddable":true,"href":"https:\/\/fevdi-nuclear.com\/de\/wp-json\/wp\/v2\/users\/8"}],"replies":[{"embeddable":true,"href":"https:\/\/fevdi-nuclear.com\/de\/wp-json\/wp\/v2\/comments?post=35842"}],"version-history":[{"count":4,"href":"https:\/\/fevdi-nuclear.com\/de\/wp-json\/wp\/v2\/pages\/35842\/revisions"}],"predecessor-version":[{"id":36882,"href":"https:\/\/fevdi-nuclear.com\/de\/wp-json\/wp\/v2\/pages\/35842\/revisions\/36882"}],"wp:attachment":[{"href":"https:\/\/fevdi-nuclear.com\/de\/wp-json\/wp\/v2\/media?parent=35842"}],"curies":[{"name":"wp","href":"https:\/\/api.w.org\/{rel}","templated":true}]}}