{"id":33440,"date":"2020-02-21T14:29:56","date_gmt":"2020-02-21T14:29:56","guid":{"rendered":"https:\/\/fevdi-nuclear.com\/?page_id=33440"},"modified":"2025-10-22T18:49:08","modified_gmt":"2025-10-22T16:49:08","slug":"catalogue","status":"publish","type":"page","link":"https:\/\/fevdi-nuclear.com\/de\/catalogue\/","title":{"rendered":"Katalog"},"content":{"rendered":"<p>[et_pb_section fb_built=\"1\" _builder_version=\"4.16\" global_colors_info=\"{}\"][et_pb_row _builder_version=\"4.16\" background_enable_image=\"off\" background_size=\"initial\" border_radii=\"on|25px|25px|25px|25px\" global_colors_info=\"{}\"][et_pb_column type=\"4_4\" _builder_version=\"4.16\" global_colors_info=\"{}\"][et_pb_divider color=\"#d3163b\" divider_weight=\"9px\" divider_weight_tablet=\"\" divider_weight_phone=\"\" divider_weight_last_edited=\"on|phone\" admin_label=\"S\u00e9parateur\" _builder_version=\"4.16\" width=\"5%\" width_tablet=\"\" width_phone=\"15%\" width_last_edited=\"on|phone\" module_alignment=\"center\" custom_margin=\"||0px||false|false\" global_colors_info=\"{}\"][\/et_pb_divider][et_pb_text admin_label=\"Pr\u00e9paration de surface contamin\u00e9e\" _builder_version=\"4.16\" text_text_color=\"#004b70\" header_font=\"||||||||\" header_text_align=\"center\" header_text_color=\"#004b70\" header_font_size=\"40px\" header_2_text_align=\"center\" header_2_text_color=\"#004b70\" custom_padding=\"||||false|false\" global_colors_info=\"{}\"]<\/p>\n<h1>T\u00e9l\u00e9chargement du catalogue FEVDI<\/h1>\n<p>[\/et_pb_text][et_pb_text admin_label=\"paragraphe explicatif\" _builder_version=\"4.16\" text_text_color=\"#004b70\" text_orientation=\"justified\" custom_padding=\"|5%||5%|false|false\" global_colors_info=\"{}\"]Forte de pr\u00e8s de 50 ann\u00e9es d\u2019exp\u00e9rience, de son laboratoire de formulation et d\u2019essais, et d\u2019une collaboration \u00e9troite avec des<br \/>\n\u00e9tablissements publics de recherche, FEVDI r\u00e9pond \u00e0 tous vos besoins en produits chimiques sp\u00e9cifiques et \u00e0 vos probl\u00e8mes techniques.<\/p>\n<p>FEVDI con\u00e7oit et commercialise des mat\u00e9riels de pulv\u00e9risation pour l'application de produits, de pH 0 \u00e0 14, sous forme de liquide, de gel ou de mousse. Pour plus de d\u00e9tails, n'h\u00e9sitez pas \u00e0 t\u00e9l\u00e9charger notre catalogue.<br \/>\n[\/et_pb_text][et_pb_button button_url=\"https:\/\/fevdi-nuclear.com\/wp-content\/uploads\/2025\/10\/Brochure-FEVDI-102025-1.pdf\" button_text=\"T\u00e9l\u00e9charger le catalogue\" button_alignment=\"center\" _builder_version=\"4.27.4\" custom_button=\"on\" button_text_color=\"#004b70\" hover_enabled=\"0\" global_colors_info=\"{}\" sticky_enabled=\"0\"][\/et_pb_button][et_pb_button button_text=\"t\u00e9l\u00e9charger le catalogue\" button_alignment=\"center\" _builder_version=\"4.16\" global_colors_info=\"{}\"][\/et_pb_button][\/et_pb_column][\/et_pb_row][et_pb_row _builder_version=\"4.16\" global_colors_info=\"{}\"][et_pb_column type=\"4_4\" _builder_version=\"4.16\" global_colors_info=\"{}\"][et_pb_divider color=\"#d3163b\" divider_weight=\"9px\" divider_weight_tablet=\"\" divider_weight_phone=\"\" divider_weight_last_edited=\"on|phone\" admin_label=\"S\u00e9parateur\" _builder_version=\"4.16\" width=\"5%\" width_tablet=\"\" width_phone=\"15%\" width_last_edited=\"on|phone\" module_alignment=\"center\" custom_margin=\"||0px||false|false\" global_colors_info=\"{}\"][\/et_pb_divider][et_pb_text admin_label=\"Pr\u00e9paration de surface contamin\u00e9e\" _builder_version=\"4.16\" header_font=\"||||||||\" header_text_align=\"center\" header_text_color=\"#004b70\" header_font_size=\"40px\" header_2_text_align=\"center\" header_2_text_color=\"#004b70\" custom_padding=\"||||false|false\" global_colors_info=\"{}\"]<\/p>\n<h1>Les fiches de s\u00e9curit\u00e9s<\/h1>\n<p>[\/et_pb_text][et_pb_text _builder_version=\"4.16\" global_colors_info=\"{}\"]Les produits FEVDI sont soumis \u00e0 la r\u00e9glementation sur les produits nucl\u00e9aires, qui oblige les fabricants \u00e0 tenir \u00e0 jour les fiches de s\u00e9curit\u00e9s des produits en fonction des \u00e9volutions des textes de lois.<\/p>\n<p>Afin de permettre \u00e0 ses clients d'avoir la derni\u00e8re version de ces fiches de s\u00e9curit\u00e9 \u00e0 disposition, FEVDI a mis en place un centre de t\u00e9l\u00e9chargement centralis\u00e9.<br \/>\n[\/et_pb_text][et_pb_button button_url=\"\/fds\" button_text=\"Acc\u00e9der aux fiches de s\u00e9curit\u00e9\" button_alignment=\"center\" _builder_version=\"4.16\" custom_button=\"on\" button_text_color=\"#004b70\" global_colors_info=\"{}\"][\/et_pb_button][\/et_pb_column][\/et_pb_row][\/et_pb_section][et_pb_section fb_built=\"1\" admin_label=\"footer\" _builder_version=\"4.3.2\" background_color=\"#004b70\" background_image=\"https:\/\/fevdi-nuclear.com\/wp-content\/uploads\/2019\/09\/anneaux-blancs.png\" background_size=\"contain\" background_position=\"center_right\" custom_margin=\"||0px||false|false\" custom_padding=\"38px||20px||false|false\" global_module=\"28050\" saved_tabs=\"all\" collapsed=\"off\" global_colors_info=\"{}\"][et_pb_row column_structure=\"1_3,1_3,1_3\" use_custom_gutter=\"on\" gutter_width=\"2\" make_equal=\"on\" _builder_version=\"4.22.1\" background_color=\"RGBA(0,0,0,0)\" width=\"100%\" custom_margin=\"0px||0px||false|false\" custom_margin_tablet=\"1rem|2rem|2rem|1rem|false|false\" custom_margin_phone=\"\" custom_margin_last_edited=\"on|desktop\" custom_padding=\"0px||0px||false|false\" global_colors_info=\"{}\"][et_pb_column type=\"1_3\" disabled_on=\"off|off|off\" _builder_version=\"4.22.1\" global_colors_info=\"{}\"][et_pb_image src=\"https:\/\/fevdi-nuclear.com\/wp-content\/uploads\/2019\/10\/Fichier-1.png\" _builder_version=\"4.22.1\" width=\"55%\" width_tablet=\"20%\" width_phone=\"30%\" width_last_edited=\"on|phone\" global_colors_info=\"{}\"][\/et_pb_image][et_pb_social_media_follow _builder_version=\"4.22.1\" _module_preset=\"default\" text_orientation=\"left\" global_colors_info=\"{}\"][et_pb_social_media_follow_network social_network=\"linkedin\" url=\"https:\/\/www.linkedin.com\/company\/fevdi\/\" _builder_version=\"4.22.1\" _module_preset=\"default\" background_color=\"#007bb6\" global_colors_info=\"{}\" follow_button=\"off\" url_new_window=\"on\"]linkedin[\/et_pb_social_media_follow_network][et_pb_social_media_follow_network social_network=\"youtube\" url=\"https:\/\/www.youtube.com\/channel\/UCBCRjrJOqpsQksdZiP5Z1fg\" _builder_version=\"4.22.1\" _module_preset=\"default\" background_color=\"#a82400\" global_colors_info=\"{}\" follow_button=\"off\" url_new_window=\"on\"]youtube[\/et_pb_social_media_follow_network][\/et_pb_social_media_follow][\/et_pb_column][et_pb_column type=\"1_3\" _builder_version=\"4.16\" global_colors_info=\"{}\"][et_pb_text _builder_version=\"4.22.1\" text_text_color=\"#ffffff\" custom_margin=\"||||false|false\" custom_padding=\"||0px|||\" global_colors_info=\"{}\"]<\/p>\n<p><span style=\"color: #ffffff\">24 rue Louis Pradel<\/span><br \/><span style=\"color: #ffffff\">BP 365<\/span><br \/><span style=\"color: #ffffff\">69969 CORBAS CEDEX<\/span><br \/><span style=\"color: #ffffff\">France<\/span><\/p>\n<p><span style=\"color: #ffffff\">+33(0)4 78 20 53 35<\/span><br \/><a href=\"mailto:contact@fevdi-nuclear.com\"><span style=\"color: #ffffff\">contact@fevdi-nuclear.com<\/span><\/a><\/p>\n<p>[\/et_pb_text][et_pb_button button_url=\"\/contact\" button_text=\"nous contacter\" _builder_version=\"4.16\" custom_button=\"on\" button_text_size=\"14px\" button_text_color=\"#ffffff\" button_bg_color=\"#189b73\" button_border_width=\"0px\" button_border_color=\"#ffffff\" button_font=\"|||on|||||\" custom_padding=\"1%|7%|1%|7%|false|false\" global_colors_info=\"{}\"][\/et_pb_button][\/et_pb_column][et_pb_column type=\"1_3\" _builder_version=\"4.16\" global_colors_info=\"{}\"][dsm_menu submenu_collapse=\"on\" list_style_type=\"none\" submenu_arrow_color=\"#FFFFFF\" disabled_on=\"on|on|off\" _builder_version=\"4.22.1\" sub_menu_text_color=\"#FFFFFF\" background_color=\"RGBA(0,0,0,0)\" global_colors_info=\"{}\"][\/dsm_menu][\/et_pb_column][\/et_pb_row][\/et_pb_section]<\/p>","protected":false},"excerpt":{"rendered":"<p>T\u00e9l\u00e9chargement du catalogue FEVDI Forte de pr\u00e8s de 50 ann\u00e9es d\u2019exp\u00e9rience, de son laboratoire de formulation et d\u2019essais, et d\u2019une collaboration \u00e9troite avec des \u00e9tablissements publics de recherche, FEVDI r\u00e9pond \u00e0 tous vos besoins en produits chimiques sp\u00e9cifiques et \u00e0 vos probl\u00e8mes techniques. FEVDI con\u00e7oit et commercialise des mat\u00e9riels de pulv\u00e9risation pour l&rsquo;application de produits, [&hellip;]<\/p>","protected":false},"author":1,"featured_media":0,"parent":0,"menu_order":0,"comment_status":"closed","ping_status":"closed","template":"","meta":{"_et_pb_use_builder":"on","_et_pb_old_content":"","_et_gb_content_width":"","footnotes":""},"class_list":["post-33440","page","type-page","status-publish","hentry"],"yoast_head":"<!-- This site is optimized with the Yoast SEO plugin v27.4 - https:\/\/yoast.com\/product\/yoast-seo-wordpress\/ -->\n<title>Catalogue - Fevdi Nuclear Expert con\u00e7oit et propose des solutions innovantes<\/title>\n<meta name=\"description\" content=\"Notre catalogue de produits de d\u00e9contamination nucl\u00e9aire de qualit\u00e9 chez FEVDI. Trouvez les produits conforment aux normes les plus stricts.\" \/>\n<meta name=\"robots\" content=\"index, follow, max-snippet:-1, max-image-preview:large, max-video-preview:-1\" \/>\n<link rel=\"canonical\" href=\"https:\/\/fevdi-nuclear.com\/de\/catalogue\/\" \/>\n<meta property=\"og:locale\" content=\"de_DE\" \/>\n<meta property=\"og:type\" content=\"article\" \/>\n<meta property=\"og:title\" content=\"Catalogue FEVDI : Des Solutions de D\u00e9contamination Nucl\u00e9aire de Qualit\u00e9\" \/>\n<meta property=\"og:description\" content=\"D\u00e9couvrez notre catalogue de produits de d\u00e9contamination nucl\u00e9aire chez FEVDI. Vous y trouverez une s\u00e9lection compl\u00e8te de solutions pour maintenir s\u00fbr un environnement et conforme aux normes les plus strictes de l&#039;industrie. Explorez notre gamme d\u00e8s maintenant pour garantir la s\u00e9curit\u00e9 et la propret\u00e9 dans vos installations nucl\u00e9aires.\" \/>\n<meta property=\"og:url\" content=\"https:\/\/fevdi-nuclear.com\/de\/catalogue\/\" \/>\n<meta property=\"og:site_name\" content=\"Fevdi Nuclear Expert\" \/>\n<meta property=\"article:modified_time\" content=\"2025-10-22T16:49:08+00:00\" \/>\n<meta property=\"og:image\" content=\"https:\/\/fevdi-nuclear.com\/wp-content\/uploads\/2023\/09\/catalogue-1.png\" \/>\n\t<meta property=\"og:image:width\" content=\"1200\" \/>\n\t<meta property=\"og:image:height\" content=\"640\" \/>\n\t<meta property=\"og:image:type\" content=\"image\/png\" \/>\n<meta name=\"twitter:card\" content=\"summary_large_image\" \/>\n<meta name=\"twitter:title\" content=\"Catalogue FEVDI : Des Solutions de D\u00e9contamination Nucl\u00e9aire de Qualit\u00e9\" \/>\n<meta name=\"twitter:description\" content=\"D\u00e9couvrez notre catalogue de produits de d\u00e9contamination nucl\u00e9aire chez FEVDI. Vous y trouverez une s\u00e9lection compl\u00e8te de solutions pour maintenir s\u00fbr un environnement et conforme aux normes les plus strictes de l&#039;industrie. Explorez notre gamme d\u00e8s maintenant pour garantir la s\u00e9curit\u00e9 et la propret\u00e9 dans vos installations nucl\u00e9aires.\" \/>\n<meta name=\"twitter:image\" content=\"https:\/\/fevdi-nuclear.com\/wp-content\/uploads\/2023\/09\/catalogue-1.png\" \/>\n<meta name=\"twitter:label1\" content=\"Gesch\u00e4tzte Lesezeit\" \/>\n\t<meta name=\"twitter:data1\" content=\"2\u00a0Minuten\" \/>\n<script type=\"application\/ld+json\" class=\"yoast-schema-graph\">{\"@context\":\"https:\\\/\\\/schema.org\",\"@graph\":[{\"@type\":\"WebPage\",\"@id\":\"https:\\\/\\\/fevdi-nuclear.com\\\/catalogue\\\/\",\"url\":\"https:\\\/\\\/fevdi-nuclear.com\\\/catalogue\\\/\",\"name\":\"Catalogue - Fevdi Nuclear Expert con\u00e7oit et propose des solutions innovantes\",\"isPartOf\":{\"@id\":\"https:\\\/\\\/fevdi-nuclear.com\\\/zh\\\/#website\"},\"datePublished\":\"2020-02-21T14:29:56+00:00\",\"dateModified\":\"2025-10-22T16:49:08+00:00\",\"description\":\"Notre catalogue de produits de d\u00e9contamination nucl\u00e9aire de qualit\u00e9 chez FEVDI. Trouvez les produits conforment aux normes les plus stricts.\",\"breadcrumb\":{\"@id\":\"https:\\\/\\\/fevdi-nuclear.com\\\/catalogue\\\/#breadcrumb\"},\"inLanguage\":\"de\",\"potentialAction\":[{\"@type\":\"ReadAction\",\"target\":[\"https:\\\/\\\/fevdi-nuclear.com\\\/catalogue\\\/\"]}]},{\"@type\":\"BreadcrumbList\",\"@id\":\"https:\\\/\\\/fevdi-nuclear.com\\\/catalogue\\\/#breadcrumb\",\"itemListElement\":[{\"@type\":\"ListItem\",\"position\":1,\"name\":\"Accueil\",\"item\":\"https:\\\/\\\/fevdi-nuclear.com\\\/\"},{\"@type\":\"ListItem\",\"position\":2,\"name\":\"Catalogue\"}]},{\"@type\":\"WebSite\",\"@id\":\"https:\\\/\\\/fevdi-nuclear.com\\\/zh\\\/#website\",\"url\":\"https:\\\/\\\/fevdi-nuclear.com\\\/zh\\\/\",\"name\":\"Fevdi Nuclear Expert\",\"description\":\"Expert en d\u00e9contamination nucl\u00e9aire\",\"publisher\":{\"@id\":\"https:\\\/\\\/fevdi-nuclear.com\\\/zh\\\/#organization\"},\"potentialAction\":[{\"@type\":\"SearchAction\",\"target\":{\"@type\":\"EntryPoint\",\"urlTemplate\":\"https:\\\/\\\/fevdi-nuclear.com\\\/zh\\\/?s={search_term_string}\"},\"query-input\":{\"@type\":\"PropertyValueSpecification\",\"valueRequired\":true,\"valueName\":\"search_term_string\"}}],\"inLanguage\":\"de\"},{\"@type\":\"Organization\",\"@id\":\"https:\\\/\\\/fevdi-nuclear.com\\\/zh\\\/#organization\",\"name\":\"Fevdi\",\"url\":\"https:\\\/\\\/fevdi-nuclear.com\\\/zh\\\/\",\"logo\":{\"@type\":\"ImageObject\",\"inLanguage\":\"de\",\"@id\":\"https:\\\/\\\/fevdi-nuclear.com\\\/zh\\\/#\\\/schema\\\/logo\\\/image\\\/\",\"url\":\"https:\\\/\\\/fevdi-nuclear.com\\\/wp-content\\\/uploads\\\/2020\\\/01\\\/FEVDI-logo@512.png\",\"contentUrl\":\"https:\\\/\\\/fevdi-nuclear.com\\\/wp-content\\\/uploads\\\/2020\\\/01\\\/FEVDI-logo@512.png\",\"width\":512,\"height\":512,\"caption\":\"Fevdi\"},\"image\":{\"@id\":\"https:\\\/\\\/fevdi-nuclear.com\\\/zh\\\/#\\\/schema\\\/logo\\\/image\\\/\"}}]}<\/script>\n<!-- \/ Yoast SEO plugin. -->","yoast_head_json":{"title":"Catalogue - Fevdi Nuclear Expert con\u00e7oit et propose des solutions innovantes","description":"Notre catalogue de produits de d\u00e9contamination nucl\u00e9aire de qualit\u00e9 chez FEVDI. Trouvez les produits conforment aux normes les plus stricts.","robots":{"index":"index","follow":"follow","max-snippet":"max-snippet:-1","max-image-preview":"max-image-preview:large","max-video-preview":"max-video-preview:-1"},"canonical":"https:\/\/fevdi-nuclear.com\/de\/catalogue\/","og_locale":"de_DE","og_type":"article","og_title":"Catalogue FEVDI : Des Solutions de D\u00e9contamination Nucl\u00e9aire de Qualit\u00e9","og_description":"D\u00e9couvrez notre catalogue de produits de d\u00e9contamination nucl\u00e9aire chez FEVDI. Vous y trouverez une s\u00e9lection compl\u00e8te de solutions pour maintenir s\u00fbr un environnement et conforme aux normes les plus strictes de l'industrie. Explorez notre gamme d\u00e8s maintenant pour garantir la s\u00e9curit\u00e9 et la propret\u00e9 dans vos installations nucl\u00e9aires.","og_url":"https:\/\/fevdi-nuclear.com\/de\/catalogue\/","og_site_name":"Fevdi Nuclear Expert","article_modified_time":"2025-10-22T16:49:08+00:00","og_image":[{"width":1200,"height":640,"url":"https:\/\/fevdi-nuclear.com\/wp-content\/uploads\/2023\/09\/catalogue-1.png","type":"image\/png"}],"twitter_card":"summary_large_image","twitter_title":"Catalogue FEVDI : Des Solutions de D\u00e9contamination Nucl\u00e9aire de Qualit\u00e9","twitter_description":"D\u00e9couvrez notre catalogue de produits de d\u00e9contamination nucl\u00e9aire chez FEVDI. Vous y trouverez une s\u00e9lection compl\u00e8te de solutions pour maintenir s\u00fbr un environnement et conforme aux normes les plus strictes de l'industrie. Explorez notre gamme d\u00e8s maintenant pour garantir la s\u00e9curit\u00e9 et la propret\u00e9 dans vos installations nucl\u00e9aires.","twitter_image":"https:\/\/fevdi-nuclear.com\/wp-content\/uploads\/2023\/09\/catalogue-1.png","twitter_misc":{"Gesch\u00e4tzte Lesezeit":"2\u00a0Minuten"},"schema":{"@context":"https:\/\/schema.org","@graph":[{"@type":"WebPage","@id":"https:\/\/fevdi-nuclear.com\/catalogue\/","url":"https:\/\/fevdi-nuclear.com\/catalogue\/","name":"Catalogue - Fevdi Nuclear Expert con\u00e7oit et propose des solutions innovantes","isPartOf":{"@id":"https:\/\/fevdi-nuclear.com\/zh\/#website"},"datePublished":"2020-02-21T14:29:56+00:00","dateModified":"2025-10-22T16:49:08+00:00","description":"Notre catalogue de produits de d\u00e9contamination nucl\u00e9aire de qualit\u00e9 chez FEVDI. Trouvez les produits conforment aux normes les plus stricts.","breadcrumb":{"@id":"https:\/\/fevdi-nuclear.com\/catalogue\/#breadcrumb"},"inLanguage":"de","potentialAction":[{"@type":"ReadAction","target":["https:\/\/fevdi-nuclear.com\/catalogue\/"]}]},{"@type":"BreadcrumbList","@id":"https:\/\/fevdi-nuclear.com\/catalogue\/#breadcrumb","itemListElement":[{"@type":"ListItem","position":1,"name":"Accueil","item":"https:\/\/fevdi-nuclear.com\/"},{"@type":"ListItem","position":2,"name":"Catalogue"}]},{"@type":"WebSite","@id":"https:\/\/fevdi-nuclear.com\/zh\/#website","url":"https:\/\/fevdi-nuclear.com\/zh\/","name":"Fevdi Nuclear Expert","description":"Expert en d\u00e9contamination nucl\u00e9aire","publisher":{"@id":"https:\/\/fevdi-nuclear.com\/zh\/#organization"},"potentialAction":[{"@type":"SearchAction","target":{"@type":"EntryPoint","urlTemplate":"https:\/\/fevdi-nuclear.com\/zh\/?s={search_term_string}"},"query-input":{"@type":"PropertyValueSpecification","valueRequired":true,"valueName":"search_term_string"}}],"inLanguage":"de"},{"@type":"Organization","@id":"https:\/\/fevdi-nuclear.com\/zh\/#organization","name":"Fevdi","url":"https:\/\/fevdi-nuclear.com\/zh\/","logo":{"@type":"ImageObject","inLanguage":"de","@id":"https:\/\/fevdi-nuclear.com\/zh\/#\/schema\/logo\/image\/","url":"https:\/\/fevdi-nuclear.com\/wp-content\/uploads\/2020\/01\/FEVDI-logo@512.png","contentUrl":"https:\/\/fevdi-nuclear.com\/wp-content\/uploads\/2020\/01\/FEVDI-logo@512.png","width":512,"height":512,"caption":"Fevdi"},"image":{"@id":"https:\/\/fevdi-nuclear.com\/zh\/#\/schema\/logo\/image\/"}}]}},"_links":{"self":[{"href":"https:\/\/fevdi-nuclear.com\/de\/wp-json\/wp\/v2\/pages\/33440","targetHints":{"allow":["GET"]}}],"collection":[{"href":"https:\/\/fevdi-nuclear.com\/de\/wp-json\/wp\/v2\/pages"}],"about":[{"href":"https:\/\/fevdi-nuclear.com\/de\/wp-json\/wp\/v2\/types\/page"}],"author":[{"embeddable":true,"href":"https:\/\/fevdi-nuclear.com\/de\/wp-json\/wp\/v2\/users\/1"}],"replies":[{"embeddable":true,"href":"https:\/\/fevdi-nuclear.com\/de\/wp-json\/wp\/v2\/comments?post=33440"}],"version-history":[{"count":4,"href":"https:\/\/fevdi-nuclear.com\/de\/wp-json\/wp\/v2\/pages\/33440\/revisions"}],"predecessor-version":[{"id":36867,"href":"https:\/\/fevdi-nuclear.com\/de\/wp-json\/wp\/v2\/pages\/33440\/revisions\/36867"}],"wp:attachment":[{"href":"https:\/\/fevdi-nuclear.com\/de\/wp-json\/wp\/v2\/media?parent=33440"}],"curies":[{"name":"wp","href":"https:\/\/api.w.org\/{rel}","templated":true}]}}