{"id":28810,"date":"2019-11-08T08:45:51","date_gmt":"2019-11-08T06:45:51","guid":{"rendered":"https:\/\/fevdi-nuclear.com\/?page_id=28810"},"modified":"2024-06-19T16:11:46","modified_gmt":"2024-06-19T14:11:46","slug":"materiels-dapplication","status":"publish","type":"page","link":"https:\/\/fevdi-nuclear.com\/de\/materiels-dapplication\/","title":{"rendered":"Mat\u00e9riels d&rsquo;application"},"content":{"rendered":"<p>[et_pb_section fb_built=\"1\" _builder_version=\"4.16\" background_color=\"#004b70\" background_image=\"https:\/\/fevdi-nuclear.com\/wp-content\/uploads\/2019\/12\/anneaux-gris.png\" background_size=\"contain\" background_position=\"top_right\" background_last_edited=\"on|phone\" background_enable_image_phone=\"off\" global_colors_info=\"{}\"][et_pb_row column_structure=\"1_2,1_2\" _builder_version=\"4.16\" height=\"250px\" global_colors_info=\"{}\"][et_pb_column type=\"1_2\" _builder_version=\"4.16\" global_colors_info=\"{}\"][et_pb_text admin_label=\"PRODUITS D\u2019ENTRETIEN HORS ZONE CONTR\u00d4L\u00c9E\" _builder_version=\"4.16\" header_font=\"|700||on|||||\" header_text_color=\"#ffffff\" header_font_size=\"50px\" header_line_height=\"1.1em\" header_font_size_tablet=\"\" header_font_size_phone=\"30px\" header_font_size_last_edited=\"on|phone\" global_colors_info=\"{}\"]<\/p>\n<h1>mat\u00e9riels d'application<\/h1>\n<p>[\/et_pb_text][et_pb_divider color=\"#ffffff\" divider_weight=\"9px\" divider_weight_tablet=\"\" divider_weight_phone=\"\" divider_weight_last_edited=\"on|phone\" admin_label=\"S\u00e9parateur\" _builder_version=\"4.16\" width=\"15%\" width_tablet=\"\" width_phone=\"15%\" width_last_edited=\"on|phone\" module_alignment=\"left\" custom_margin=\"||0px||false|false\" global_colors_info=\"{}\"][\/et_pb_divider][\/et_pb_column][et_pb_column type=\"1_2\" _builder_version=\"4.16\" global_colors_info=\"{}\"][\/et_pb_column][\/et_pb_row][\/et_pb_section][et_pb_section fb_built=\"1\" _builder_version=\"4.16\" global_colors_info=\"{}\"][et_pb_row _builder_version=\"4.16\" background_enable_color=\"off\" background_image=\"https:\/\/fevdi-nuclear.com\/wp-content\/uploads\/2019\/11\/anneaux.png\" background_size=\"initial\" border_radii=\"on|25px|25px|25px|25px\" global_colors_info=\"{}\"][et_pb_column type=\"4_4\" _builder_version=\"4.16\" global_colors_info=\"{}\"][et_pb_text admin_label=\"paragraphe explicatif\" _builder_version=\"4.16\" text_orientation=\"justified\" custom_padding=\"||||false|true\" global_colors_info=\"{}\"]Les mat\u00e9riels et accessoires pr\u00e9sent\u00e9s sur le site ont \u00e9t\u00e9 con\u00e7us ou s\u00e9lectionn\u00e9s par le bureau d\u2019\u00e9tudes<strong> FEVDI<\/strong>, afin de garantir une <strong>efficacit\u00e9 optimale<\/strong> lors de l\u2019utilisation de ses produits dans leur forme ad\u00e9quate (liquide, mousse ou gel).<\/p>\n<p>Les compatibilit\u00e9s des mat\u00e9riels et accessoires avec les produits <strong>FEVDI<\/strong> sont rep\u00e9r\u00e9es \u00e0 l\u2019aide de symboles<\/p>\n<p>Les <strong>produits inflammables<\/strong> doivent \u00eatre utilis\u00e9s avec des mat\u00e9riels <strong>ATEX<\/strong> non disponibles dans notre gamme. <strong>Ils ne sont donc pas compatibles avec les mat\u00e9riels pr\u00e9sent\u00e9s sur le site.<\/strong><br \/>\n[\/et_pb_text][dpdfg_filtergrid custom_query=\"advanced\" multiple_cpt=\"product\" order=\"ASC\" orderby=\"title\" no_results=\"D\u00e9sol\u00e9, aucun article ne correspond \u00e0 votre recherche.\" show_author=\"off\" show_content=\"on\" multifilter=\"on\" multifilter_relation=\"AND\" multilevel=\"on\" multilevel_tax_data=\"%91{%22name%22:%22pa_attribut-besoins%22,%22label%22:%22%22},{%22name%22:%22pa_attribut-materiel-appli%22,%22label%22:%22%22}%93\" default_filter=\"180\" container_layout=\"dp-dfg-skin-left-vertical-filters\" items_width=\"30%\" overlay_icon_color=\"#d3163b\" show_search=\"on\" search_placeholder=\"Rechercher\" admin_label=\"filtergrid mat\u00e9riel\" _builder_version=\"4.16\" dpdfg_entry_title_level=\"h3\" dpdfg_entry_title_font=\"|700|||||||\" dpdfg_entry_title_text_align=\"center\" dpdfg_entry_title_text_color=\"#004b70\" dpdfg_entry_summary_font=\"||||||||\" dpdfg_filters_text_color=\"#004b70\" dpdfg_filters_active_text_color=\"#d3163b\" dpdfg_levels_labels_text_color=\"#ffffff\" dpdfg_pagination_text_color=\"#004b70\" dpdfg_pagination_active_text_color=\"#d3163b\" background_enable_color=\"off\" background_image=\"https:\/\/fevdi-nuclear.com\/wp-content\/uploads\/2020\/04\/logo-fevdi-new-small.png\" background_size=\"initial\" custom_read_more_button=\"on\" read_more_button_text_size=\"12px\" read_more_button_text_color=\"#d3163b\" read_more_button_border_radius=\"10px\" custom_load_more_button=\"on\" load_more_button_text_color=\"#d3163b\" load_more_button_bg_color=\"#004b70\" width=\"100%\" max_width=\"100%\" module_alignment=\"center\" custom_margin=\"|||||true\" custom_padding=\"5%|5%|5%|5%|true|true\" border_radii=\"on|10px|10px|10px|10px\" border_width_bottom=\"2px\" border_color_bottom=\"#004b70\" box_shadow_style=\"preset3\" global_colors_info=\"{}\"][\/dpdfg_filtergrid][\/et_pb_column][\/et_pb_row][\/et_pb_section][et_pb_section fb_built=\"1\" admin_label=\"footer\" _builder_version=\"4.3.2\" background_color=\"#004b70\" background_image=\"https:\/\/fevdi-nuclear.com\/wp-content\/uploads\/2019\/09\/anneaux-blancs.png\" background_size=\"contain\" background_position=\"center_right\" custom_margin=\"||0px||false|false\" custom_padding=\"38px||20px||false|false\" global_module=\"28050\" saved_tabs=\"all\" collapsed=\"off\" global_colors_info=\"{}\"][et_pb_row column_structure=\"1_3,1_3,1_3\" use_custom_gutter=\"on\" gutter_width=\"2\" make_equal=\"on\" _builder_version=\"4.22.1\" background_color=\"RGBA(0,0,0,0)\" width=\"100%\" custom_margin=\"0px||0px||false|false\" custom_margin_tablet=\"1rem|2rem|2rem|1rem|false|false\" custom_margin_phone=\"\" custom_margin_last_edited=\"on|desktop\" custom_padding=\"0px||0px||false|false\" global_colors_info=\"{}\"][et_pb_column type=\"1_3\" disabled_on=\"off|off|off\" _builder_version=\"4.22.1\" global_colors_info=\"{}\"][et_pb_image src=\"https:\/\/fevdi-nuclear.com\/wp-content\/uploads\/2019\/10\/Fichier-1.png\" _builder_version=\"4.22.1\" width=\"55%\" width_tablet=\"20%\" width_phone=\"30%\" width_last_edited=\"on|phone\" global_colors_info=\"{}\"][\/et_pb_image][et_pb_social_media_follow _builder_version=\"4.22.1\" _module_preset=\"default\" text_orientation=\"left\" global_colors_info=\"{}\"][et_pb_social_media_follow_network social_network=\"linkedin\" url=\"https:\/\/www.linkedin.com\/company\/fevdi\/\" _builder_version=\"4.22.1\" _module_preset=\"default\" background_color=\"#007bb6\" global_colors_info=\"{}\" follow_button=\"off\" url_new_window=\"on\"]linkedin[\/et_pb_social_media_follow_network][et_pb_social_media_follow_network social_network=\"youtube\" url=\"https:\/\/www.youtube.com\/channel\/UCBCRjrJOqpsQksdZiP5Z1fg\" _builder_version=\"4.22.1\" _module_preset=\"default\" background_color=\"#a82400\" global_colors_info=\"{}\" follow_button=\"off\" url_new_window=\"on\"]youtube[\/et_pb_social_media_follow_network][\/et_pb_social_media_follow][\/et_pb_column][et_pb_column type=\"1_3\" _builder_version=\"4.16\" global_colors_info=\"{}\"][et_pb_text _builder_version=\"4.22.1\" text_text_color=\"#ffffff\" custom_margin=\"||||false|false\" custom_padding=\"||0px|||\" global_colors_info=\"{}\"]<\/p>\n<p><span style=\"color: #ffffff\">24 rue Louis Pradel<\/span><br \/><span style=\"color: #ffffff\">BP 365<\/span><br \/><span style=\"color: #ffffff\">69969 CORBAS CEDEX<\/span><br \/><span style=\"color: #ffffff\">France<\/span><\/p>\n<p><span style=\"color: #ffffff\">+33(0)4 78 20 53 35<\/span><br \/><a href=\"mailto:contact@fevdi-nuclear.com\"><span style=\"color: #ffffff\">contact@fevdi-nuclear.com<\/span><\/a><\/p>\n<p>[\/et_pb_text][et_pb_button button_url=\"\/contact\" button_text=\"nous contacter\" _builder_version=\"4.16\" custom_button=\"on\" button_text_size=\"14px\" button_text_color=\"#ffffff\" button_bg_color=\"#189b73\" button_border_width=\"0px\" button_border_color=\"#ffffff\" button_font=\"|||on|||||\" custom_padding=\"1%|7%|1%|7%|false|false\" global_colors_info=\"{}\"][\/et_pb_button][\/et_pb_column][et_pb_column type=\"1_3\" _builder_version=\"4.16\" global_colors_info=\"{}\"][dsm_menu submenu_collapse=\"on\" list_style_type=\"none\" submenu_arrow_color=\"#FFFFFF\" disabled_on=\"on|on|off\" _builder_version=\"4.22.1\" sub_menu_text_color=\"#FFFFFF\" background_color=\"RGBA(0,0,0,0)\" global_colors_info=\"{}\"][\/dsm_menu][\/et_pb_column][\/et_pb_row][\/et_pb_section]<\/p>","protected":false},"excerpt":{"rendered":"<p>mat\u00e9riels d&rsquo;application Les mat\u00e9riels et accessoires pr\u00e9sent\u00e9s sur le site ont \u00e9t\u00e9 con\u00e7us ou s\u00e9lectionn\u00e9s par le bureau d\u2019\u00e9tudes FEVDI, afin de garantir une efficacit\u00e9 optimale lors de l\u2019utilisation de ses produits dans leur forme ad\u00e9quate (liquide, mousse ou gel). Les compatibilit\u00e9s des mat\u00e9riels et accessoires avec les produits FEVDI sont rep\u00e9r\u00e9es \u00e0 l\u2019aide de [&hellip;]<\/p>","protected":false},"author":1,"featured_media":0,"parent":0,"menu_order":0,"comment_status":"closed","ping_status":"closed","template":"","meta":{"_et_pb_use_builder":"on","_et_pb_old_content":"","_et_gb_content_width":"","footnotes":""},"class_list":["post-28810","page","type-page","status-publish","hentry"],"yoast_head":"<!-- This site is optimized with the Yoast SEO plugin v27.3 - https:\/\/yoast.com\/product\/yoast-seo-wordpress\/ -->\n<title>Tous nos mat\u00e9riels d&#039;application - Fevdi Nuclear Expert<\/title>\n<meta name=\"description\" content=\"D\u00e9couvrez nos mat\u00e9riels de pulv\u00e9risations de liquides, mousses et gels. FEVDI est \u00e9galement fabricants de syst\u00e8mes de pulv\u00e9risations.\" \/>\n<meta name=\"robots\" content=\"index, follow, max-snippet:-1, max-image-preview:large, max-video-preview:-1\" \/>\n<link rel=\"canonical\" href=\"https:\/\/fevdi-nuclear.com\/de\/materiels-dapplication\/\" \/>\n<meta property=\"og:locale\" content=\"de_DE\" \/>\n<meta property=\"og:type\" content=\"article\" \/>\n<meta property=\"og:title\" content=\"D\u00e9couvrez Nos Mat\u00e9riels d&#039;Application\" \/>\n<meta property=\"og:description\" content=\"Explorez notre gamme de mat\u00e9riels d&#039;application de haute qualit\u00e9. De l&#039;\u00e9quipement professionnel pour des r\u00e9sultats exceptionnels. Maximisez l&#039;efficacit\u00e9 de votre travail avec nos outils fiables.\" \/>\n<meta property=\"og:url\" content=\"https:\/\/fevdi-nuclear.com\/de\/materiels-dapplication\/\" \/>\n<meta property=\"og:site_name\" content=\"Fevdi Nuclear Expert\" \/>\n<meta property=\"article:modified_time\" content=\"2024-06-19T14:11:46+00:00\" \/>\n<meta property=\"og:image\" content=\"https:\/\/fevdi-nuclear.com\/wp-content\/uploads\/2023\/09\/materiels-dapplication-1.png\" \/>\n\t<meta property=\"og:image:width\" content=\"1200\" \/>\n\t<meta property=\"og:image:height\" content=\"640\" \/>\n\t<meta property=\"og:image:type\" content=\"image\/png\" \/>\n<meta name=\"twitter:card\" content=\"summary_large_image\" \/>\n<meta name=\"twitter:title\" content=\"D\u00e9couvrez Nos Mat\u00e9riels d&#039;Application\" \/>\n<meta name=\"twitter:description\" content=\"Explorez notre gamme de mat\u00e9riels d&#039;application de haute qualit\u00e9. De l&#039;\u00e9quipement professionnel pour des r\u00e9sultats exceptionnels. Maximisez l&#039;efficacit\u00e9 de votre travail avec nos outils fiables.\" \/>\n<meta name=\"twitter:image\" content=\"https:\/\/fevdi-nuclear.com\/wp-content\/uploads\/2023\/09\/materiels-dapplication-1.png\" \/>\n<meta name=\"twitter:label1\" content=\"Gesch\u00e4tzte Lesezeit\" \/>\n\t<meta name=\"twitter:data1\" content=\"5\u00a0Minuten\" \/>\n<script type=\"application\/ld+json\" class=\"yoast-schema-graph\">{\"@context\":\"https:\\\/\\\/schema.org\",\"@graph\":[{\"@type\":\"WebPage\",\"@id\":\"https:\\\/\\\/fevdi-nuclear.com\\\/de\\\/materiels-dapplication\\\/\",\"url\":\"https:\\\/\\\/fevdi-nuclear.com\\\/de\\\/materiels-dapplication\\\/\",\"name\":\"Tous nos mat\u00e9riels d'application - Fevdi Nuclear Expert\",\"isPartOf\":{\"@id\":\"https:\\\/\\\/fevdi-nuclear.com\\\/zh\\\/#website\"},\"datePublished\":\"2019-11-08T06:45:51+00:00\",\"dateModified\":\"2024-06-19T14:11:46+00:00\",\"description\":\"D\u00e9couvrez nos mat\u00e9riels de pulv\u00e9risations de liquides, mousses et gels. FEVDI est \u00e9galement fabricants de syst\u00e8mes de pulv\u00e9risations.\",\"breadcrumb\":{\"@id\":\"https:\\\/\\\/fevdi-nuclear.com\\\/de\\\/materiels-dapplication\\\/#breadcrumb\"},\"inLanguage\":\"de\",\"potentialAction\":[{\"@type\":\"ReadAction\",\"target\":[\"https:\\\/\\\/fevdi-nuclear.com\\\/de\\\/materiels-dapplication\\\/\"]}]},{\"@type\":\"BreadcrumbList\",\"@id\":\"https:\\\/\\\/fevdi-nuclear.com\\\/de\\\/materiels-dapplication\\\/#breadcrumb\",\"itemListElement\":[{\"@type\":\"ListItem\",\"position\":1,\"name\":\"Accueil\",\"item\":\"https:\\\/\\\/fevdi-nuclear.com\\\/\"},{\"@type\":\"ListItem\",\"position\":2,\"name\":\"Mat\u00e9riels d&rsquo;application\"}]},{\"@type\":\"WebSite\",\"@id\":\"https:\\\/\\\/fevdi-nuclear.com\\\/zh\\\/#website\",\"url\":\"https:\\\/\\\/fevdi-nuclear.com\\\/zh\\\/\",\"name\":\"Fevdi Nuclear Expert\",\"description\":\"Expert en d\u00e9contamination nucl\u00e9aire\",\"publisher\":{\"@id\":\"https:\\\/\\\/fevdi-nuclear.com\\\/zh\\\/#organization\"},\"potentialAction\":[{\"@type\":\"SearchAction\",\"target\":{\"@type\":\"EntryPoint\",\"urlTemplate\":\"https:\\\/\\\/fevdi-nuclear.com\\\/zh\\\/?s={search_term_string}\"},\"query-input\":{\"@type\":\"PropertyValueSpecification\",\"valueRequired\":true,\"valueName\":\"search_term_string\"}}],\"inLanguage\":\"de\"},{\"@type\":\"Organization\",\"@id\":\"https:\\\/\\\/fevdi-nuclear.com\\\/zh\\\/#organization\",\"name\":\"Fevdi\",\"url\":\"https:\\\/\\\/fevdi-nuclear.com\\\/zh\\\/\",\"logo\":{\"@type\":\"ImageObject\",\"inLanguage\":\"de\",\"@id\":\"https:\\\/\\\/fevdi-nuclear.com\\\/zh\\\/#\\\/schema\\\/logo\\\/image\\\/\",\"url\":\"https:\\\/\\\/fevdi-nuclear.com\\\/wp-content\\\/uploads\\\/2020\\\/01\\\/FEVDI-logo@512.png\",\"contentUrl\":\"https:\\\/\\\/fevdi-nuclear.com\\\/wp-content\\\/uploads\\\/2020\\\/01\\\/FEVDI-logo@512.png\",\"width\":512,\"height\":512,\"caption\":\"Fevdi\"},\"image\":{\"@id\":\"https:\\\/\\\/fevdi-nuclear.com\\\/zh\\\/#\\\/schema\\\/logo\\\/image\\\/\"}}]}<\/script>\n<!-- \/ Yoast SEO plugin. -->","yoast_head_json":{"title":"Tous nos mat\u00e9riels d'application - Fevdi Nuclear Expert","description":"D\u00e9couvrez nos mat\u00e9riels de pulv\u00e9risations de liquides, mousses et gels. FEVDI est \u00e9galement fabricants de syst\u00e8mes de pulv\u00e9risations.","robots":{"index":"index","follow":"follow","max-snippet":"max-snippet:-1","max-image-preview":"max-image-preview:large","max-video-preview":"max-video-preview:-1"},"canonical":"https:\/\/fevdi-nuclear.com\/de\/materiels-dapplication\/","og_locale":"de_DE","og_type":"article","og_title":"D\u00e9couvrez Nos Mat\u00e9riels d'Application","og_description":"Explorez notre gamme de mat\u00e9riels d'application de haute qualit\u00e9. De l'\u00e9quipement professionnel pour des r\u00e9sultats exceptionnels. Maximisez l'efficacit\u00e9 de votre travail avec nos outils fiables.","og_url":"https:\/\/fevdi-nuclear.com\/de\/materiels-dapplication\/","og_site_name":"Fevdi Nuclear Expert","article_modified_time":"2024-06-19T14:11:46+00:00","og_image":[{"width":1200,"height":640,"url":"https:\/\/fevdi-nuclear.com\/wp-content\/uploads\/2023\/09\/materiels-dapplication-1.png","type":"image\/png"}],"twitter_card":"summary_large_image","twitter_title":"D\u00e9couvrez Nos Mat\u00e9riels d'Application","twitter_description":"Explorez notre gamme de mat\u00e9riels d'application de haute qualit\u00e9. De l'\u00e9quipement professionnel pour des r\u00e9sultats exceptionnels. Maximisez l'efficacit\u00e9 de votre travail avec nos outils fiables.","twitter_image":"https:\/\/fevdi-nuclear.com\/wp-content\/uploads\/2023\/09\/materiels-dapplication-1.png","twitter_misc":{"Gesch\u00e4tzte Lesezeit":"5\u00a0Minuten"},"schema":{"@context":"https:\/\/schema.org","@graph":[{"@type":"WebPage","@id":"https:\/\/fevdi-nuclear.com\/de\/materiels-dapplication\/","url":"https:\/\/fevdi-nuclear.com\/de\/materiels-dapplication\/","name":"Tous nos mat\u00e9riels d'application - Fevdi Nuclear Expert","isPartOf":{"@id":"https:\/\/fevdi-nuclear.com\/zh\/#website"},"datePublished":"2019-11-08T06:45:51+00:00","dateModified":"2024-06-19T14:11:46+00:00","description":"D\u00e9couvrez nos mat\u00e9riels de pulv\u00e9risations de liquides, mousses et gels. FEVDI est \u00e9galement fabricants de syst\u00e8mes de pulv\u00e9risations.","breadcrumb":{"@id":"https:\/\/fevdi-nuclear.com\/de\/materiels-dapplication\/#breadcrumb"},"inLanguage":"de","potentialAction":[{"@type":"ReadAction","target":["https:\/\/fevdi-nuclear.com\/de\/materiels-dapplication\/"]}]},{"@type":"BreadcrumbList","@id":"https:\/\/fevdi-nuclear.com\/de\/materiels-dapplication\/#breadcrumb","itemListElement":[{"@type":"ListItem","position":1,"name":"Accueil","item":"https:\/\/fevdi-nuclear.com\/"},{"@type":"ListItem","position":2,"name":"Mat\u00e9riels d&rsquo;application"}]},{"@type":"WebSite","@id":"https:\/\/fevdi-nuclear.com\/zh\/#website","url":"https:\/\/fevdi-nuclear.com\/zh\/","name":"Fevdi Nuclear Expert","description":"Expert en d\u00e9contamination nucl\u00e9aire","publisher":{"@id":"https:\/\/fevdi-nuclear.com\/zh\/#organization"},"potentialAction":[{"@type":"SearchAction","target":{"@type":"EntryPoint","urlTemplate":"https:\/\/fevdi-nuclear.com\/zh\/?s={search_term_string}"},"query-input":{"@type":"PropertyValueSpecification","valueRequired":true,"valueName":"search_term_string"}}],"inLanguage":"de"},{"@type":"Organization","@id":"https:\/\/fevdi-nuclear.com\/zh\/#organization","name":"Fevdi","url":"https:\/\/fevdi-nuclear.com\/zh\/","logo":{"@type":"ImageObject","inLanguage":"de","@id":"https:\/\/fevdi-nuclear.com\/zh\/#\/schema\/logo\/image\/","url":"https:\/\/fevdi-nuclear.com\/wp-content\/uploads\/2020\/01\/FEVDI-logo@512.png","contentUrl":"https:\/\/fevdi-nuclear.com\/wp-content\/uploads\/2020\/01\/FEVDI-logo@512.png","width":512,"height":512,"caption":"Fevdi"},"image":{"@id":"https:\/\/fevdi-nuclear.com\/zh\/#\/schema\/logo\/image\/"}}]}},"_links":{"self":[{"href":"https:\/\/fevdi-nuclear.com\/de\/wp-json\/wp\/v2\/pages\/28810","targetHints":{"allow":["GET"]}}],"collection":[{"href":"https:\/\/fevdi-nuclear.com\/de\/wp-json\/wp\/v2\/pages"}],"about":[{"href":"https:\/\/fevdi-nuclear.com\/de\/wp-json\/wp\/v2\/types\/page"}],"author":[{"embeddable":true,"href":"https:\/\/fevdi-nuclear.com\/de\/wp-json\/wp\/v2\/users\/1"}],"replies":[{"embeddable":true,"href":"https:\/\/fevdi-nuclear.com\/de\/wp-json\/wp\/v2\/comments?post=28810"}],"version-history":[{"count":2,"href":"https:\/\/fevdi-nuclear.com\/de\/wp-json\/wp\/v2\/pages\/28810\/revisions"}],"predecessor-version":[{"id":36698,"href":"https:\/\/fevdi-nuclear.com\/de\/wp-json\/wp\/v2\/pages\/28810\/revisions\/36698"}],"wp:attachment":[{"href":"https:\/\/fevdi-nuclear.com\/de\/wp-json\/wp\/v2\/media?parent=28810"}],"curies":[{"name":"wp","href":"https:\/\/api.w.org\/{rel}","templated":true}]}}