{"id":28054,"date":"2019-10-04T13:22:10","date_gmt":"2019-10-04T13:22:10","guid":{"rendered":"https:\/\/fevdi-nuclear.com\/panier"},"modified":"2023-09-19T15:33:22","modified_gmt":"2023-09-19T13:33:22","slug":"panier","status":"publish","type":"page","link":"https:\/\/fevdi-nuclear.com\/de\/panier\/","title":{"rendered":"Panier"},"content":{"rendered":"","protected":false},"excerpt":{"rendered":"","protected":false},"author":1,"featured_media":0,"parent":0,"menu_order":0,"comment_status":"closed","ping_status":"closed","template":"","meta":{"_et_pb_use_builder":"","_et_pb_old_content":"","_et_gb_content_width":"","footnotes":""},"class_list":["post-28054","page","type-page","status-publish","hentry"],"yoast_head":"<!-- This site is optimized with the Yoast SEO plugin v27.3 - https:\/\/yoast.com\/product\/yoast-seo-wordpress\/ -->\n<title>Votre Panier - Commander nos produits chez Fevdi Nuclear Expert<\/title>\n<meta name=\"description\" content=\"Consultez votre panier pour voir les articles que vous avez s\u00e9lectionn\u00e9s. Pr\u00e9parez-vous \u00e0 finaliser votre commande en toute simplicit\u00e9.\" \/>\n<meta name=\"robots\" content=\"index, follow, max-snippet:-1, max-image-preview:large, max-video-preview:-1\" \/>\n<link rel=\"canonical\" href=\"https:\/\/fevdi-nuclear.com\/de\/panier\/\" \/>\n<meta property=\"og:locale\" content=\"de_DE\" \/>\n<meta property=\"og:type\" content=\"article\" \/>\n<meta property=\"og:title\" content=\"Votre Panier d&#039;Achat : Pr\u00e9parez-vous \u00e0 Finaliser Votre Commande\" \/>\n<meta property=\"og:description\" content=\"D\u00e9couvrez les produits de d\u00e9contamination nucl\u00e9aire que vous avez s\u00e9lectionn\u00e9s dans votre panier FEVDI. L&#039;efficacit\u00e9 et la s\u00e9curit\u00e9 \u00e0 port\u00e9e de clic. Pr\u00e9parez-vous \u00e0 finaliser votre commande et \u00e0 renforcer la propret\u00e9 dans votre environnement nucl\u00e9aire.\" \/>\n<meta property=\"og:url\" content=\"https:\/\/fevdi-nuclear.com\/de\/panier\/\" \/>\n<meta property=\"og:site_name\" content=\"Fevdi Nuclear Expert\" \/>\n<meta property=\"article:modified_time\" content=\"2023-09-19T13:33:22+00:00\" \/>\n<meta property=\"og:image\" content=\"https:\/\/fevdi-nuclear.com\/wp-content\/uploads\/2023\/09\/logo-2-1.png\" \/>\n\t<meta property=\"og:image:width\" content=\"1200\" \/>\n\t<meta property=\"og:image:height\" content=\"463\" \/>\n\t<meta property=\"og:image:type\" content=\"image\/png\" \/>\n<meta name=\"twitter:card\" content=\"summary_large_image\" \/>\n<meta name=\"twitter:title\" content=\"Votre Panier d&#039;Achat : Pr\u00e9parez-vous \u00e0 Finaliser Votre Commande\" \/>\n<meta name=\"twitter:description\" content=\"D\u00e9couvrez les produits de d\u00e9contamination nucl\u00e9aire que vous avez s\u00e9lectionn\u00e9s dans votre panier FEVDI. L&#039;efficacit\u00e9 et la s\u00e9curit\u00e9 \u00e0 port\u00e9e de clic. Pr\u00e9parez-vous \u00e0 finaliser votre commande et \u00e0 renforcer la propret\u00e9 dans votre environnement nucl\u00e9aire.\" \/>\n<meta name=\"twitter:image\" content=\"https:\/\/fevdi-nuclear.com\/wp-content\/uploads\/2023\/09\/logo-2-1.png\" \/>\n<meta name=\"twitter:label1\" content=\"Gesch\u00e4tzte Lesezeit\" \/>\n\t<meta name=\"twitter:data1\" content=\"1\u00a0Minute\" \/>\n<script type=\"application\/ld+json\" class=\"yoast-schema-graph\">{\"@context\":\"https:\\\/\\\/schema.org\",\"@graph\":[{\"@type\":\"WebPage\",\"@id\":\"https:\\\/\\\/fevdi-nuclear.com\\\/panier\\\/\",\"url\":\"https:\\\/\\\/fevdi-nuclear.com\\\/panier\\\/\",\"name\":\"Votre Panier - Commander nos produits chez Fevdi Nuclear Expert\",\"isPartOf\":{\"@id\":\"https:\\\/\\\/fevdi-nuclear.com\\\/zh\\\/#website\"},\"datePublished\":\"2019-10-04T13:22:10+00:00\",\"dateModified\":\"2023-09-19T13:33:22+00:00\",\"description\":\"Consultez votre panier pour voir les articles que vous avez s\u00e9lectionn\u00e9s. Pr\u00e9parez-vous \u00e0 finaliser votre commande en toute simplicit\u00e9.\",\"breadcrumb\":{\"@id\":\"https:\\\/\\\/fevdi-nuclear.com\\\/panier\\\/#breadcrumb\"},\"inLanguage\":\"de\",\"potentialAction\":[{\"@type\":\"ReadAction\",\"target\":[\"https:\\\/\\\/fevdi-nuclear.com\\\/panier\\\/\"]}]},{\"@type\":\"BreadcrumbList\",\"@id\":\"https:\\\/\\\/fevdi-nuclear.com\\\/panier\\\/#breadcrumb\",\"itemListElement\":[{\"@type\":\"ListItem\",\"position\":1,\"name\":\"Accueil\",\"item\":\"https:\\\/\\\/fevdi-nuclear.com\\\/\"},{\"@type\":\"ListItem\",\"position\":2,\"name\":\"Panier\"}]},{\"@type\":\"WebSite\",\"@id\":\"https:\\\/\\\/fevdi-nuclear.com\\\/zh\\\/#website\",\"url\":\"https:\\\/\\\/fevdi-nuclear.com\\\/zh\\\/\",\"name\":\"Fevdi Nuclear Expert\",\"description\":\"Expert en d\u00e9contamination nucl\u00e9aire\",\"publisher\":{\"@id\":\"https:\\\/\\\/fevdi-nuclear.com\\\/zh\\\/#organization\"},\"potentialAction\":[{\"@type\":\"SearchAction\",\"target\":{\"@type\":\"EntryPoint\",\"urlTemplate\":\"https:\\\/\\\/fevdi-nuclear.com\\\/zh\\\/?s={search_term_string}\"},\"query-input\":{\"@type\":\"PropertyValueSpecification\",\"valueRequired\":true,\"valueName\":\"search_term_string\"}}],\"inLanguage\":\"de\"},{\"@type\":\"Organization\",\"@id\":\"https:\\\/\\\/fevdi-nuclear.com\\\/zh\\\/#organization\",\"name\":\"Fevdi\",\"url\":\"https:\\\/\\\/fevdi-nuclear.com\\\/zh\\\/\",\"logo\":{\"@type\":\"ImageObject\",\"inLanguage\":\"de\",\"@id\":\"https:\\\/\\\/fevdi-nuclear.com\\\/zh\\\/#\\\/schema\\\/logo\\\/image\\\/\",\"url\":\"https:\\\/\\\/fevdi-nuclear.com\\\/wp-content\\\/uploads\\\/2020\\\/01\\\/FEVDI-logo@512.png\",\"contentUrl\":\"https:\\\/\\\/fevdi-nuclear.com\\\/wp-content\\\/uploads\\\/2020\\\/01\\\/FEVDI-logo@512.png\",\"width\":512,\"height\":512,\"caption\":\"Fevdi\"},\"image\":{\"@id\":\"https:\\\/\\\/fevdi-nuclear.com\\\/zh\\\/#\\\/schema\\\/logo\\\/image\\\/\"}}]}<\/script>\n<!-- \/ Yoast SEO plugin. -->","yoast_head_json":{"title":"Votre Panier - Commander nos produits chez Fevdi Nuclear Expert","description":"Consultez votre panier pour voir les articles que vous avez s\u00e9lectionn\u00e9s. Pr\u00e9parez-vous \u00e0 finaliser votre commande en toute simplicit\u00e9.","robots":{"index":"index","follow":"follow","max-snippet":"max-snippet:-1","max-image-preview":"max-image-preview:large","max-video-preview":"max-video-preview:-1"},"canonical":"https:\/\/fevdi-nuclear.com\/de\/panier\/","og_locale":"de_DE","og_type":"article","og_title":"Votre Panier d'Achat : Pr\u00e9parez-vous \u00e0 Finaliser Votre Commande","og_description":"D\u00e9couvrez les produits de d\u00e9contamination nucl\u00e9aire que vous avez s\u00e9lectionn\u00e9s dans votre panier FEVDI. L'efficacit\u00e9 et la s\u00e9curit\u00e9 \u00e0 port\u00e9e de clic. Pr\u00e9parez-vous \u00e0 finaliser votre commande et \u00e0 renforcer la propret\u00e9 dans votre environnement nucl\u00e9aire.","og_url":"https:\/\/fevdi-nuclear.com\/de\/panier\/","og_site_name":"Fevdi Nuclear Expert","article_modified_time":"2023-09-19T13:33:22+00:00","og_image":[{"width":1200,"height":463,"url":"https:\/\/fevdi-nuclear.com\/wp-content\/uploads\/2023\/09\/logo-2-1.png","type":"image\/png"}],"twitter_card":"summary_large_image","twitter_title":"Votre Panier d'Achat : Pr\u00e9parez-vous \u00e0 Finaliser Votre Commande","twitter_description":"D\u00e9couvrez les produits de d\u00e9contamination nucl\u00e9aire que vous avez s\u00e9lectionn\u00e9s dans votre panier FEVDI. L'efficacit\u00e9 et la s\u00e9curit\u00e9 \u00e0 port\u00e9e de clic. Pr\u00e9parez-vous \u00e0 finaliser votre commande et \u00e0 renforcer la propret\u00e9 dans votre environnement nucl\u00e9aire.","twitter_image":"https:\/\/fevdi-nuclear.com\/wp-content\/uploads\/2023\/09\/logo-2-1.png","twitter_misc":{"Gesch\u00e4tzte Lesezeit":"1\u00a0Minute"},"schema":{"@context":"https:\/\/schema.org","@graph":[{"@type":"WebPage","@id":"https:\/\/fevdi-nuclear.com\/panier\/","url":"https:\/\/fevdi-nuclear.com\/panier\/","name":"Votre Panier - Commander nos produits chez Fevdi Nuclear Expert","isPartOf":{"@id":"https:\/\/fevdi-nuclear.com\/zh\/#website"},"datePublished":"2019-10-04T13:22:10+00:00","dateModified":"2023-09-19T13:33:22+00:00","description":"Consultez votre panier pour voir les articles que vous avez s\u00e9lectionn\u00e9s. Pr\u00e9parez-vous \u00e0 finaliser votre commande en toute simplicit\u00e9.","breadcrumb":{"@id":"https:\/\/fevdi-nuclear.com\/panier\/#breadcrumb"},"inLanguage":"de","potentialAction":[{"@type":"ReadAction","target":["https:\/\/fevdi-nuclear.com\/panier\/"]}]},{"@type":"BreadcrumbList","@id":"https:\/\/fevdi-nuclear.com\/panier\/#breadcrumb","itemListElement":[{"@type":"ListItem","position":1,"name":"Accueil","item":"https:\/\/fevdi-nuclear.com\/"},{"@type":"ListItem","position":2,"name":"Panier"}]},{"@type":"WebSite","@id":"https:\/\/fevdi-nuclear.com\/zh\/#website","url":"https:\/\/fevdi-nuclear.com\/zh\/","name":"Fevdi Nuclear Expert","description":"Expert en d\u00e9contamination nucl\u00e9aire","publisher":{"@id":"https:\/\/fevdi-nuclear.com\/zh\/#organization"},"potentialAction":[{"@type":"SearchAction","target":{"@type":"EntryPoint","urlTemplate":"https:\/\/fevdi-nuclear.com\/zh\/?s={search_term_string}"},"query-input":{"@type":"PropertyValueSpecification","valueRequired":true,"valueName":"search_term_string"}}],"inLanguage":"de"},{"@type":"Organization","@id":"https:\/\/fevdi-nuclear.com\/zh\/#organization","name":"Fevdi","url":"https:\/\/fevdi-nuclear.com\/zh\/","logo":{"@type":"ImageObject","inLanguage":"de","@id":"https:\/\/fevdi-nuclear.com\/zh\/#\/schema\/logo\/image\/","url":"https:\/\/fevdi-nuclear.com\/wp-content\/uploads\/2020\/01\/FEVDI-logo@512.png","contentUrl":"https:\/\/fevdi-nuclear.com\/wp-content\/uploads\/2020\/01\/FEVDI-logo@512.png","width":512,"height":512,"caption":"Fevdi"},"image":{"@id":"https:\/\/fevdi-nuclear.com\/zh\/#\/schema\/logo\/image\/"}}]}},"_links":{"self":[{"href":"https:\/\/fevdi-nuclear.com\/de\/wp-json\/wp\/v2\/pages\/28054","targetHints":{"allow":["GET"]}}],"collection":[{"href":"https:\/\/fevdi-nuclear.com\/de\/wp-json\/wp\/v2\/pages"}],"about":[{"href":"https:\/\/fevdi-nuclear.com\/de\/wp-json\/wp\/v2\/types\/page"}],"author":[{"embeddable":true,"href":"https:\/\/fevdi-nuclear.com\/de\/wp-json\/wp\/v2\/users\/1"}],"replies":[{"embeddable":true,"href":"https:\/\/fevdi-nuclear.com\/de\/wp-json\/wp\/v2\/comments?post=28054"}],"version-history":[{"count":1,"href":"https:\/\/fevdi-nuclear.com\/de\/wp-json\/wp\/v2\/pages\/28054\/revisions"}],"predecessor-version":[{"id":36613,"href":"https:\/\/fevdi-nuclear.com\/de\/wp-json\/wp\/v2\/pages\/28054\/revisions\/36613"}],"wp:attachment":[{"href":"https:\/\/fevdi-nuclear.com\/de\/wp-json\/wp\/v2\/media?parent=28054"}],"curies":[{"name":"wp","href":"https:\/\/api.w.org\/{rel}","templated":true}]}}